{"id":3284,"date":"2022-04-04T14:00:30","date_gmt":"2022-04-04T17:00:30","guid":{"rendered":"http:\/\/www.profiautos.com.br\/novosite\/?post_type=product&#038;p=3284"},"modified":"2026-03-28T12:50:09","modified_gmt":"2026-03-28T15:50:09","slug":"chaveiro-profissional-ii-chaves-codificadas-aos-sabados","status":"publish","type":"product","link":"https:\/\/www.profiautos.com.br\/novosite\/produto\/chaveiro-profissional-ii-chaves-codificadas-aos-sabados\/","title":{"rendered":"CHAVEIRO PROFISSIONAL II &#8211; CHAVES CODIFICADAS (AOS S\u00c1BADOS)"},"content":{"rendered":"<p><strong><span style=\"vertical-align: inherit;\"><span style=\"vertical-align: inherit;\">CHAVEIRO PROFISSIONAL II &#8211; CHAVES CODIFICADAS<\/span><\/span><\/strong><\/p>\n<p><strong><span style=\"vertical-align: inherit;\"><span style=\"vertical-align: inherit;\">Objetivo:<\/span><\/span><\/strong><span style=\"vertical-align: inherit;\"><span style=\"vertical-align: inherit;\"> \u00a0O curso de Chaveiro Profissional 2 tem como objetivo o desenvolvimento de compet\u00eancia que permitam a instala\u00e7\u00e3o, diagn\u00f3stico e manuten\u00e7\u00e3o de chaves codificadas automotivas.<\/span><\/span><\/p>\n<p><strong><span style=\"vertical-align: inherit;\"><span style=\"vertical-align: inherit;\">CONTE\u00daDO PROGRAM\u00c1TICO:<\/span><\/span><\/strong><\/p>\n<ul>\n<li><span style=\"vertical-align: inherit;\"><span style=\"vertical-align: inherit;\">C\u00f3pia de chaves automotivas;<\/span><\/span><\/li>\n<li><span style=\"vertical-align: inherit;\"><span style=\"vertical-align: inherit;\">Retirada do cilindro do carro;<\/span><\/span><\/li>\n<li><span style=\"vertical-align: inherit;\"><span style=\"vertical-align: inherit;\">Modelos de chaves de carro;<\/span><\/span><\/li>\n<li><span style=\"vertical-align: inherit;\"><span style=\"vertical-align: inherit;\">Chave pelo cilindro;<\/span><\/span><\/li>\n<li><span style=\"vertical-align: inherit;\"><span style=\"vertical-align: inherit;\">Utiliza\u00e7\u00e3o do transponder;<\/span><\/span><\/li>\n<li><span style=\"vertical-align: inherit;\"><span style=\"vertical-align: inherit;\">Retirada do chips, Modelos de chips e Chips com defeito;<\/span><\/span><\/li>\n<li><span style=\"vertical-align: inherit;\"><span style=\"vertical-align: inherit;\">Troca de carca\u00e7a de chaves, Troca de bot\u00f5es de placa e Limpeza de placa;<\/span><\/span><\/li>\n<li><span style=\"vertical-align: inherit;\"><span style=\"vertical-align: inherit;\">Poss\u00edveis defeitos de chave codificada;<\/span><\/span><\/li>\n<li><span style=\"vertical-align: inherit;\"><span style=\"vertical-align: inherit;\">Conserto de l\u00fapulo;<\/span><\/span><\/li>\n<li><span style=\"vertical-align: inherit;\"><span style=\"vertical-align: inherit;\">Substitui\u00e7\u00e3o de mobilizadores;<\/span><\/span><\/li>\n<li><span style=\"vertical-align: inherit;\"><span style=\"vertical-align: inherit;\">Diagn\u00f3stico de defeito no ve\u00edculo;<\/span><\/span><\/li>\n<li><span style=\"vertical-align: inherit;\"><span style=\"vertical-align: inherit;\">An\u00e1lise de diagrama el\u00e9trico;<\/span><\/span><\/li>\n<li><span style=\"vertical-align: inherit;\"><span style=\"vertical-align: inherit;\">Uso do Scanner no ve\u00edculo.<\/span><\/span><\/li>\n<\/ul>\n<p><strong><span style=\"vertical-align: inherit;\"><span style=\"vertical-align: inherit;\">Dura\u00e7\u00e3o:<\/span><\/span><\/strong><span style=\"vertical-align: inherit;\"><span style=\"vertical-align: inherit;\"> \u00a04 s\u00e1bados (20h\/a);<\/span><\/span><\/p>\n<p><b><span style=\"vertical-align: inherit;\"><span style=\"vertical-align: inherit;\">Per\u00edodo<\/span><\/span><\/b><span style=\"vertical-align: inherit;\"><span style=\"vertical-align: inherit;\"> : 18\/08<\/span><\/span><span style=\"vertical-align: inherit;\"><span style=\"vertical-align: inherit;\">\/25<\/span><\/span><\/p>\n<p><strong><span style=\"vertical-align: inherit;\"><span style=\"vertical-align: inherit;\">Hor\u00e1rio das aulas:<\/span><\/span><\/strong><span style=\"vertical-align: inherit;\"><span style=\"vertical-align: inherit;\"> \u00a0S\u00e1bados (08h00 \u00e0s 13h00);<\/span><\/span><\/p>\n<p><strong><span style=\"vertical-align: inherit;\"><span style=\"vertical-align: inherit;\">Inclui:<\/span><\/span><\/strong><span style=\"vertical-align: inherit;\"><span style=\"vertical-align: inherit;\"> \u00a0Material did\u00e1tico e Certificado de conclus\u00e3o;<\/span><\/span><\/p>\n<p><strong><span style=\"vertical-align: inherit;\"><span style=\"vertical-align: inherit;\">Formas de Pagamento:<\/span><\/span><\/strong><span style=\"vertical-align: inherit;\"><span style=\"vertical-align: inherit;\"> \u00c0 vista ou em at\u00e9 3x sem juros no Cart\u00e3o de Cr\u00e9dito.<\/span><\/span><\/p>\n","protected":false},"excerpt":{"rendered":"<p>CHAVEIRO PROFISSIONAL II &#8211; CHAVES CODIFICADAS Objetivo: \u00a0O curso de Chaveiro Profissional 2 tem como objetivo o desenvolvimento de compet\u00eancia que permitam a instala\u00e7\u00e3o, diagn\u00f3stico e manuten\u00e7\u00e3o de chaves codificadas automotivas. CONTE\u00daDO PROGRAM\u00c1TICO: C\u00f3pia de chaves automotivas; Retirada do cilindro do carro; Modelos de chaves de carro; Chave pelo cilindro; Utiliza\u00e7\u00e3o do transponder; Retirada do [&hellip;]<\/p>\n","protected":false},"featured_media":3716,"template":"","meta":{"_exactmetrics_skip_tracking":false,"_exactmetrics_sitenote_active":false,"_exactmetrics_sitenote_note":"","_exactmetrics_sitenote_category":0},"product_cat":[67],"product_tag":[],"class_list":{"0":"post-3284","1":"product","2":"type-product","3":"status-publish","4":"has-post-thumbnail","6":"product_cat-sem-categoria","8":"first","9":"instock","10":"taxable","11":"shipping-taxable","12":"purchasable","13":"product-type-simple"},"_links":{"self":[{"href":"https:\/\/www.profiautos.com.br\/novosite\/wp-json\/wp\/v2\/product\/3284"}],"collection":[{"href":"https:\/\/www.profiautos.com.br\/novosite\/wp-json\/wp\/v2\/product"}],"about":[{"href":"https:\/\/www.profiautos.com.br\/novosite\/wp-json\/wp\/v2\/types\/product"}],"wp:featuredmedia":[{"embeddable":true,"href":"https:\/\/www.profiautos.com.br\/novosite\/wp-json\/wp\/v2\/media\/3716"}],"wp:attachment":[{"href":"https:\/\/www.profiautos.com.br\/novosite\/wp-json\/wp\/v2\/media?parent=3284"}],"wp:term":[{"taxonomy":"product_cat","embeddable":true,"href":"https:\/\/www.profiautos.com.br\/novosite\/wp-json\/wp\/v2\/product_cat?post=3284"},{"taxonomy":"product_tag","embeddable":true,"href":"https:\/\/www.profiautos.com.br\/novosite\/wp-json\/wp\/v2\/product_tag?post=3284"}],"curies":[{"name":"wp","href":"https:\/\/api.w.org\/{rel}","templated":true}]}}