{"id":3272,"date":"2020-12-17T10:56:03","date_gmt":"2020-12-17T13:56:03","guid":{"rendered":"http:\/\/www.profiautos.com.br\/novosite\/?post_type=product&#038;p=3272"},"modified":"2024-03-26T18:10:57","modified_gmt":"2024-03-26T21:10:57","slug":"osciloscopio-automotivo","status":"publish","type":"product","link":"https:\/\/www.profiautos.com.br\/novosite\/produto\/osciloscopio-automotivo\/","title":{"rendered":"OSCILOSC\u00d3PIO AUTOMOTIVO"},"content":{"rendered":"<p><strong>Objetivo:<\/strong> Formar profissionais para realizarem diagn\u00f3stico precisos nos\u00a0sistemas eletroeletr\u00f4nicos\u00a0automotivos\u00a0com\u00a0oscilosc\u00f3pio.<\/p>\n<p><strong>Requisito:<\/strong> Conhecimento de El\u00e9trica e Inje\u00e7\u00e3o.<\/p>\n<p><strong>CONTE\u00daDO PROGRAM\u00c1TICO<\/strong><\/p>\n<p><strong>\u00a0Conte\u00fado Te\u00f3rico<\/strong><\/p>\n<ul>\n<li>Grandezas El\u00e9tricas ( Tens\u00e3o, Corrente, Frequ\u00eancia e Sinal PWM).<\/li>\n<li>Ajuste de Tempo<\/li>\n<li>Ajuste de Tens\u00e3o<\/li>\n<li>Ajuste de Trigger<\/li>\n<li>Inversor<\/li>\n<li>Cursores<\/li>\n<li>Atenuador<\/li>\n<li>Ponta de Prova Atenuada<\/li>\n<li>Pin\u00e7a Amperimetrica<\/li>\n<\/ul>\n<p><strong>Conte\u00fado Pr\u00e1tico<\/strong><\/p>\n<ul>\n<li>An\u00e1lise de Corrente Cont\u00ednua Pura (Tens\u00e3o da Bateria, Tens\u00e3o de Alimenta\u00e7\u00e3o de Sensores).<\/li>\n<li>An\u00e1lise de Corrente Alternada(Sensor de Rota\u00e7\u00e3o Indutivo, Sensor de Detona\u00e7\u00e3o)<\/li>\n<li>An\u00e1lise de Sinais de Onda Quadrada(Sensor MAF Digital , Sensor Hall e Magneto Resistivo)<\/li>\n<li>An\u00e1lise de Sensor de Rota\u00e7\u00e3o Hall<\/li>\n<li>An\u00e1lise de Sinais de Sensores Anal\u00f3gicos (Sensor MAP, Potenci\u00f4metros, Sonda Lambda, etc.).<\/li>\n<li>An\u00e1lise de Sinais das Eletrov\u00e1lvulas (bico Injetor, V\u00e1lvula do Canister, etc.)<\/li>\n<li>Prim\u00e1rio de Igni\u00e7\u00e3o Digital<\/li>\n<li>Secund\u00e1rio de Igni\u00e7\u00e3o(Com Distribuidor, Est\u00e1tico e COP).<\/li>\n<li>Sinal PWM(Aquec, Sonda Lambda, V\u00e1lvula MProp, TBI, VVT, etc.)<\/li>\n<li>Sincronismo Virtual do Motor<\/li>\n<li>Compress\u00e3o Relativa<\/li>\n<li>Introdu\u00e7\u00e3o ao Diagn\u00f3stico com Transdutores<\/li>\n<\/ul>\n<p><strong>Carga Hor\u00e1ria:<\/strong>\u00a0 17 Horas<\/p>\n<p><strong>Data: 08<\/strong>\/04\/2023(Previs\u00e3o)<\/p>\n<p><strong>Incluso:<\/strong> Material did\u00e1tico e certificado de participa\u00e7\u00e3o.<\/p>\n<p><strong>Formas de Pagamento:<\/strong> \u00c1 Vista ou no cart\u00e3o em at\u00e9 4 x sem juros.<\/p>\n<p>&nbsp;<\/p>\n","protected":false},"excerpt":{"rendered":"<p>Objetivo: Formar profissionais para realizarem diagn\u00f3stico precisos nos\u00a0sistemas eletroeletr\u00f4nicos\u00a0automotivos\u00a0com\u00a0oscilosc\u00f3pio. Requisito: Conhecimento de El\u00e9trica e Inje\u00e7\u00e3o. CONTE\u00daDO PROGRAM\u00c1TICO \u00a0Conte\u00fado Te\u00f3rico Grandezas El\u00e9tricas ( Tens\u00e3o, Corrente, Frequ\u00eancia e Sinal PWM). Ajuste de Tempo Ajuste de Tens\u00e3o Ajuste de Trigger Inversor Cursores Atenuador Ponta de Prova Atenuada Pin\u00e7a Amperimetrica Conte\u00fado Pr\u00e1tico An\u00e1lise de Corrente Cont\u00ednua Pura (Tens\u00e3o da [&hellip;]<\/p>\n","protected":false},"featured_media":3273,"template":"","meta":{"_exactmetrics_skip_tracking":false,"_exactmetrics_sitenote_active":false,"_exactmetrics_sitenote_note":"","_exactmetrics_sitenote_category":0},"product_cat":[67],"product_tag":[],"class_list":{"0":"post-3272","1":"product","2":"type-product","3":"status-publish","4":"has-post-thumbnail","6":"product_cat-sem-categoria","8":"first","9":"instock","10":"taxable","11":"shipping-taxable","12":"purchasable","13":"product-type-simple"},"_links":{"self":[{"href":"https:\/\/www.profiautos.com.br\/novosite\/wp-json\/wp\/v2\/product\/3272"}],"collection":[{"href":"https:\/\/www.profiautos.com.br\/novosite\/wp-json\/wp\/v2\/product"}],"about":[{"href":"https:\/\/www.profiautos.com.br\/novosite\/wp-json\/wp\/v2\/types\/product"}],"wp:featuredmedia":[{"embeddable":true,"href":"https:\/\/www.profiautos.com.br\/novosite\/wp-json\/wp\/v2\/media\/3273"}],"wp:attachment":[{"href":"https:\/\/www.profiautos.com.br\/novosite\/wp-json\/wp\/v2\/media?parent=3272"}],"wp:term":[{"taxonomy":"product_cat","embeddable":true,"href":"https:\/\/www.profiautos.com.br\/novosite\/wp-json\/wp\/v2\/product_cat?post=3272"},{"taxonomy":"product_tag","embeddable":true,"href":"https:\/\/www.profiautos.com.br\/novosite\/wp-json\/wp\/v2\/product_tag?post=3272"}],"curies":[{"name":"wp","href":"https:\/\/api.w.org\/{rel}","templated":true}]}}