{"id":3255,"date":"2022-04-04T14:00:55","date_gmt":"2022-04-04T17:00:55","guid":{"rendered":"http:\/\/www.profiautos.com.br\/novosite\/?post_type=product&#038;p=3255"},"modified":"2026-04-01T13:43:09","modified_gmt":"2026-04-01T16:43:09","slug":"injecao-eletronica-para-motos-sabados","status":"publish","type":"product","link":"https:\/\/www.profiautos.com.br\/novosite\/produto\/injecao-eletronica-para-motos-sabados\/","title":{"rendered":"INJE\u00c7\u00c3O ELETR\u00d4NICA PARA MOTOS &#8211; S\u00c1BADOS"},"content":{"rendered":"<p class=\"western\" align=\"justify\"><b>INJE\u00c7\u00c3O ELETR\u00d4NICA PARA MOTOS &#8211; S\u00c1BADOS<\/b><\/p>\n<p class=\"western\" align=\"justify\"><b>Objetivo:\u00a0<\/b>Formar profissionais para atuarem no segmento de repara\u00e7\u00e3o de motocicleta, realizando diagn\u00f3stico e reparos.<\/p>\n<p class=\"western\" align=\"justify\"><b>Conte\u00fado Program\u00e1tico:<\/b><\/p>\n<ul>\n<li>Apresenta\u00e7\u00e3o do sistema;<\/li>\n<li>Eletricidade e eletr\u00f4nica b\u00e1sica;<\/li>\n<li>Mult\u00edmetro e suas fun\u00e7\u00f5es;<\/li>\n<li>Leitura e interpreta\u00e7\u00e3o de diagrama el\u00e9trico;<\/li>\n<li>Pr\u00e1tica com circuitos el\u00e9tricos e pe\u00e7as avulsas;<\/li>\n<li>Testes de componentes;<\/li>\n<li>Teste an\u00e1lise da bomba;<\/li>\n<li>Uso da m\u00e1quina de bico;<\/li>\n<li>Princ\u00edpio de funcionamento da inje\u00e7\u00e3o eletr\u00f4nica;<\/li>\n<li>Teste em sensores e atuadores;<\/li>\n<li>Diagn\u00f3stico por scanner Motodiag;<\/li>\n<li>Sistema de inje\u00e7\u00e3o espec\u00edfica.<\/li>\n<\/ul>\n<p><b>Dura\u00e7\u00e3o:\u00a0<\/b>2\u00a0s\u00e1bados (10 h\/a);<\/p>\n<p><b>Per\u00edodo:<\/b> 10\/01\/2026<\/p>\n<p class=\"western\" align=\"justify\"><b>Hor\u00e1rio das aulas: <\/b>S\u00e1bados (08:00 \u00e0s 13:00);<\/p>\n<p class=\"western\" align=\"justify\"><b>Incluso:<\/b>\u00a0Material Did\u00e1tico e Certificado de Participa\u00e7\u00e3o.<\/p>\n<p align=\"justify\"><strong>Forma de Pagamento:<\/strong>\u00a0R$ 600,00 A vista ou em at\u00e9 3x sem juros no cart\u00e3o de cr\u00e9dito.<\/p>\n","protected":false},"excerpt":{"rendered":"<p>INJE\u00c7\u00c3O ELETR\u00d4NICA PARA MOTOS &#8211; S\u00c1BADOS Objetivo:\u00a0Formar profissionais para atuarem no segmento de repara\u00e7\u00e3o de motocicleta, realizando diagn\u00f3stico e reparos. Conte\u00fado Program\u00e1tico: Apresenta\u00e7\u00e3o do sistema; Eletricidade e eletr\u00f4nica b\u00e1sica; Mult\u00edmetro e suas fun\u00e7\u00f5es; Leitura e interpreta\u00e7\u00e3o de diagrama el\u00e9trico; Pr\u00e1tica com circuitos el\u00e9tricos e pe\u00e7as avulsas; Testes de componentes; Teste an\u00e1lise da bomba; Uso da [&hellip;]<\/p>\n","protected":false},"featured_media":3713,"template":"","meta":{"_exactmetrics_skip_tracking":false,"_exactmetrics_sitenote_active":false,"_exactmetrics_sitenote_note":"","_exactmetrics_sitenote_category":0},"product_cat":[67],"product_tag":[],"class_list":{"0":"post-3255","1":"product","2":"type-product","3":"status-publish","4":"has-post-thumbnail","6":"product_cat-sem-categoria","8":"first","9":"instock","10":"taxable","11":"shipping-taxable","12":"purchasable","13":"product-type-simple"},"_links":{"self":[{"href":"https:\/\/www.profiautos.com.br\/novosite\/wp-json\/wp\/v2\/product\/3255"}],"collection":[{"href":"https:\/\/www.profiautos.com.br\/novosite\/wp-json\/wp\/v2\/product"}],"about":[{"href":"https:\/\/www.profiautos.com.br\/novosite\/wp-json\/wp\/v2\/types\/product"}],"wp:featuredmedia":[{"embeddable":true,"href":"https:\/\/www.profiautos.com.br\/novosite\/wp-json\/wp\/v2\/media\/3713"}],"wp:attachment":[{"href":"https:\/\/www.profiautos.com.br\/novosite\/wp-json\/wp\/v2\/media?parent=3255"}],"wp:term":[{"taxonomy":"product_cat","embeddable":true,"href":"https:\/\/www.profiautos.com.br\/novosite\/wp-json\/wp\/v2\/product_cat?post=3255"},{"taxonomy":"product_tag","embeddable":true,"href":"https:\/\/www.profiautos.com.br\/novosite\/wp-json\/wp\/v2\/product_tag?post=3255"}],"curies":[{"name":"wp","href":"https:\/\/api.w.org\/{rel}","templated":true}]}}