{"id":3245,"date":"2020-11-05T10:47:33","date_gmt":"2020-11-05T13:47:33","guid":{"rendered":"http:\/\/www.profiautos.com.br\/novosite\/?post_type=product&#038;p=3245"},"modified":"2021-04-05T14:28:44","modified_gmt":"2021-04-05T17:28:44","slug":"afogadinhos-e-caseirinhos-sabado","status":"publish","type":"product","link":"https:\/\/www.profiautos.com.br\/novosite\/produto\/afogadinhos-e-caseirinhos-sabado\/","title":{"rendered":"AFOGADINHOS E CASEIRINHOS &#8211; S\u00c1BADO"},"content":{"rendered":"<p><em>Objetivo: Capacitar amadores ou profissionais na \u00e1rea da confeitaria podendo atuar como microempreendedor individual ou prestar servi\u00e7o a empresas no ramo.<\/em><\/p>\n<p>Conte\u00fado:<\/p>\n<p>&#8211; Massa fofinha do bolo caseiro<br \/>\n&#8211; Ponto do brigadeiro pra escorrer<br \/>\n&#8211; Ponto do brigadeiro pra utiliza\u00e7\u00e3o no bico<br \/>\n&#8211; Decora\u00e7\u00e3o dos bolos caseiros com o bico<br \/>\n&#8211; Finaliza\u00e7\u00e3o dos produtos<\/p>\n<p><strong>Dura\u00e7\u00e3o:<\/strong> 1 s\u00e1bado (04 h\/a)<\/p>\n<p><strong>Per\u00edodo:<\/strong> Em breve.<\/p>\n<p><strong>Hor\u00e1rio:<\/strong> 08:00h as 12:00h<\/p>\n<p><strong>Incluso:<\/strong> Certificado de qualifica\u00e7\u00e3o.<\/p>\n<p><strong>Formas de pagamento: <\/strong>a vista ou cart\u00e3o de cr\u00e9dito 3x sem juros.<\/p>\n","protected":false},"excerpt":{"rendered":"<p>Objetivo: Capacitar amadores ou profissionais na \u00e1rea da confeitaria podendo atuar como microempreendedor individual ou prestar servi\u00e7o a empresas no ramo. Conte\u00fado: &#8211; Massa fofinha do bolo caseiro &#8211; Ponto do brigadeiro pra escorrer &#8211; Ponto do brigadeiro pra utiliza\u00e7\u00e3o no bico &#8211; Decora\u00e7\u00e3o dos bolos caseiros com o bico &#8211; Finaliza\u00e7\u00e3o dos produtos Dura\u00e7\u00e3o: [&hellip;]<\/p>\n","protected":false},"featured_media":3247,"template":"","meta":{"_exactmetrics_skip_tracking":false,"_exactmetrics_sitenote_active":false,"_exactmetrics_sitenote_note":"","_exactmetrics_sitenote_category":0},"product_cat":[9],"product_tag":[],"class_list":{"0":"post-3245","1":"product","2":"type-product","3":"status-publish","4":"has-post-thumbnail","6":"product_cat-cursos-de-gastronomia","8":"first","9":"instock","10":"taxable","11":"shipping-taxable","12":"purchasable","13":"product-type-simple"},"_links":{"self":[{"href":"https:\/\/www.profiautos.com.br\/novosite\/wp-json\/wp\/v2\/product\/3245"}],"collection":[{"href":"https:\/\/www.profiautos.com.br\/novosite\/wp-json\/wp\/v2\/product"}],"about":[{"href":"https:\/\/www.profiautos.com.br\/novosite\/wp-json\/wp\/v2\/types\/product"}],"wp:featuredmedia":[{"embeddable":true,"href":"https:\/\/www.profiautos.com.br\/novosite\/wp-json\/wp\/v2\/media\/3247"}],"wp:attachment":[{"href":"https:\/\/www.profiautos.com.br\/novosite\/wp-json\/wp\/v2\/media?parent=3245"}],"wp:term":[{"taxonomy":"product_cat","embeddable":true,"href":"https:\/\/www.profiautos.com.br\/novosite\/wp-json\/wp\/v2\/product_cat?post=3245"},{"taxonomy":"product_tag","embeddable":true,"href":"https:\/\/www.profiautos.com.br\/novosite\/wp-json\/wp\/v2\/product_tag?post=3245"}],"curies":[{"name":"wp","href":"https:\/\/api.w.org\/{rel}","templated":true}]}}