{"id":323,"date":"2022-04-04T12:00:56","date_gmt":"2022-04-04T15:00:56","guid":{"rendered":"http:\/\/www.profiautos.com.br\/novosite\/produto\/injecao-para-motos\/"},"modified":"2026-03-28T13:08:19","modified_gmt":"2026-03-28T16:08:19","slug":"mecanica-para-motos","status":"publish","type":"product","link":"https:\/\/www.profiautos.com.br\/novosite\/produto\/mecanica-para-motos\/","title":{"rendered":"MEC\u00c2NICA PARA MOTOS"},"content":{"rendered":"<p class=\"western\" align=\"justify\"><b>MEC\u00c2NICA PARA MOTOS<\/b><\/p>\n<p class=\"western\" align=\"justify\"><b>Objetivo:\u00a0<\/b>Formar profissionais para atuarem no segmento de repara\u00e7\u00e3o de motocicleta, realizando diagn\u00f3stico e reparos.<\/p>\n<p class=\"western\" align=\"justify\"><b>Conte\u00fado Program\u00e1tico:<\/b><\/p>\n<ul>\n<li>Sistema de suspens\u00e3o;<\/li>\n<li>Sistema de freio;<\/li>\n<li>Sistema de transmiss\u00e3o;<\/li>\n<li>Sistema de alimenta\u00e7\u00e3o;<\/li>\n<li>Sistema de lubrifica\u00e7\u00e3o;<\/li>\n<li>No\u00e7\u00f5es de el\u00e9trica;<\/li>\n<li>Motor a combust\u00e3o interna, comando de v\u00e1lvulas e regulagens em motores 125cc e 150cc.<\/li>\n<\/ul>\n<p><b>Dura\u00e7\u00e3o: <\/b>4 semanas (40 hrs);<\/p>\n<p class=\"western\" align=\"justify\"><b>Hor\u00e1rio das aulas:<\/b>\u00a0Segunda-feira \u00e0 Quinta-feira\u00a0(19:00 \u00e1s 21:30);<\/p>\n<p class=\"western\" align=\"justify\"><strong>Per\u00edodo: <\/strong>19\/01\/2026 (Previs\u00e3o);<\/p>\n<p class=\"western\" align=\"justify\"><b>Incluso:<\/b> Material Did\u00e1tico e Certificado de Participa\u00e7\u00e3o;<\/p>\n<p class=\"western\" align=\"justify\"><b>Formas de Pagamento:<\/b> A vista ou at\u00e9 3x sem juros no Cart\u00e3o de Cr\u00e9dito.<\/p>\n","protected":false},"excerpt":{"rendered":"<p>MEC\u00c2NICA PARA MOTOS Objetivo:\u00a0Formar profissionais para atuarem no segmento de repara\u00e7\u00e3o de motocicleta, realizando diagn\u00f3stico e reparos. Conte\u00fado Program\u00e1tico: Sistema de suspens\u00e3o; Sistema de freio; Sistema de transmiss\u00e3o; Sistema de alimenta\u00e7\u00e3o; Sistema de lubrifica\u00e7\u00e3o; No\u00e7\u00f5es de el\u00e9trica; Motor a combust\u00e3o interna, comando de v\u00e1lvulas e regulagens em motores 125cc e 150cc. Dura\u00e7\u00e3o: 4 semanas (40 [&hellip;]<\/p>\n","protected":false},"featured_media":3978,"template":"","meta":{"_exactmetrics_skip_tracking":false,"_exactmetrics_sitenote_active":false,"_exactmetrics_sitenote_note":"","_exactmetrics_sitenote_category":0},"product_cat":[14,10],"product_tag":[],"class_list":{"0":"post-323","1":"product","2":"type-product","3":"status-publish","4":"has-post-thumbnail","6":"product_cat-cursos-com-matriculas-abertas","7":"product_cat-cursos-de-motocicletas","9":"first","10":"instock","11":"purchasable","12":"product-type-simple"},"_links":{"self":[{"href":"https:\/\/www.profiautos.com.br\/novosite\/wp-json\/wp\/v2\/product\/323"}],"collection":[{"href":"https:\/\/www.profiautos.com.br\/novosite\/wp-json\/wp\/v2\/product"}],"about":[{"href":"https:\/\/www.profiautos.com.br\/novosite\/wp-json\/wp\/v2\/types\/product"}],"wp:featuredmedia":[{"embeddable":true,"href":"https:\/\/www.profiautos.com.br\/novosite\/wp-json\/wp\/v2\/media\/3978"}],"wp:attachment":[{"href":"https:\/\/www.profiautos.com.br\/novosite\/wp-json\/wp\/v2\/media?parent=323"}],"wp:term":[{"taxonomy":"product_cat","embeddable":true,"href":"https:\/\/www.profiautos.com.br\/novosite\/wp-json\/wp\/v2\/product_cat?post=323"},{"taxonomy":"product_tag","embeddable":true,"href":"https:\/\/www.profiautos.com.br\/novosite\/wp-json\/wp\/v2\/product_tag?post=323"}],"curies":[{"name":"wp","href":"https:\/\/api.w.org\/{rel}","templated":true}]}}