{"id":3227,"date":"2020-10-14T16:57:07","date_gmt":"2020-10-14T19:57:07","guid":{"rendered":"http:\/\/www.profiautos.com.br\/novosite\/?post_type=product&#038;p=3227"},"modified":"2021-08-25T08:43:45","modified_gmt":"2021-08-25T11:43:45","slug":"pintura-e-restauracao-de-pecas-plasticas","status":"publish","type":"product","link":"https:\/\/www.profiautos.com.br\/novosite\/produto\/pintura-e-restauracao-de-pecas-plasticas\/","title":{"rendered":"PINTURA E RESTAURA\u00c7\u00c3O DE PE\u00c7AS PL\u00c1STICAS &#8211; S\u00c1BADOS"},"content":{"rendered":"<p class=\"western\" align=\"justify\"><b>Objetivo:\u00a0<\/b>Qualificar profissionais para executarem servi\u00e7os repara\u00e7\u00e3o em pe\u00e7as pl\u00e1sticas para motos ou carros<\/p>\n<p class=\"western\" align=\"justify\"><b>Conte\u00fado Program\u00e1tico:<\/b><\/p>\n<ul>\n<li class=\"western\">Pintura em pe\u00e7as pl\u00e1stica de carros \u00e9 motos;<\/li>\n<li>Restaura\u00e7\u00e3o de pe\u00e7as pl\u00e1sticas com o uso da PARAFIX em para choques;<\/li>\n<li>Aplica\u00e7\u00e3o de promotores de ader\u00eancia;<\/li>\n<li>Aplica\u00e7\u00e3o de Primer e Pasta de Soldagem Pl\u00e1stica;<\/li>\n<li>T\u00e9cnicas de Emassamento e Lixamento;<\/li>\n<li>T\u00e9cnicas de lavagem dos pl\u00e1sticos;<\/li>\n<\/ul>\n<p><b>Dura\u00e7\u00e3o:<\/b>\u00a02 S\u00e1bados (10 horas)<\/p>\n<p class=\"western\" align=\"justify\"><b>Hor\u00e1rio das aulas:<\/b>\u00a008:00 \u00e0s 13:00 horas<\/p>\n<p class=\"western\" align=\"justify\"><strong>Data:<\/strong>\u00a0EM BREVE<\/p>\n<p class=\"western\" align=\"justify\"><b>Incluso:<\/b>\u00a0 Certificado de Participa\u00e7\u00e3o.<\/p>\n<p class=\"western\" align=\"justify\"><b>Formas de Pagamento:<\/b>\u00a0A Vista ou At\u00e9 3x sem juros\u00a0no Cart\u00e3o de Cr\u00e9dito.<\/p>\n","protected":false},"excerpt":{"rendered":"<p>Objetivo:\u00a0Qualificar profissionais para executarem servi\u00e7os repara\u00e7\u00e3o em pe\u00e7as pl\u00e1sticas para motos ou carros Conte\u00fado Program\u00e1tico: Pintura em pe\u00e7as pl\u00e1stica de carros \u00e9 motos; Restaura\u00e7\u00e3o de pe\u00e7as pl\u00e1sticas com o uso da PARAFIX em para choques; Aplica\u00e7\u00e3o de promotores de ader\u00eancia; Aplica\u00e7\u00e3o de Primer e Pasta de Soldagem Pl\u00e1stica; T\u00e9cnicas de Emassamento e Lixamento; T\u00e9cnicas de [&hellip;]<\/p>\n","protected":false},"featured_media":3351,"template":"","meta":{"_exactmetrics_skip_tracking":false,"_exactmetrics_sitenote_active":false,"_exactmetrics_sitenote_note":"","_exactmetrics_sitenote_category":0},"product_cat":[8,14,10],"product_tag":[],"class_list":{"0":"post-3227","1":"product","2":"type-product","3":"status-publish","4":"has-post-thumbnail","6":"product_cat-cursos-automotivos","7":"product_cat-cursos-com-matriculas-abertas","8":"product_cat-cursos-de-motocicletas","10":"first","11":"instock","12":"taxable","13":"shipping-taxable","14":"purchasable","15":"product-type-simple"},"_links":{"self":[{"href":"https:\/\/www.profiautos.com.br\/novosite\/wp-json\/wp\/v2\/product\/3227"}],"collection":[{"href":"https:\/\/www.profiautos.com.br\/novosite\/wp-json\/wp\/v2\/product"}],"about":[{"href":"https:\/\/www.profiautos.com.br\/novosite\/wp-json\/wp\/v2\/types\/product"}],"wp:featuredmedia":[{"embeddable":true,"href":"https:\/\/www.profiautos.com.br\/novosite\/wp-json\/wp\/v2\/media\/3351"}],"wp:attachment":[{"href":"https:\/\/www.profiautos.com.br\/novosite\/wp-json\/wp\/v2\/media?parent=3227"}],"wp:term":[{"taxonomy":"product_cat","embeddable":true,"href":"https:\/\/www.profiautos.com.br\/novosite\/wp-json\/wp\/v2\/product_cat?post=3227"},{"taxonomy":"product_tag","embeddable":true,"href":"https:\/\/www.profiautos.com.br\/novosite\/wp-json\/wp\/v2\/product_tag?post=3227"}],"curies":[{"name":"wp","href":"https:\/\/api.w.org\/{rel}","templated":true}]}}