{"id":3221,"date":"2020-10-07T17:08:21","date_gmt":"2020-10-07T20:08:21","guid":{"rendered":"http:\/\/www.profiautos.com.br\/novosite\/?post_type=product&#038;p=3221"},"modified":"2021-08-23T13:52:41","modified_gmt":"2021-08-23T16:52:41","slug":"chantininho-espatulado-com-textura","status":"publish","type":"product","link":"https:\/\/www.profiautos.com.br\/novosite\/produto\/chantininho-espatulado-com-textura\/","title":{"rendered":"CHANTININHO ESPATULADO COM TEXTURA &#8211; S\u00c1BADO"},"content":{"rendered":"<p><em>Objetivo: Capacitar amadores ou profissionais na \u00e1rea de confeitaria podendo atuar como microempreendedor individual ou prestar servi\u00e7o a empresas no ramo.<\/em><\/p>\n<p>Conte\u00fado Chantininho:<\/p>\n<p>1 . Prepara\u00e7\u00e3o de massas estruturadas para bolo de 15cm<br \/>\n2. Prepara\u00e7\u00e3o de recheios, com base firme para bolos de altura e de andares<br \/>\n3. Montagem e prensagem do bolo<br \/>\n4. Prepara\u00e7\u00e3o do chantininho, ponto, saboriza\u00e7\u00e3o, utiliza\u00e7\u00e3o de corantes pra decora\u00e7\u00e3o<br \/>\n5. Cobertura do bolo, alisamento com esp\u00e1tulas de altura, marca\u00e7\u00e3o com esp\u00e1tula texturizada<br \/>\n6. Utiliza\u00e7\u00e3o de bombinha para decora\u00e7\u00e3o<br \/>\n7. Op\u00e7\u00f5es de decora\u00e7\u00f5es com placas, bal\u00f5es e demais topos.<\/p>\n<p><strong>Per\u00edodo<\/strong>: Em forma\u00e7\u00e3o.<\/p>\n<p><strong>Hor\u00e1rio:<\/strong> 08:30h as 15:30h.<\/p>\n<p><strong>Incluso:<\/strong> Certificado de participa\u00e7\u00e3o.<\/p>\n","protected":false},"excerpt":{"rendered":"<p>Objetivo: Capacitar amadores ou profissionais na \u00e1rea de confeitaria podendo atuar como microempreendedor individual ou prestar servi\u00e7o a empresas no ramo. Conte\u00fado Chantininho: 1 . Prepara\u00e7\u00e3o de massas estruturadas para bolo de 15cm 2. Prepara\u00e7\u00e3o de recheios, com base firme para bolos de altura e de andares 3. Montagem e prensagem do bolo 4. Prepara\u00e7\u00e3o [&hellip;]<\/p>\n","protected":false},"featured_media":3225,"template":"","meta":{"_exactmetrics_skip_tracking":false,"_exactmetrics_sitenote_active":false,"_exactmetrics_sitenote_note":"","_exactmetrics_sitenote_category":0},"product_cat":[14,9],"product_tag":[],"class_list":{"0":"post-3221","1":"product","2":"type-product","3":"status-publish","4":"has-post-thumbnail","6":"product_cat-cursos-com-matriculas-abertas","7":"product_cat-cursos-de-gastronomia","9":"first","10":"instock","11":"taxable","12":"shipping-taxable","13":"purchasable","14":"product-type-simple"},"_links":{"self":[{"href":"https:\/\/www.profiautos.com.br\/novosite\/wp-json\/wp\/v2\/product\/3221"}],"collection":[{"href":"https:\/\/www.profiautos.com.br\/novosite\/wp-json\/wp\/v2\/product"}],"about":[{"href":"https:\/\/www.profiautos.com.br\/novosite\/wp-json\/wp\/v2\/types\/product"}],"wp:featuredmedia":[{"embeddable":true,"href":"https:\/\/www.profiautos.com.br\/novosite\/wp-json\/wp\/v2\/media\/3225"}],"wp:attachment":[{"href":"https:\/\/www.profiautos.com.br\/novosite\/wp-json\/wp\/v2\/media?parent=3221"}],"wp:term":[{"taxonomy":"product_cat","embeddable":true,"href":"https:\/\/www.profiautos.com.br\/novosite\/wp-json\/wp\/v2\/product_cat?post=3221"},{"taxonomy":"product_tag","embeddable":true,"href":"https:\/\/www.profiautos.com.br\/novosite\/wp-json\/wp\/v2\/product_tag?post=3221"}],"curies":[{"name":"wp","href":"https:\/\/api.w.org\/{rel}","templated":true}]}}