{"id":3217,"date":"2022-04-19T09:30:03","date_gmt":"2022-04-19T12:30:03","guid":{"rendered":"http:\/\/www.profiautos.com.br\/novosite\/?post_type=product&#038;p=3217"},"modified":"2025-10-22T09:39:53","modified_gmt":"2025-10-22T12:39:53","slug":"rastreador","status":"publish","type":"product","link":"https:\/\/www.profiautos.com.br\/novosite\/produto\/rastreador\/","title":{"rendered":"INSTALA\u00c7\u00c3O DE RASTREADOR INTENSIVO"},"content":{"rendered":"<p class=\"western\" align=\"justify\"><b>INSTALA\u00c7\u00c3O DE RASTREADOR<\/b><\/p>\n<p class=\"western\" align=\"justify\"><b>Objetivo:\u00a0<\/b>Qualificar profissionais para executarem servi\u00e7os instala\u00e7\u00e3o e remo\u00e7\u00e3o de rastreadores.<\/p>\n<p class=\"western\" align=\"justify\"><b>Conte\u00fado Program\u00e1tico:<\/b><\/p>\n<ul>\n<li class=\"western\">Instala\u00e7\u00e3o;<\/li>\n<li>An\u00e1lise de plataforma;<\/li>\n<li>Configura\u00e7\u00f5es do rastreadores;<\/li>\n<li class=\"western\">No\u00e7\u00f5es b\u00e1sicas de telemetria;<\/li>\n<li>Instala\u00e7\u00e3o em carros;<\/li>\n<li>Instala\u00e7\u00e3o em motos;<\/li>\n<li>Remo\u00e7\u00e3o do rastreador.<\/li>\n<\/ul>\n<p><b>Dura\u00e7\u00e3o:<\/b> 15Hrs (2 Semanas)<\/p>\n<p class=\"western\" align=\"justify\"><b>Hor\u00e1rio das aulas:<\/b> Segunda-feira a Quinta-feira (19:00 \u00e0s 21:30);<\/p>\n<p class=\"western\" align=\"justify\"><b>Inicio Previsto: <\/b>03\/11\/2025<\/p>\n<p class=\"western\" align=\"justify\"><b>Incluso:<\/b>\u00a0Material did\u00e1tico e Certificado de qualifica\u00e7\u00e3o;<\/p>\n<p class=\"western\" align=\"justify\"><b>Formas de Pagamento:<\/b>\u00a0\u00c0 vista ou at\u00e9 3x sem juros\u00a0no Cart\u00e3o de Cr\u00e9dito.<\/p>\n","protected":false},"excerpt":{"rendered":"<p>INSTALA\u00c7\u00c3O DE RASTREADOR Objetivo:\u00a0Qualificar profissionais para executarem servi\u00e7os instala\u00e7\u00e3o e remo\u00e7\u00e3o de rastreadores. Conte\u00fado Program\u00e1tico: Instala\u00e7\u00e3o; An\u00e1lise de plataforma; Configura\u00e7\u00f5es do rastreadores; No\u00e7\u00f5es b\u00e1sicas de telemetria; Instala\u00e7\u00e3o em carros; Instala\u00e7\u00e3o em motos; Remo\u00e7\u00e3o do rastreador. Dura\u00e7\u00e3o: 15Hrs (2 Semanas) Hor\u00e1rio das aulas: Segunda-feira a Quinta-feira (19:00 \u00e0s 21:30); Inicio Previsto: 03\/11\/2025 Incluso:\u00a0Material did\u00e1tico e Certificado [&hellip;]<\/p>\n","protected":false},"featured_media":3740,"template":"","meta":{"_exactmetrics_skip_tracking":false,"_exactmetrics_sitenote_active":false,"_exactmetrics_sitenote_note":"","_exactmetrics_sitenote_category":0},"product_cat":[8,14,10],"product_tag":[],"class_list":{"0":"post-3217","1":"product","2":"type-product","3":"status-publish","4":"has-post-thumbnail","6":"product_cat-cursos-automotivos","7":"product_cat-cursos-com-matriculas-abertas","8":"product_cat-cursos-de-motocicletas","10":"first","11":"instock","12":"taxable","13":"shipping-taxable","14":"purchasable","15":"product-type-simple"},"_links":{"self":[{"href":"https:\/\/www.profiautos.com.br\/novosite\/wp-json\/wp\/v2\/product\/3217"}],"collection":[{"href":"https:\/\/www.profiautos.com.br\/novosite\/wp-json\/wp\/v2\/product"}],"about":[{"href":"https:\/\/www.profiautos.com.br\/novosite\/wp-json\/wp\/v2\/types\/product"}],"wp:featuredmedia":[{"embeddable":true,"href":"https:\/\/www.profiautos.com.br\/novosite\/wp-json\/wp\/v2\/media\/3740"}],"wp:attachment":[{"href":"https:\/\/www.profiautos.com.br\/novosite\/wp-json\/wp\/v2\/media?parent=3217"}],"wp:term":[{"taxonomy":"product_cat","embeddable":true,"href":"https:\/\/www.profiautos.com.br\/novosite\/wp-json\/wp\/v2\/product_cat?post=3217"},{"taxonomy":"product_tag","embeddable":true,"href":"https:\/\/www.profiautos.com.br\/novosite\/wp-json\/wp\/v2\/product_tag?post=3217"}],"curies":[{"name":"wp","href":"https:\/\/api.w.org\/{rel}","templated":true}]}}