{"id":3202,"date":"2022-04-20T16:30:45","date_gmt":"2022-04-20T19:30:45","guid":{"rendered":"http:\/\/www.profiautos.com.br\/novosite\/?post_type=product&#038;p=3202"},"modified":"2025-10-09T12:40:50","modified_gmt":"2025-10-09T15:40:50","slug":"salgados","status":"publish","type":"product","link":"https:\/\/www.profiautos.com.br\/novosite\/produto\/salgados\/","title":{"rendered":"SALGADOS"},"content":{"rendered":"<p><strong>CURSO DE SALGADOS<\/strong><\/p>\n<p><strong>CONTE\u00daDO PROGRAM\u00c1TICO:<\/strong><\/p>\n<p>&#8211; Introdu\u00e7\u00e3o a Boas Pratica de Fabrica\u00e7\u00e3o de Alimentos;<br \/>\n&#8211; Padroniza\u00e7\u00e3o de Receitas e Controle de Produ\u00e7\u00e3o;<br \/>\n&#8211; Elabora\u00e7\u00f5es das Massas;<br \/>\n&#8211; Salgados Fermentados Fritos e de Forno;<br \/>\n&#8211; Massa Cozida (Coxinha, Risoles, Enroladinhos);<br \/>\n&#8211; Massa Bris\u00e9e (Empada);<br \/>\n&#8211; Massa de Salgado Forneado Temperado;<br \/>\n&#8211; Elabora\u00e7\u00f5es de Recheios;<br \/>\n&#8211; Modelagens.<\/p>\n<p>&nbsp;<\/p>\n<p><strong>Dura\u00e7\u00e3o:<\/strong> 2 dias (6 hrs\/a);<\/p>\n<p><strong>Hor\u00e1rio:<\/strong> Ter\u00e7a e Quarta\u00a0 (14:00 \u00e0s 17:00);<\/p>\n<p><strong><b>Inicio Previsto:<\/b><\/strong> 02\/12\/2025<\/p>\n<p><strong>Incluso:<\/strong> Material Did\u00e1tico e Certificado de Conclus\u00e3o;<\/p>\n<p><strong>Formas de Pagamento:<\/strong>\u00a0R$320,00 \u00e0 vista ou em at\u00e9 3x sem juros no Cart\u00e3o de Cr\u00e9dito.<\/p>\n","protected":false},"excerpt":{"rendered":"<p>CURSO DE SALGADOS CONTE\u00daDO PROGRAM\u00c1TICO: &#8211; Introdu\u00e7\u00e3o a Boas Pratica de Fabrica\u00e7\u00e3o de Alimentos; &#8211; Padroniza\u00e7\u00e3o de Receitas e Controle de Produ\u00e7\u00e3o; &#8211; Elabora\u00e7\u00f5es das Massas; &#8211; Salgados Fermentados Fritos e de Forno; &#8211; Massa Cozida (Coxinha, Risoles, Enroladinhos); &#8211; Massa Bris\u00e9e (Empada); &#8211; Massa de Salgado Forneado Temperado; &#8211; Elabora\u00e7\u00f5es de Recheios; &#8211; Modelagens. [&hellip;]<\/p>\n","protected":false},"featured_media":3829,"template":"","meta":{"_exactmetrics_skip_tracking":false,"_exactmetrics_sitenote_active":false,"_exactmetrics_sitenote_note":"","_exactmetrics_sitenote_category":0},"product_cat":[14,9],"product_tag":[],"class_list":{"0":"post-3202","1":"product","2":"type-product","3":"status-publish","4":"has-post-thumbnail","6":"product_cat-cursos-com-matriculas-abertas","7":"product_cat-cursos-de-gastronomia","9":"first","10":"instock","11":"taxable","12":"shipping-taxable","13":"purchasable","14":"product-type-simple"},"_links":{"self":[{"href":"https:\/\/www.profiautos.com.br\/novosite\/wp-json\/wp\/v2\/product\/3202"}],"collection":[{"href":"https:\/\/www.profiautos.com.br\/novosite\/wp-json\/wp\/v2\/product"}],"about":[{"href":"https:\/\/www.profiautos.com.br\/novosite\/wp-json\/wp\/v2\/types\/product"}],"wp:featuredmedia":[{"embeddable":true,"href":"https:\/\/www.profiautos.com.br\/novosite\/wp-json\/wp\/v2\/media\/3829"}],"wp:attachment":[{"href":"https:\/\/www.profiautos.com.br\/novosite\/wp-json\/wp\/v2\/media?parent=3202"}],"wp:term":[{"taxonomy":"product_cat","embeddable":true,"href":"https:\/\/www.profiautos.com.br\/novosite\/wp-json\/wp\/v2\/product_cat?post=3202"},{"taxonomy":"product_tag","embeddable":true,"href":"https:\/\/www.profiautos.com.br\/novosite\/wp-json\/wp\/v2\/product_tag?post=3202"}],"curies":[{"name":"wp","href":"https:\/\/api.w.org\/{rel}","templated":true}]}}