{"id":313,"date":"2022-04-04T12:00:05","date_gmt":"2022-04-04T15:00:05","guid":{"rendered":"http:\/\/www.profiautos.com.br\/novosite\/produto\/desempeno-de-aro\/"},"modified":"2026-04-01T13:45:43","modified_gmt":"2026-04-01T16:45:43","slug":"desempeno-de-aro","status":"publish","type":"product","link":"https:\/\/www.profiautos.com.br\/novosite\/produto\/desempeno-de-aro\/","title":{"rendered":"DESEMPENO DE ARO"},"content":{"rendered":"<p class=\"western\" align=\"justify\"><b>DESEMPENO DE ARO<\/b><\/p>\n<p class=\"western\" align=\"justify\"><b>Objetivo:\u00a0<\/b>Capacitar jovens e adultos que j\u00e1 atuam ou pretendem atuar na \u00e1rea de desempeno de aro e borracharia.<\/p>\n<p class=\"western\" align=\"justify\"><b>Conte\u00fado Program\u00e1tico:<\/b><\/p>\n<ul>\n<li>Enraiamento do aro;<\/li>\n<li>Desempeno de aro;<\/li>\n<li>Desamassar;<\/li>\n<li>Pancada dentro para fora do aro;<\/li>\n<li>Manuseio da alinhadora;<\/li>\n<li>Manuseio da desembei\u00e7adeira Pneu;<\/li>\n<li>Montar e desmontar o pneu;<\/li>\n<li>Aro de a\u00e7o;<\/li>\n<li>Enraiamento de a\u00e7o;<\/li>\n<\/ul>\n<p><b>Dura\u00e7\u00e3o: <\/b>4 dias (10 hrs);<\/p>\n<p><strong>Per\u00edodo:<\/strong> 22\/09\/2025;<\/p>\n<p class=\"western\" align=\"justify\"><b>Hor\u00e1rio das aulas:<\/b> Segunda a Quinta (19:00 \u00e0s 21:30);<\/p>\n<p class=\"western\" align=\"justify\"><b>Incluso:<\/b> Material Did\u00e1tico e Certificado de Participa\u00e7\u00e3o;<\/p>\n<p class=\"western\" align=\"justify\"><b>Formas de Pagamento:<\/b> A vista ou at\u00e9 3x sem juros no Cart\u00e3o de Cr\u00e9dito.<\/p>\n","protected":false},"excerpt":{"rendered":"<p>DESEMPENO DE ARO Objetivo:\u00a0Capacitar jovens e adultos que j\u00e1 atuam ou pretendem atuar na \u00e1rea de desempeno de aro e borracharia. Conte\u00fado Program\u00e1tico: Enraiamento do aro; Desempeno de aro; Desamassar; Pancada dentro para fora do aro; Manuseio da alinhadora; Manuseio da desembei\u00e7adeira Pneu; Montar e desmontar o pneu; Aro de a\u00e7o; Enraiamento de a\u00e7o; Dura\u00e7\u00e3o: [&hellip;]<\/p>\n","protected":false},"featured_media":730,"template":"","meta":{"_exactmetrics_skip_tracking":false,"_exactmetrics_sitenote_active":false,"_exactmetrics_sitenote_note":"","_exactmetrics_sitenote_category":0},"product_cat":[14,10],"product_tag":[],"class_list":{"0":"post-313","1":"product","2":"type-product","3":"status-publish","4":"has-post-thumbnail","6":"product_cat-cursos-com-matriculas-abertas","7":"product_cat-cursos-de-motocicletas","9":"first","10":"instock","11":"purchasable","12":"product-type-simple"},"_links":{"self":[{"href":"https:\/\/www.profiautos.com.br\/novosite\/wp-json\/wp\/v2\/product\/313"}],"collection":[{"href":"https:\/\/www.profiautos.com.br\/novosite\/wp-json\/wp\/v2\/product"}],"about":[{"href":"https:\/\/www.profiautos.com.br\/novosite\/wp-json\/wp\/v2\/types\/product"}],"wp:featuredmedia":[{"embeddable":true,"href":"https:\/\/www.profiautos.com.br\/novosite\/wp-json\/wp\/v2\/media\/730"}],"wp:attachment":[{"href":"https:\/\/www.profiautos.com.br\/novosite\/wp-json\/wp\/v2\/media?parent=313"}],"wp:term":[{"taxonomy":"product_cat","embeddable":true,"href":"https:\/\/www.profiautos.com.br\/novosite\/wp-json\/wp\/v2\/product_cat?post=313"},{"taxonomy":"product_tag","embeddable":true,"href":"https:\/\/www.profiautos.com.br\/novosite\/wp-json\/wp\/v2\/product_tag?post=313"}],"curies":[{"name":"wp","href":"https:\/\/api.w.org\/{rel}","templated":true}]}}