{"id":3050,"date":"2022-04-20T14:00:37","date_gmt":"2022-04-20T17:00:37","guid":{"rendered":"http:\/\/www.profiautos.com.br\/novosite\/?post_type=product&#038;p=3050"},"modified":"2025-10-29T17:39:14","modified_gmt":"2025-10-29T20:39:14","slug":"curso-fabricacao-de-pizzas","status":"publish","type":"product","link":"https:\/\/www.profiautos.com.br\/novosite\/produto\/curso-fabricacao-de-pizzas\/","title":{"rendered":"FABRICA\u00c7\u00c3O DE PIZZAS"},"content":{"rendered":"<p><strong>FABRICA\u00c7\u00c3O DE PIZZAS<\/strong><\/p>\n<p><strong>OBJETIVO<\/strong>: Capacitar profissionais ou amadores na \u00e1rea de pizzaria podendo atuar como microempreendedor individual ou prestador de servi\u00e7o a empresas do ramo.<\/p>\n<p><strong>CONTE\u00daDO PROGRAM\u00c1TICO <\/strong><\/p>\n<ul>\n<li>Confec\u00e7\u00e3o de massas (tradicional, paulistana italiana, integral e doce);<\/li>\n<li>Produ\u00e7\u00e3o de molho de tomates (in natura);<\/li>\n<li>Conhecendo a fun\u00e7\u00e3o dos ingredientes das massas;<\/li>\n<li>Processamento de alguns recheios;<\/li>\n<li>Tempo de fermenta\u00e7\u00e3o e conserva\u00e7\u00e3o das massas;<\/li>\n<li>T\u00e9cnicas e dicas de coc\u00e7\u00e3o;<\/li>\n<li>Pr\u00e1tica de abertura das massas;<\/li>\n<li>Montando as pizzas (forma correta);<\/li>\n<li>Produ\u00e7\u00e3o de pizzas doces e salgadas.<\/li>\n<\/ul>\n<p><strong>Dura\u00e7\u00e3o: <\/strong>S\u00e1bado\u00a0(6 hrs\/a);<\/p>\n<p><strong>Dias e hor\u00e1rio: <\/strong>S\u00e1bado\u00a0(08:00 \u00e0s 14:00);<\/p>\n<p><strong><b>Inicio Previsto: <\/b><\/strong>18\/11\/2025<\/p>\n<p><strong>Incluso: <\/strong>Material de Did\u00e1tico e Certificado de Conclus\u00e3o;<\/p>\n<p><strong>Formas de pagamento: <\/strong>R$360,00 \u00e0\u00a0vista ou em at\u00e9 3x sem juros no Cart\u00e3o de Cr\u00e9dito.<\/p>\n","protected":false},"excerpt":{"rendered":"<p>FABRICA\u00c7\u00c3O DE PIZZAS OBJETIVO: Capacitar profissionais ou amadores na \u00e1rea de pizzaria podendo atuar como microempreendedor individual ou prestador de servi\u00e7o a empresas do ramo. CONTE\u00daDO PROGRAM\u00c1TICO Confec\u00e7\u00e3o de massas (tradicional, paulistana italiana, integral e doce); Produ\u00e7\u00e3o de molho de tomates (in natura); Conhecendo a fun\u00e7\u00e3o dos ingredientes das massas; Processamento de alguns recheios; Tempo [&hellip;]<\/p>\n","protected":false},"featured_media":3051,"template":"","meta":{"_exactmetrics_skip_tracking":false,"_exactmetrics_sitenote_active":false,"_exactmetrics_sitenote_note":"","_exactmetrics_sitenote_category":0},"product_cat":[14,9],"product_tag":[],"class_list":{"0":"post-3050","1":"product","2":"type-product","3":"status-publish","4":"has-post-thumbnail","6":"product_cat-cursos-com-matriculas-abertas","7":"product_cat-cursos-de-gastronomia","9":"first","10":"instock","11":"taxable","12":"shipping-taxable","13":"purchasable","14":"product-type-simple"},"_links":{"self":[{"href":"https:\/\/www.profiautos.com.br\/novosite\/wp-json\/wp\/v2\/product\/3050"}],"collection":[{"href":"https:\/\/www.profiautos.com.br\/novosite\/wp-json\/wp\/v2\/product"}],"about":[{"href":"https:\/\/www.profiautos.com.br\/novosite\/wp-json\/wp\/v2\/types\/product"}],"wp:featuredmedia":[{"embeddable":true,"href":"https:\/\/www.profiautos.com.br\/novosite\/wp-json\/wp\/v2\/media\/3051"}],"wp:attachment":[{"href":"https:\/\/www.profiautos.com.br\/novosite\/wp-json\/wp\/v2\/media?parent=3050"}],"wp:term":[{"taxonomy":"product_cat","embeddable":true,"href":"https:\/\/www.profiautos.com.br\/novosite\/wp-json\/wp\/v2\/product_cat?post=3050"},{"taxonomy":"product_tag","embeddable":true,"href":"https:\/\/www.profiautos.com.br\/novosite\/wp-json\/wp\/v2\/product_tag?post=3050"}],"curies":[{"name":"wp","href":"https:\/\/api.w.org\/{rel}","templated":true}]}}