{"id":3010,"date":"2022-04-04T13:00:10","date_gmt":"2022-04-04T16:00:10","guid":{"rendered":"http:\/\/www.profiautos.com.br\/novosite\/?post_type=product&#038;p=3010"},"modified":"2026-04-01T12:10:35","modified_gmt":"2026-04-01T15:10:35","slug":"ar-condicionado-veicular","status":"publish","type":"product","link":"https:\/\/www.profiautos.com.br\/novosite\/produto\/ar-condicionado-veicular\/","title":{"rendered":"AR CONDICIONADO VEICULAR"},"content":{"rendered":"<p class=\"western\" align=\"justify\"><b>AR CONDICIONADO VEICULAR<\/b><\/p>\n<p class=\"western\" align=\"justify\"><b>Objetivo:<\/b>\u00a0Capacitar auxiliares de mec\u00e2nico, mec\u00e2nico, eletricista e vendedores para realizarem reparos em sistemas de refrigera\u00e7\u00e3o automotiva.<\/p>\n<p class=\"western\" align=\"justify\"><b>Conte\u00fado Program\u00e1tico:<\/b><\/p>\n<ul>\n<li class=\"western\">Conceito de Termodin\u00e2mica;<\/li>\n<li class=\"western\">Componentes do Sistema de Refrigera\u00e7\u00e3o;<\/li>\n<li class=\"western\">Remo\u00e7\u00e3o e Reposi\u00e7\u00e3o do Sistema de Refrigera\u00e7\u00e3o;<\/li>\n<li class=\"western\">An\u00e1lise de Efici\u00eancia T\u00e9rmica;<\/li>\n<li class=\"western\">Uso da Bomba de V\u00e1cuo;<\/li>\n<li class=\"western\">Uso do Man\u00f4metro;<\/li>\n<li class=\"western\">An\u00e1lise da Press\u00e3o no Ve\u00edculo;<\/li>\n<li class=\"western\">An\u00e1lise do Esquema El\u00e9trico;<\/li>\n<li class=\"western\">Testes de Componentes;<\/li>\n<li class=\"western\">Coloca\u00e7\u00e3o de Refrigera\u00e7\u00e3o no Ve\u00edculo;<\/li>\n<li class=\"western\">An\u00e1lise de Vazamentos no Ve\u00edculo.<\/li>\n<\/ul>\n<p class=\"western\" align=\"justify\"><b><br \/>\nDura\u00e7\u00e3o:\u00a0<\/b>4 semanas (40 hrs);<\/p>\n<p class=\"western\" align=\"justify\"><b>Hor\u00e1rio das aulas:<\/b>\u00a0S\u00e1bados ( 08:00 \u00e0s 13:00 )<\/p>\n<p class=\"western\" align=\"justify\"><strong>Per\u00edodo: 10\/08<\/strong>\/2024\u00a0(Previs\u00e3o);<\/p>\n<p class=\"western\" align=\"justify\"><b>Incluso:<\/b>\u00a0Material Did\u00e1tico e Certificado de Participa\u00e7\u00e3o;<\/p>\n<p class=\"western\" align=\"justify\"><b>Formas de Pagamento:\u00a0<\/b>A vista ou at\u00e9 3x sem juros no Cart\u00e3o de Cr\u00e9dito.<\/p>\n","protected":false},"excerpt":{"rendered":"<p>AR CONDICIONADO VEICULAR Objetivo:\u00a0Capacitar auxiliares de mec\u00e2nico, mec\u00e2nico, eletricista e vendedores para realizarem reparos em sistemas de refrigera\u00e7\u00e3o automotiva. Conte\u00fado Program\u00e1tico: Conceito de Termodin\u00e2mica; Componentes do Sistema de Refrigera\u00e7\u00e3o; Remo\u00e7\u00e3o e Reposi\u00e7\u00e3o do Sistema de Refrigera\u00e7\u00e3o; An\u00e1lise de Efici\u00eancia T\u00e9rmica; Uso da Bomba de V\u00e1cuo; Uso do Man\u00f4metro; An\u00e1lise da Press\u00e3o no Ve\u00edculo; An\u00e1lise do [&hellip;]<\/p>\n","protected":false},"featured_media":3731,"template":"","meta":{"_exactmetrics_skip_tracking":false,"_exactmetrics_sitenote_active":false,"_exactmetrics_sitenote_note":"","_exactmetrics_sitenote_category":0},"product_cat":[8,14],"product_tag":[],"class_list":{"0":"post-3010","1":"product","2":"type-product","3":"status-publish","4":"has-post-thumbnail","6":"product_cat-cursos-automotivos","7":"product_cat-cursos-com-matriculas-abertas","9":"first","10":"instock","11":"taxable","12":"shipping-taxable","13":"purchasable","14":"product-type-simple"},"_links":{"self":[{"href":"https:\/\/www.profiautos.com.br\/novosite\/wp-json\/wp\/v2\/product\/3010"}],"collection":[{"href":"https:\/\/www.profiautos.com.br\/novosite\/wp-json\/wp\/v2\/product"}],"about":[{"href":"https:\/\/www.profiautos.com.br\/novosite\/wp-json\/wp\/v2\/types\/product"}],"wp:featuredmedia":[{"embeddable":true,"href":"https:\/\/www.profiautos.com.br\/novosite\/wp-json\/wp\/v2\/media\/3731"}],"wp:attachment":[{"href":"https:\/\/www.profiautos.com.br\/novosite\/wp-json\/wp\/v2\/media?parent=3010"}],"wp:term":[{"taxonomy":"product_cat","embeddable":true,"href":"https:\/\/www.profiautos.com.br\/novosite\/wp-json\/wp\/v2\/product_cat?post=3010"},{"taxonomy":"product_tag","embeddable":true,"href":"https:\/\/www.profiautos.com.br\/novosite\/wp-json\/wp\/v2\/product_tag?post=3010"}],"curies":[{"name":"wp","href":"https:\/\/api.w.org\/{rel}","templated":true}]}}