{"id":2993,"date":"2022-04-04T14:00:45","date_gmt":"2022-04-04T17:00:45","guid":{"rendered":"http:\/\/www.profiautos.com.br\/novosite\/?post_type=product&#038;p=2993"},"modified":"2026-03-28T12:43:05","modified_gmt":"2026-03-28T15:43:05","slug":"motores-a-diesel-gasolina-e-flex-sabados-2","status":"publish","type":"product","link":"https:\/\/www.profiautos.com.br\/novosite\/produto\/motores-a-diesel-gasolina-e-flex-sabados-2\/","title":{"rendered":"MOTORES \u00c1 DIESEL, GASOLINA E FLEX &#8211; S\u00c1BADOS"},"content":{"rendered":"<p><strong>MOTORES \u00c1 DIESEL, GASOLINA E FLEX &#8211; S\u00c1BADOS<\/strong><\/p>\n<p><strong>OBJETIVO:<\/strong>\u00a0Capacitar o profissional de repara\u00e7\u00e3o automotiva para realizar reparos e ajustes em motor do ciclo diesel e otto.<\/p>\n<p><strong>CONTE\u00daDO PROGRAM\u00c1TICO:<\/strong><\/p>\n<ul>\n<li>Remo\u00e7\u00e3o do Cabe\u00e7ote;<\/li>\n<li>Ajuste de V\u00e1lvula;<\/li>\n<li>Sincronismo do Motor;<\/li>\n<li>Desmontagem do conjunto m\u00f3vel;<\/li>\n<li>Ajuste do conjunto m\u00f3vel;<\/li>\n<li>Diagn\u00f3stico de falhas.<\/li>\n<\/ul>\n<p><strong>Dura\u00e7\u00e3o:<\/strong>\u00a04 s\u00e1bados (20 hrs);<\/p>\n<p><strong>Hor\u00e1rio das aulas:<\/strong>\u00a0S\u00e1bados (08:00 \u00e0s 13:00);<\/p>\n<p><strong>Per\u00edodo:<\/strong> 03\/01\/2026 (Previs\u00e3o);<\/p>\n<p><strong>Incluso:<\/strong>\u00a0Material Did\u00e1tico e Certificado de Participa\u00e7\u00e3o;<\/p>\n<p><strong>Formas de Pagamento:<\/strong>\u00a0A vista ou at\u00e9 3x sem juros no Cart\u00e3o de Cr\u00e9dito.<\/p>\n","protected":false},"excerpt":{"rendered":"<p>MOTORES \u00c1 DIESEL, GASOLINA E FLEX &#8211; S\u00c1BADOS OBJETIVO:\u00a0Capacitar o profissional de repara\u00e7\u00e3o automotiva para realizar reparos e ajustes em motor do ciclo diesel e otto. CONTE\u00daDO PROGRAM\u00c1TICO: Remo\u00e7\u00e3o do Cabe\u00e7ote; Ajuste de V\u00e1lvula; Sincronismo do Motor; Desmontagem do conjunto m\u00f3vel; Ajuste do conjunto m\u00f3vel; Diagn\u00f3stico de falhas. Dura\u00e7\u00e3o:\u00a04 s\u00e1bados (20 hrs); Hor\u00e1rio das aulas:\u00a0S\u00e1bados [&hellip;]<\/p>\n","protected":false},"featured_media":3714,"template":"","meta":{"_exactmetrics_skip_tracking":false,"_exactmetrics_sitenote_active":false,"_exactmetrics_sitenote_note":"","_exactmetrics_sitenote_category":0},"product_cat":[8,14],"product_tag":[],"class_list":{"0":"post-2993","1":"product","2":"type-product","3":"status-publish","4":"has-post-thumbnail","6":"product_cat-cursos-automotivos","7":"product_cat-cursos-com-matriculas-abertas","9":"first","10":"instock","11":"taxable","12":"shipping-taxable","13":"purchasable","14":"product-type-simple"},"_links":{"self":[{"href":"https:\/\/www.profiautos.com.br\/novosite\/wp-json\/wp\/v2\/product\/2993"}],"collection":[{"href":"https:\/\/www.profiautos.com.br\/novosite\/wp-json\/wp\/v2\/product"}],"about":[{"href":"https:\/\/www.profiautos.com.br\/novosite\/wp-json\/wp\/v2\/types\/product"}],"wp:featuredmedia":[{"embeddable":true,"href":"https:\/\/www.profiautos.com.br\/novosite\/wp-json\/wp\/v2\/media\/3714"}],"wp:attachment":[{"href":"https:\/\/www.profiautos.com.br\/novosite\/wp-json\/wp\/v2\/media?parent=2993"}],"wp:term":[{"taxonomy":"product_cat","embeddable":true,"href":"https:\/\/www.profiautos.com.br\/novosite\/wp-json\/wp\/v2\/product_cat?post=2993"},{"taxonomy":"product_tag","embeddable":true,"href":"https:\/\/www.profiautos.com.br\/novosite\/wp-json\/wp\/v2\/product_tag?post=2993"}],"curies":[{"name":"wp","href":"https:\/\/api.w.org\/{rel}","templated":true}]}}