{"id":2991,"date":"2022-04-04T04:00:19","date_gmt":"2022-04-04T07:00:19","guid":{"rendered":"http:\/\/www.profiautos.com.br\/novosite\/?post_type=product&#038;p=2991"},"modified":"2026-03-28T13:03:44","modified_gmt":"2026-03-28T16:03:44","slug":"eletricidade-para-motos-sabados","status":"publish","type":"product","link":"https:\/\/www.profiautos.com.br\/novosite\/produto\/eletricidade-para-motos-sabados\/","title":{"rendered":"ELETRICIDADE PARA MOTOS &#8211; S\u00c1BADOS"},"content":{"rendered":"<p class=\"western\" align=\"justify\"><b>ELETRICIDADE PARA MOTOS &#8211; S\u00c1BADOS<\/b><\/p>\n<p class=\"western\" align=\"justify\"><b>Objetivo:\u00a0<\/b>Formar profissionais para atuarem no segmento de repara\u00e7\u00e3o de motocicleta, realizando diagn\u00f3stico e reparos.<\/p>\n<p class=\"western\" align=\"justify\"><b>Conte\u00fado Program\u00e1tico:<\/b><\/p>\n<ul>\n<li>Sistema de ilumina\u00e7\u00e3o;<\/li>\n<li>Sinaliza\u00e7\u00e3o;<\/li>\n<li>Carga;<\/li>\n<li>Partida;<\/li>\n<li>Alarme;<\/li>\n<li>Analise de esquemas;<\/li>\n<li>Utiliza\u00e7\u00e3o de mult\u00edmetro;<\/li>\n<li>Carga de bateria;<\/li>\n<li>Diagn\u00f3stico de componentes;<\/li>\n<\/ul>\n<p><b>Dura\u00e7\u00e3o:\u00a0<\/b>2 S\u00e1bados (10 hrs);<\/p>\n<p class=\"western\" align=\"justify\"><b>Hor\u00e1rio das aulas:\u00a0<\/b>S\u00e1bados (08:00 \u00e0s 13:00);<\/p>\n<p align=\"justify\"><strong>Inicio previsto: <\/strong>23\/08\/25 (previs\u00e3o)<\/p>\n<p class=\"western\" align=\"justify\"><b>Incluso:<\/b>\u00a0Material Did\u00e1tico e Certificado de Participa\u00e7\u00e3o;<\/p>\n<p class=\"western\" align=\"justify\"><b>Formas de Pagamento:<\/b>\u00a0A vista ou at\u00e9 3x sem juros no Cart\u00e3o de Cr\u00e9dito.<\/p>\n","protected":false},"excerpt":{"rendered":"<p>ELETRICIDADE PARA MOTOS &#8211; S\u00c1BADOS Objetivo:\u00a0Formar profissionais para atuarem no segmento de repara\u00e7\u00e3o de motocicleta, realizando diagn\u00f3stico e reparos. Conte\u00fado Program\u00e1tico: Sistema de ilumina\u00e7\u00e3o; Sinaliza\u00e7\u00e3o; Carga; Partida; Alarme; Analise de esquemas; Utiliza\u00e7\u00e3o de mult\u00edmetro; Carga de bateria; Diagn\u00f3stico de componentes; Dura\u00e7\u00e3o:\u00a02 S\u00e1bados (10 hrs); Hor\u00e1rio das aulas:\u00a0S\u00e1bados (08:00 \u00e0s 13:00); Inicio previsto: 23\/08\/25 (previs\u00e3o) Incluso:\u00a0Material [&hellip;]<\/p>\n","protected":false},"featured_media":3722,"template":"","meta":{"_exactmetrics_skip_tracking":false,"_exactmetrics_sitenote_active":false,"_exactmetrics_sitenote_note":"","_exactmetrics_sitenote_category":0},"product_cat":[14,10],"product_tag":[],"class_list":{"0":"post-2991","1":"product","2":"type-product","3":"status-publish","4":"has-post-thumbnail","6":"product_cat-cursos-com-matriculas-abertas","7":"product_cat-cursos-de-motocicletas","9":"first","10":"instock","11":"taxable","12":"shipping-taxable","13":"purchasable","14":"product-type-simple"},"_links":{"self":[{"href":"https:\/\/www.profiautos.com.br\/novosite\/wp-json\/wp\/v2\/product\/2991"}],"collection":[{"href":"https:\/\/www.profiautos.com.br\/novosite\/wp-json\/wp\/v2\/product"}],"about":[{"href":"https:\/\/www.profiautos.com.br\/novosite\/wp-json\/wp\/v2\/types\/product"}],"wp:featuredmedia":[{"embeddable":true,"href":"https:\/\/www.profiautos.com.br\/novosite\/wp-json\/wp\/v2\/media\/3722"}],"wp:attachment":[{"href":"https:\/\/www.profiautos.com.br\/novosite\/wp-json\/wp\/v2\/media?parent=2991"}],"wp:term":[{"taxonomy":"product_cat","embeddable":true,"href":"https:\/\/www.profiautos.com.br\/novosite\/wp-json\/wp\/v2\/product_cat?post=2991"},{"taxonomy":"product_tag","embeddable":true,"href":"https:\/\/www.profiautos.com.br\/novosite\/wp-json\/wp\/v2\/product_tag?post=2991"}],"curies":[{"name":"wp","href":"https:\/\/api.w.org\/{rel}","templated":true}]}}