{"id":2928,"date":"2022-04-04T13:00:26","date_gmt":"2022-04-04T16:00:26","guid":{"rendered":"http:\/\/www.profiautos.com.br\/novosite\/?post_type=product&#038;p=2928"},"modified":"2024-12-17T11:31:42","modified_gmt":"2024-12-17T14:31:42","slug":"alinhamento-e-balanceamento-sabados","status":"publish","type":"product","link":"https:\/\/www.profiautos.com.br\/novosite\/produto\/alinhamento-e-balanceamento-sabados\/","title":{"rendered":"ALINHAMENTO E BALANCEAMENTO &#8211; S\u00c1BADOS"},"content":{"rendered":"<p class=\"western\" align=\"justify\"><b>ALINHAMENTO E BALANCEAMENTO &#8211; S\u00c1BADOS<\/b><\/p>\n<p class=\"western\" align=\"justify\"><b>Objetivo:\u00a0<\/b>Qualificar profissionais para executarem servi\u00e7os de alinhamento em ve\u00edculos automotivos.<\/p>\n<p class=\"western\" align=\"justify\"><b>Conte\u00fado Program\u00e1tico:<\/b><\/p>\n<ul>\n<li class=\"western\">Substitui\u00e7\u00e3o de Pneu;<\/li>\n<li class=\"western\">Alinhamento de Ve\u00edculos;<\/li>\n<li class=\"western\">Sistema de Suspens\u00e3o;<\/li>\n<li class=\"western\">Eixo das Rodas;<\/li>\n<li class=\"western\">Alinhadores \u00d3ticos;<\/li>\n<li class=\"western\">Amortecedores;<\/li>\n<li class=\"western\">Sistema de Dire\u00e7\u00e3o;<\/li>\n<li class=\"western\">Geometria da Dire\u00e7\u00e3o;<\/li>\n<li class=\"western\">Corre\u00e7\u00e3o de Cambagem;<\/li>\n<li class=\"western\">Balanceamento de Roda.<\/li>\n<\/ul>\n<p class=\"western\" align=\"justify\"><b>Dura\u00e7\u00e3o:<\/b>\u00a03 s\u00e1bados (15 hrs);<\/p>\n<p class=\"western\" align=\"justify\"><strong>Hor\u00e1rio:<\/strong>\u00a0S\u00e1bados (13:30 \u00e0s 17:00);<\/p>\n<p class=\"western\" align=\"justify\"><strong>Per\u00edodo:<\/strong>\u00a0Forma\u00e7\u00e3o (Previs\u00e3o);<\/p>\n<p class=\"western\" align=\"justify\"><b>Incluso:<\/b>\u00a0Material Did\u00e1tico e Certificado de Conclus\u00e3o;<\/p>\n<p class=\"western\" align=\"justify\"><b>Formas de Pagamento:\u00a0<\/b>A vista ou em at\u00e9 3x no Cart\u00e3o de Cr\u00e9dito.<\/p>\n","protected":false},"excerpt":{"rendered":"<p>ALINHAMENTO E BALANCEAMENTO &#8211; S\u00c1BADOS Objetivo:\u00a0Qualificar profissionais para executarem servi\u00e7os de alinhamento em ve\u00edculos automotivos. Conte\u00fado Program\u00e1tico: Substitui\u00e7\u00e3o de Pneu; Alinhamento de Ve\u00edculos; Sistema de Suspens\u00e3o; Eixo das Rodas; Alinhadores \u00d3ticos; Amortecedores; Sistema de Dire\u00e7\u00e3o; Geometria da Dire\u00e7\u00e3o; Corre\u00e7\u00e3o de Cambagem; Balanceamento de Roda. Dura\u00e7\u00e3o:\u00a03 s\u00e1bados (15 hrs); Hor\u00e1rio:\u00a0S\u00e1bados (13:30 \u00e0s 17:00); Per\u00edodo:\u00a0Forma\u00e7\u00e3o (Previs\u00e3o); Incluso:\u00a0Material [&hellip;]<\/p>\n","protected":false},"featured_media":3718,"template":"","meta":{"_exactmetrics_skip_tracking":false,"_exactmetrics_sitenote_active":false,"_exactmetrics_sitenote_note":"","_exactmetrics_sitenote_category":0},"product_cat":[16,8,14],"product_tag":[],"class_list":{"0":"post-2928","1":"product","2":"type-product","3":"status-publish","4":"has-post-thumbnail","6":"product_cat-alinhamento-e-balanceamento","7":"product_cat-cursos-automotivos","8":"product_cat-cursos-com-matriculas-abertas","10":"first","11":"instock","12":"taxable","13":"shipping-taxable","14":"purchasable","15":"product-type-simple"},"_links":{"self":[{"href":"https:\/\/www.profiautos.com.br\/novosite\/wp-json\/wp\/v2\/product\/2928"}],"collection":[{"href":"https:\/\/www.profiautos.com.br\/novosite\/wp-json\/wp\/v2\/product"}],"about":[{"href":"https:\/\/www.profiautos.com.br\/novosite\/wp-json\/wp\/v2\/types\/product"}],"wp:featuredmedia":[{"embeddable":true,"href":"https:\/\/www.profiautos.com.br\/novosite\/wp-json\/wp\/v2\/media\/3718"}],"wp:attachment":[{"href":"https:\/\/www.profiautos.com.br\/novosite\/wp-json\/wp\/v2\/media?parent=2928"}],"wp:term":[{"taxonomy":"product_cat","embeddable":true,"href":"https:\/\/www.profiautos.com.br\/novosite\/wp-json\/wp\/v2\/product_cat?post=2928"},{"taxonomy":"product_tag","embeddable":true,"href":"https:\/\/www.profiautos.com.br\/novosite\/wp-json\/wp\/v2\/product_tag?post=2928"}],"curies":[{"name":"wp","href":"https:\/\/api.w.org\/{rel}","templated":true}]}}