{"id":2886,"date":"2019-12-02T08:26:58","date_gmt":"2019-12-02T11:26:58","guid":{"rendered":"http:\/\/www.profiautos.com.br\/novosite\/?post_type=product&#038;p=2886"},"modified":"2020-08-18T16:29:57","modified_gmt":"2020-08-18T19:29:57","slug":"kit-para-madeira-20-acessorios-dremel","status":"publish","type":"product","link":"https:\/\/www.profiautos.com.br\/novosite\/produto\/kit-para-madeira-20-acessorios-dremel\/","title":{"rendered":"Kit para Madeira 20 acess\u00f3rios Dremel"},"content":{"rendered":"<p>PARA INFORMA\u00c7\u00d5ES DE VALORES , (85) 9 8732-1854 OU (85) 3034-1103<\/p>\n<p>Micro Kit perfeito para potencializar sua micro ret\u00edfica. Com acess\u00f3rios adequados para lixar, esculpir, gravar os mais bonitos projetos em madeira<\/p>\n","protected":false},"excerpt":{"rendered":"<p>PARA INFORMA\u00c7\u00d5ES DE VALORES , (85) 9 8732-1854 OU (85) 3034-1103 Micro Kit perfeito para potencializar sua micro ret\u00edfica. Com acess\u00f3rios adequados para lixar, esculpir, gravar os mais bonitos projetos em madeira<\/p>\n","protected":false},"featured_media":2887,"template":"","meta":{"_exactmetrics_skip_tracking":false,"_exactmetrics_sitenote_active":false,"_exactmetrics_sitenote_note":"","_exactmetrics_sitenote_category":0},"product_cat":[30,22,61],"product_tag":[],"class_list":{"0":"post-2886","1":"product","2":"type-product","3":"status-publish","4":"has-post-thumbnail","6":"product_cat-ferramentas","7":"product_cat-universais","8":"product_cat-variedade","10":"first","11":"instock","12":"taxable","13":"shipping-taxable","14":"product-type-simple"},"_links":{"self":[{"href":"https:\/\/www.profiautos.com.br\/novosite\/wp-json\/wp\/v2\/product\/2886"}],"collection":[{"href":"https:\/\/www.profiautos.com.br\/novosite\/wp-json\/wp\/v2\/product"}],"about":[{"href":"https:\/\/www.profiautos.com.br\/novosite\/wp-json\/wp\/v2\/types\/product"}],"wp:featuredmedia":[{"embeddable":true,"href":"https:\/\/www.profiautos.com.br\/novosite\/wp-json\/wp\/v2\/media\/2887"}],"wp:attachment":[{"href":"https:\/\/www.profiautos.com.br\/novosite\/wp-json\/wp\/v2\/media?parent=2886"}],"wp:term":[{"taxonomy":"product_cat","embeddable":true,"href":"https:\/\/www.profiautos.com.br\/novosite\/wp-json\/wp\/v2\/product_cat?post=2886"},{"taxonomy":"product_tag","embeddable":true,"href":"https:\/\/www.profiautos.com.br\/novosite\/wp-json\/wp\/v2\/product_tag?post=2886"}],"curies":[{"name":"wp","href":"https:\/\/api.w.org\/{rel}","templated":true}]}}