{"id":2847,"date":"2022-04-04T13:00:51","date_gmt":"2022-04-04T16:00:51","guid":{"rendered":"http:\/\/www.profiautos.com.br\/novosite\/?post_type=product&#038;p=2847"},"modified":"2026-04-01T13:53:23","modified_gmt":"2026-04-01T16:53:23","slug":"motores-a-diesel-gasolina-e-flex-sabados","status":"publish","type":"product","link":"https:\/\/www.profiautos.com.br\/novosite\/produto\/motores-a-diesel-gasolina-e-flex-sabados\/","title":{"rendered":"MOTORES \u00c1 DIESEL, GASOLINA E FLEX"},"content":{"rendered":"<p><strong>MOTORES \u00c1 DIESEL, GASOLINA E FLEX<\/strong><\/p>\n<p>OBJETIVO:\u00a0CAPACITAR O PROFISSIONAL DE REPARA\u00c7\u00c3O AUTOMOTIVA PARA REALIZAR REPAROS E AJUSTES EM MOTOR DO CICLO DIESEL E OTTO.<\/p>\n<p><strong>CONTE\u00daDO PROGRAM\u00c1TICO:<\/strong><\/p>\n<p>\u2013 REMO\u00c7\u00c3O DO CABE\u00c7OTE;<\/p>\n<p>\u2013 AJUSTE DE V\u00c1LVULAS;<\/p>\n<p>\u2013 SINCRONISMO DO MOTOR ;<\/p>\n<p>\u2013 DESMONTAGEM DO CONJUNTO M\u00d3VEL;<\/p>\n<p>\u2013 AJUSTE DO CONJUNTO M\u00d3VEL;<\/p>\n<p>\u2013 DIAGNOSTICO DE FALHAS.<\/p>\n<p>&nbsp;<\/p>\n<p><strong>Dura\u00e7\u00e3o:<\/strong>\u00a04 semanas (40 h);<\/p>\n<p><strong>Per\u00edodo:<\/strong> 15\/09\/2025 (Previs\u00e3o);<\/p>\n<p><strong>Hor\u00e1rio das aulas:<\/strong>\u00a0Segunda-feira \u00e0 Quinta-feira (19:00 \u00e0s 21:30);<\/p>\n<p><strong>Incluso:<\/strong>\u00a0Material Did\u00e1tico e Certificado de Participa\u00e7\u00e3o;<\/p>\n<p><strong>Formas de Pagamento:\u00a0 750,00<\/strong>\u00a0A vista ou at\u00e9 3x sem juros no Cart\u00e3o de Cr\u00e9dito.<\/p>\n","protected":false},"excerpt":{"rendered":"<p>MOTORES \u00c1 DIESEL, GASOLINA E FLEX OBJETIVO:\u00a0CAPACITAR O PROFISSIONAL DE REPARA\u00c7\u00c3O AUTOMOTIVA PARA REALIZAR REPAROS E AJUSTES EM MOTOR DO CICLO DIESEL E OTTO. CONTE\u00daDO PROGRAM\u00c1TICO: \u2013 REMO\u00c7\u00c3O DO CABE\u00c7OTE; \u2013 AJUSTE DE V\u00c1LVULAS; \u2013 SINCRONISMO DO MOTOR ; \u2013 DESMONTAGEM DO CONJUNTO M\u00d3VEL; \u2013 AJUSTE DO CONJUNTO M\u00d3VEL; \u2013 DIAGNOSTICO DE FALHAS. &nbsp; Dura\u00e7\u00e3o:\u00a04 [&hellip;]<\/p>\n","protected":false},"featured_media":3714,"template":"","meta":{"_exactmetrics_skip_tracking":false,"_exactmetrics_sitenote_active":false,"_exactmetrics_sitenote_note":"","_exactmetrics_sitenote_category":0},"product_cat":[8,14],"product_tag":[],"class_list":{"0":"post-2847","1":"product","2":"type-product","3":"status-publish","4":"has-post-thumbnail","6":"product_cat-cursos-automotivos","7":"product_cat-cursos-com-matriculas-abertas","9":"first","10":"instock","11":"taxable","12":"shipping-taxable","13":"purchasable","14":"product-type-simple"},"_links":{"self":[{"href":"https:\/\/www.profiautos.com.br\/novosite\/wp-json\/wp\/v2\/product\/2847"}],"collection":[{"href":"https:\/\/www.profiautos.com.br\/novosite\/wp-json\/wp\/v2\/product"}],"about":[{"href":"https:\/\/www.profiautos.com.br\/novosite\/wp-json\/wp\/v2\/types\/product"}],"wp:featuredmedia":[{"embeddable":true,"href":"https:\/\/www.profiautos.com.br\/novosite\/wp-json\/wp\/v2\/media\/3714"}],"wp:attachment":[{"href":"https:\/\/www.profiautos.com.br\/novosite\/wp-json\/wp\/v2\/media?parent=2847"}],"wp:term":[{"taxonomy":"product_cat","embeddable":true,"href":"https:\/\/www.profiautos.com.br\/novosite\/wp-json\/wp\/v2\/product_cat?post=2847"},{"taxonomy":"product_tag","embeddable":true,"href":"https:\/\/www.profiautos.com.br\/novosite\/wp-json\/wp\/v2\/product_tag?post=2847"}],"curies":[{"name":"wp","href":"https:\/\/api.w.org\/{rel}","templated":true}]}}