{"id":2815,"date":"2019-09-06T14:22:37","date_gmt":"2019-09-06T17:22:37","guid":{"rendered":"http:\/\/www.profiautos.com.br\/novosite\/?post_type=product&#038;p=2815"},"modified":"2021-07-08T09:10:51","modified_gmt":"2021-07-08T12:10:51","slug":"aerografo-duplo-kit-pintura-confeitaria-automotivo-barbearia","status":"publish","type":"product","link":"https:\/\/www.profiautos.com.br\/novosite\/produto\/aerografo-duplo-kit-pintura-confeitaria-automotivo-barbearia\/","title":{"rendered":"Aerografo Duplo Kit Pintura Confeitaria Automotivo Barbearia"},"content":{"rendered":"<p>Este aer\u00f3grafo profissional \u00e9 amplamente utilizado na decora\u00e7\u00e3o do bolos, tatuagens, sal\u00e3o de cabelereiro, pintura do corpo, maquiagem, artesanato, ilustra\u00e7\u00f5es, para micro pintura do carro, t\u00eaxtil e pintura de camisetas.<\/p>\n<p>Kit aer\u00f3grafo<br \/>\n\u2022 Leve e port\u00e1til<br \/>\n\u2022 \u00d3tima qualidade e acabamento<br \/>\n\u2022 Destinado a artes\u00e3os para trabalhos diversos<br \/>\n\u2022 Pode ser usado em praticamente todo tipo de trabalho de micro pintura<br \/>\n\u2022 Utilizado em artes comerciais, ilustra\u00e7\u00f5es, retoques de fotos, passatempos e desenhos art\u00edsticos<br \/>\n\u2022 Acompanha estojo<\/p>\n<p>\u2022 Acess\u00f3rios inclusos:<br \/>\n&#8211; 01 Pistola de pintura<br \/>\n&#8211; 02 Recipientes de vidro:<br \/>\n:: 01 com tampa pescador de tinta<br \/>\n:: 01 para armazenagem de tinta<br \/>\n&#8211; 01 Micro mangueira de vinil<br \/>\n&#8211; 01 Conta gota pl\u00e1stico<br \/>\n&#8211; 01 Tampa adaptadora para tubo de ar<br \/>\n&#8211; 01 Adaptador<\/p>\n<p>Material: Pl\u00e1stico, vidro e partes em metal<br \/>\nCor: Preto<br \/>\nAbertura: 0,35mm<br \/>\nConsumo de Ar (CFM) \u2013 1Kg<br \/>\nTamanho do Leque a 2cm (cm) \u2013 1,5<br \/>\nPode ser utilizado com Compressor de Ar Direto (tuf\u00e3o) ou com reservat\u00f3rio<\/p>\n<p>Tamanho da embalagem: 20x13x7cm<br \/>\nPeso: 0,340 kg<\/p>\n","protected":false},"excerpt":{"rendered":"<p>Este aer\u00f3grafo profissional \u00e9 amplamente utilizado na decora\u00e7\u00e3o do bolos, tatuagens, sal\u00e3o de cabelereiro, pintura do corpo, maquiagem, artesanato, ilustra\u00e7\u00f5es, para micro pintura do carro, t\u00eaxtil e pintura de camisetas. Kit aer\u00f3grafo \u2022 Leve e port\u00e1til \u2022 \u00d3tima qualidade e acabamento \u2022 Destinado a artes\u00e3os para trabalhos diversos \u2022 Pode ser usado em praticamente todo [&hellip;]<\/p>\n","protected":false},"featured_media":2816,"template":"","meta":{"_exactmetrics_skip_tracking":false,"_exactmetrics_sitenote_active":false,"_exactmetrics_sitenote_note":"","_exactmetrics_sitenote_category":0},"product_cat":[50,45],"product_tag":[],"class_list":{"0":"post-2815","1":"product","2":"type-product","3":"status-publish","4":"has-post-thumbnail","6":"product_cat-pintura","7":"product_cat-polimento","9":"first","10":"instock","11":"taxable","12":"shipping-taxable","13":"product-type-simple"},"_links":{"self":[{"href":"https:\/\/www.profiautos.com.br\/novosite\/wp-json\/wp\/v2\/product\/2815"}],"collection":[{"href":"https:\/\/www.profiautos.com.br\/novosite\/wp-json\/wp\/v2\/product"}],"about":[{"href":"https:\/\/www.profiautos.com.br\/novosite\/wp-json\/wp\/v2\/types\/product"}],"wp:featuredmedia":[{"embeddable":true,"href":"https:\/\/www.profiautos.com.br\/novosite\/wp-json\/wp\/v2\/media\/2816"}],"wp:attachment":[{"href":"https:\/\/www.profiautos.com.br\/novosite\/wp-json\/wp\/v2\/media?parent=2815"}],"wp:term":[{"taxonomy":"product_cat","embeddable":true,"href":"https:\/\/www.profiautos.com.br\/novosite\/wp-json\/wp\/v2\/product_cat?post=2815"},{"taxonomy":"product_tag","embeddable":true,"href":"https:\/\/www.profiautos.com.br\/novosite\/wp-json\/wp\/v2\/product_tag?post=2815"}],"curies":[{"name":"wp","href":"https:\/\/api.w.org\/{rel}","templated":true}]}}