{"id":2666,"date":"2019-05-10T17:42:29","date_gmt":"2019-05-10T20:42:29","guid":{"rendered":"http:\/\/www.profiautos.com.br\/novosite\/?post_type=product&#038;p=2666"},"modified":"2020-08-18T14:48:25","modified_gmt":"2020-08-18T17:48:25","slug":"parafusadeira-e-furadeira-a-bateria-gsr-1000-smart-bosch","status":"publish","type":"product","link":"https:\/\/www.profiautos.com.br\/novosite\/produto\/parafusadeira-e-furadeira-a-bateria-gsr-1000-smart-bosch\/","title":{"rendered":"PARAFUSADEIRA E FURADEIRA A BATERIA GSR 1000-SMART BOSCH"},"content":{"rendered":"<p>PARA INFORMA\u00c7\u00d5ES DE VALORES , (85) 9 8732-1854 OU (85) 3034-1103<\/p>\n<p>Trabalha mais e por mais tempo: projetada para realizar mais de 100.000 parafusamentos. Visibilidade: Luz de LED ilumina a \u00e1rea de trabalho. Precis\u00e3o: Fun\u00e7\u00e3o motor break facilita o trabalho e garante parafusamentos exatos. Pr\u00e1tica: Indicador mostra o status da bateria. Maior controle: Pratico interruptor de velocidade vari\u00e1vel. Conforto: Punho ergon\u00f4mico com melhor design da categoria. Mandril de troca r\u00e1pida. Acompanha kit de 11 acess\u00f3rios.<\/p>\n","protected":false},"excerpt":{"rendered":"<p>PARA INFORMA\u00c7\u00d5ES DE VALORES , (85) 9 8732-1854 OU (85) 3034-1103 Trabalha mais e por mais tempo: projetada para realizar mais de 100.000 parafusamentos. Visibilidade: Luz de LED ilumina a \u00e1rea de trabalho. Precis\u00e3o: Fun\u00e7\u00e3o motor break facilita o trabalho e garante parafusamentos exatos. Pr\u00e1tica: Indicador mostra o status da bateria. Maior controle: Pratico interruptor [&hellip;]<\/p>\n","protected":false},"featured_media":2668,"template":"","meta":{"_exactmetrics_skip_tracking":false,"_exactmetrics_sitenote_active":false,"_exactmetrics_sitenote_note":"","_exactmetrics_sitenote_category":0},"product_cat":[24,19],"product_tag":[],"class_list":{"0":"post-2666","1":"product","2":"type-product","3":"status-publish","4":"has-post-thumbnail","6":"product_cat-eletricas","7":"product_cat-equipamentos-para-oficina","9":"first","10":"instock","11":"taxable","12":"shipping-taxable","13":"product-type-simple"},"_links":{"self":[{"href":"https:\/\/www.profiautos.com.br\/novosite\/wp-json\/wp\/v2\/product\/2666"}],"collection":[{"href":"https:\/\/www.profiautos.com.br\/novosite\/wp-json\/wp\/v2\/product"}],"about":[{"href":"https:\/\/www.profiautos.com.br\/novosite\/wp-json\/wp\/v2\/types\/product"}],"wp:featuredmedia":[{"embeddable":true,"href":"https:\/\/www.profiautos.com.br\/novosite\/wp-json\/wp\/v2\/media\/2668"}],"wp:attachment":[{"href":"https:\/\/www.profiautos.com.br\/novosite\/wp-json\/wp\/v2\/media?parent=2666"}],"wp:term":[{"taxonomy":"product_cat","embeddable":true,"href":"https:\/\/www.profiautos.com.br\/novosite\/wp-json\/wp\/v2\/product_cat?post=2666"},{"taxonomy":"product_tag","embeddable":true,"href":"https:\/\/www.profiautos.com.br\/novosite\/wp-json\/wp\/v2\/product_tag?post=2666"}],"curies":[{"name":"wp","href":"https:\/\/api.w.org\/{rel}","templated":true}]}}