{"id":2647,"date":"2019-04-20T10:52:20","date_gmt":"2019-04-20T13:52:20","guid":{"rendered":"http:\/\/www.profiautos.com.br\/novosite\/?post_type=product&#038;p=2647"},"modified":"2021-07-08T09:14:54","modified_gmt":"2021-07-08T12:14:54","slug":"lubrificante-spray-300ml-21ml-ref-rocast-lub-rocast-1410001","status":"publish","type":"product","link":"https:\/\/www.profiautos.com.br\/novosite\/produto\/lubrificante-spray-300ml-21ml-ref-rocast-lub-rocast-1410001\/","title":{"rendered":"\u00d3leo WD-40 Multiuso, Desengripante e Lubrificante, 300 ml"},"content":{"rendered":"<p dir=\"ltr\">O <strong>\u00d3leo WD-40 Multiuso<\/strong> possui 300 ml, e \u00e9 ideal para ser aplicado em remo\u00e7\u00e3o de oxida\u00e7\u00f5es e umidades em diversas superf\u00edcies: Componentes el\u00e9tricos e eletr\u00f4nicos, Carros, Motos, Avi\u00f5es, N\u00e1uticos, Equipamentos de ca\u00e7a e pesca.<\/p>\n<p dir=\"ltr\">Um produto seguro para uso sem aditivos como solventes ou mat\u00e9rias-primas corrosivas.<\/p>\n<p dir=\"ltr\">Caracter\u00edsticas<\/p>\n<p dir=\"ltr\">Marca: WD-40<\/p>\n<p dir=\"ltr\">Modelo: Multiuso<\/p>\n<p dir=\"ltr\">Tipo: Desengrinpante e Lubrificante<\/p>\n<p dir=\"ltr\">Uso: Dom\u00e9stico<\/p>\n<p dir=\"ltr\">Quantidade: 300 ml<\/p>\n<p dir=\"ltr\">Especifica\u00e7\u00f5es:<\/p>\n<p dir=\"ltr\">Aplica\u00e7\u00f5es: \u00a0Componentes el\u00e9tricos e eletr\u00f4nicos, Carros, Motos, Avi\u00f5es, N\u00e1uticos, Equipamentos de ca\u00e7a e pesca;<\/p>\n<p dir=\"ltr\">Remove oxida\u00e7\u00e3o e umidade;<\/p>\n<p dir=\"ltr\">N\u00e3o mancha;<\/p>\n<p dir=\"ltr\">N\u00e3o resseca borrachas e pl\u00e1sticos.<\/p>\n<p dir=\"ltr\">N\u00e3o possui solventes.<\/p>\n<p dir=\"ltr\">Itens Inclusos<\/p>\n<p dir=\"ltr\">1 \u00f3leo<\/p>\n<p dir=\"ltr\">Dimens\u00f5es<\/p>\n<p dir=\"ltr\">Peso: 300 gramas<\/p>\n","protected":false},"excerpt":{"rendered":"<p>O \u00d3leo WD-40 Multiuso possui 300 ml, e \u00e9 ideal para ser aplicado em remo\u00e7\u00e3o de oxida\u00e7\u00f5es e umidades em diversas superf\u00edcies: Componentes el\u00e9tricos e eletr\u00f4nicos, Carros, Motos, Avi\u00f5es, N\u00e1uticos, Equipamentos de ca\u00e7a e pesca. Um produto seguro para uso sem aditivos como solventes ou mat\u00e9rias-primas corrosivas. Caracter\u00edsticas Marca: WD-40 Modelo: Multiuso Tipo: Desengrinpante e [&hellip;]<\/p>\n","protected":false},"featured_media":2652,"template":"","meta":{"_exactmetrics_skip_tracking":false,"_exactmetrics_sitenote_active":false,"_exactmetrics_sitenote_note":"","_exactmetrics_sitenote_category":0},"product_cat":[27],"product_tag":[],"class_list":{"0":"post-2647","1":"product","2":"type-product","3":"status-publish","4":"has-post-thumbnail","6":"product_cat-oleo","8":"first","9":"instock","10":"taxable","11":"shipping-taxable","12":"product-type-simple"},"_links":{"self":[{"href":"https:\/\/www.profiautos.com.br\/novosite\/wp-json\/wp\/v2\/product\/2647"}],"collection":[{"href":"https:\/\/www.profiautos.com.br\/novosite\/wp-json\/wp\/v2\/product"}],"about":[{"href":"https:\/\/www.profiautos.com.br\/novosite\/wp-json\/wp\/v2\/types\/product"}],"wp:featuredmedia":[{"embeddable":true,"href":"https:\/\/www.profiautos.com.br\/novosite\/wp-json\/wp\/v2\/media\/2652"}],"wp:attachment":[{"href":"https:\/\/www.profiautos.com.br\/novosite\/wp-json\/wp\/v2\/media?parent=2647"}],"wp:term":[{"taxonomy":"product_cat","embeddable":true,"href":"https:\/\/www.profiautos.com.br\/novosite\/wp-json\/wp\/v2\/product_cat?post=2647"},{"taxonomy":"product_tag","embeddable":true,"href":"https:\/\/www.profiautos.com.br\/novosite\/wp-json\/wp\/v2\/product_tag?post=2647"}],"curies":[{"name":"wp","href":"https:\/\/api.w.org\/{rel}","templated":true}]}}