{"id":2638,"date":"2019-04-20T10:11:17","date_gmt":"2019-04-20T13:11:17","guid":{"rendered":"http:\/\/www.profiautos.com.br\/novosite\/?post_type=product&#038;p=2638"},"modified":"2021-07-08T09:20:50","modified_gmt":"2021-07-08T12:20:50","slug":"pistola-para-pintura-pneumatica-com-tanque-alto-600ml-pro-500","status":"publish","type":"product","link":"https:\/\/www.profiautos.com.br\/novosite\/produto\/pistola-para-pintura-pneumatica-com-tanque-alto-600ml-pro-500\/","title":{"rendered":"Pistola para Pintura Pneum\u00e1tica com Tanque Alto 600ml PRO-500"},"content":{"rendered":"<p>:: Press\u00e3o m\u00e1xima: 3 \u2013 4 ATM<br \/>\n:: Consumo: 75 \u2013 230 L\/min<br \/>\n:: Volume do tanque: 600ml<br \/>\n:: Acompanha 03 bicos<br \/>\n:: Di\u00e2metro dos bicos: 1,2 \u2013 1,5 \u2013 1,8mm<br \/>\n:: Peso: 520g<br \/>\n:: Tanque alto<br \/>\n:: Encaixe rosca de 1\/4&#8243; NPT<\/p>\n","protected":false},"excerpt":{"rendered":"<p>:: Press\u00e3o m\u00e1xima: 3 \u2013 4 ATM :: Consumo: 75 \u2013 230 L\/min :: Volume do tanque: 600ml :: Acompanha 03 bicos :: Di\u00e2metro dos bicos: 1,2 \u2013 1,5 \u2013 1,8mm :: Peso: 520g :: Tanque alto :: Encaixe rosca de 1\/4&#8243; NPT<\/p>\n","protected":false},"featured_media":2639,"template":"","meta":{"_exactmetrics_skip_tracking":false,"_exactmetrics_sitenote_active":false,"_exactmetrics_sitenote_note":"","_exactmetrics_sitenote_category":0},"product_cat":[50],"product_tag":[],"class_list":{"0":"post-2638","1":"product","2":"type-product","3":"status-publish","4":"has-post-thumbnail","6":"product_cat-pintura","8":"first","9":"instock","10":"taxable","11":"shipping-taxable","12":"product-type-simple"},"_links":{"self":[{"href":"https:\/\/www.profiautos.com.br\/novosite\/wp-json\/wp\/v2\/product\/2638"}],"collection":[{"href":"https:\/\/www.profiautos.com.br\/novosite\/wp-json\/wp\/v2\/product"}],"about":[{"href":"https:\/\/www.profiautos.com.br\/novosite\/wp-json\/wp\/v2\/types\/product"}],"wp:featuredmedia":[{"embeddable":true,"href":"https:\/\/www.profiautos.com.br\/novosite\/wp-json\/wp\/v2\/media\/2639"}],"wp:attachment":[{"href":"https:\/\/www.profiautos.com.br\/novosite\/wp-json\/wp\/v2\/media?parent=2638"}],"wp:term":[{"taxonomy":"product_cat","embeddable":true,"href":"https:\/\/www.profiautos.com.br\/novosite\/wp-json\/wp\/v2\/product_cat?post=2638"},{"taxonomy":"product_tag","embeddable":true,"href":"https:\/\/www.profiautos.com.br\/novosite\/wp-json\/wp\/v2\/product_tag?post=2638"}],"curies":[{"name":"wp","href":"https:\/\/api.w.org\/{rel}","templated":true}]}}