{"id":2626,"date":"2019-04-20T09:25:03","date_gmt":"2019-04-20T12:25:03","guid":{"rendered":"http:\/\/www.profiautos.com.br\/novosite\/?post_type=product&#038;p=2626"},"modified":"2021-07-08T09:22:46","modified_gmt":"2021-07-08T12:22:46","slug":"tinta-automotiva-cinza-orione","status":"publish","type":"product","link":"https:\/\/www.profiautos.com.br\/novosite\/produto\/tinta-automotiva-cinza-orione\/","title":{"rendered":"Tinta Automotiva Cinza Orione"},"content":{"rendered":"<h2 class=\"title-description\">Descri\u00e7\u00e3o do produto<\/h2>\n<p>Marca:\u00a0Sherwin Williams Automotive &#8211;\u00a0Lazzuril<\/p>\n<p>Modelo:\u00a0Tinta Poli\u00e9ster Fiat<\/p>\n<p>Cor:\u00a0Tinta Poli\u00e9ster Cinza Orione Met\u00e1lico<\/p>\n<p>C\u00f3digo:\u00a0<b>675<\/b><\/p>\n<p>Embalagem:\u00a00,900 Litros<\/p>\n","protected":false},"excerpt":{"rendered":"<p>Descri\u00e7\u00e3o do produto Marca:\u00a0Sherwin Williams Automotive &#8211;\u00a0Lazzuril Modelo:\u00a0Tinta Poli\u00e9ster Fiat Cor:\u00a0Tinta Poli\u00e9ster Cinza Orione Met\u00e1lico C\u00f3digo:\u00a0675 Embalagem:\u00a00,900 Litros<\/p>\n","protected":false},"featured_media":2618,"template":"","meta":{"_exactmetrics_skip_tracking":false,"_exactmetrics_sitenote_active":false,"_exactmetrics_sitenote_note":"","_exactmetrics_sitenote_category":0},"product_cat":[50,45],"product_tag":[],"class_list":{"0":"post-2626","1":"product","2":"type-product","3":"status-publish","4":"has-post-thumbnail","6":"product_cat-pintura","7":"product_cat-polimento","9":"first","10":"instock","11":"taxable","12":"shipping-taxable","13":"product-type-simple"},"_links":{"self":[{"href":"https:\/\/www.profiautos.com.br\/novosite\/wp-json\/wp\/v2\/product\/2626"}],"collection":[{"href":"https:\/\/www.profiautos.com.br\/novosite\/wp-json\/wp\/v2\/product"}],"about":[{"href":"https:\/\/www.profiautos.com.br\/novosite\/wp-json\/wp\/v2\/types\/product"}],"wp:featuredmedia":[{"embeddable":true,"href":"https:\/\/www.profiautos.com.br\/novosite\/wp-json\/wp\/v2\/media\/2618"}],"wp:attachment":[{"href":"https:\/\/www.profiautos.com.br\/novosite\/wp-json\/wp\/v2\/media?parent=2626"}],"wp:term":[{"taxonomy":"product_cat","embeddable":true,"href":"https:\/\/www.profiautos.com.br\/novosite\/wp-json\/wp\/v2\/product_cat?post=2626"},{"taxonomy":"product_tag","embeddable":true,"href":"https:\/\/www.profiautos.com.br\/novosite\/wp-json\/wp\/v2\/product_tag?post=2626"}],"curies":[{"name":"wp","href":"https:\/\/api.w.org\/{rel}","templated":true}]}}