{"id":2613,"date":"2019-04-18T17:25:51","date_gmt":"2019-04-18T20:25:51","guid":{"rendered":"http:\/\/www.profiautos.com.br\/novosite\/?post_type=product&#038;p=2613"},"modified":"2020-08-18T16:18:29","modified_gmt":"2020-08-18T19:18:29","slug":"painel-para-ferramentas-especiais-multimarcas-basico","status":"publish","type":"product","link":"https:\/\/www.profiautos.com.br\/novosite\/produto\/painel-para-ferramentas-especiais-multimarcas-basico\/","title":{"rendered":"Painel para ferramentas especiais multimarcas b\u00e1sico"},"content":{"rendered":"<p>PARA INFORMA\u00c7\u00d5ES DE VALORES , (85) 9 8732-1854 OU (85) 3034-1103<\/p>\n<p>&nbsp;<\/p>\n<p>Desenvolvido com materiais de alta qualidade, em chapa de a\u00e7o com pintura especial de alta resist\u00eancia, com silhuetas adesivas e suportes para as ferramentas.<\/p>\n<p>Moldura em alum\u00ednio.<\/p>\n<p>Desenvolvido para as oficinas multimarcas.<\/p>\n<p>Medidas: 1.140 mm x\u00a0700 mm<\/p>\n<p>Obs: Painel sem ferramentas<\/p>\n","protected":false},"excerpt":{"rendered":"<p>PARA INFORMA\u00c7\u00d5ES DE VALORES , (85) 9 8732-1854 OU (85) 3034-1103 &nbsp; Desenvolvido com materiais de alta qualidade, em chapa de a\u00e7o com pintura especial de alta resist\u00eancia, com silhuetas adesivas e suportes para as ferramentas. Moldura em alum\u00ednio. Desenvolvido para as oficinas multimarcas. Medidas: 1.140 mm x\u00a0700 mm Obs: Painel sem ferramentas<\/p>\n","protected":false},"featured_media":2614,"template":"","meta":{"_exactmetrics_skip_tracking":false,"_exactmetrics_sitenote_active":false,"_exactmetrics_sitenote_note":"","_exactmetrics_sitenote_category":0},"product_cat":[20,30,49],"product_tag":[],"class_list":{"0":"post-2613","1":"product","2":"type-product","3":"status-publish","4":"has-post-thumbnail","6":"product_cat-especiais-para-moto","7":"product_cat-ferramentas","8":"product_cat-injecao-eletronica-motos","10":"first","11":"instock","12":"taxable","13":"shipping-taxable","14":"product-type-simple"},"_links":{"self":[{"href":"https:\/\/www.profiautos.com.br\/novosite\/wp-json\/wp\/v2\/product\/2613"}],"collection":[{"href":"https:\/\/www.profiautos.com.br\/novosite\/wp-json\/wp\/v2\/product"}],"about":[{"href":"https:\/\/www.profiautos.com.br\/novosite\/wp-json\/wp\/v2\/types\/product"}],"wp:featuredmedia":[{"embeddable":true,"href":"https:\/\/www.profiautos.com.br\/novosite\/wp-json\/wp\/v2\/media\/2614"}],"wp:attachment":[{"href":"https:\/\/www.profiautos.com.br\/novosite\/wp-json\/wp\/v2\/media?parent=2613"}],"wp:term":[{"taxonomy":"product_cat","embeddable":true,"href":"https:\/\/www.profiautos.com.br\/novosite\/wp-json\/wp\/v2\/product_cat?post=2613"},{"taxonomy":"product_tag","embeddable":true,"href":"https:\/\/www.profiautos.com.br\/novosite\/wp-json\/wp\/v2\/product_tag?post=2613"}],"curies":[{"name":"wp","href":"https:\/\/api.w.org\/{rel}","templated":true}]}}