{"id":2568,"date":"2019-03-09T11:07:01","date_gmt":"2019-03-09T14:07:01","guid":{"rendered":"http:\/\/www.profiautos.com.br\/novosite\/?post_type=product&#038;p=2568"},"modified":"2021-01-12T17:28:46","modified_gmt":"2021-01-12T20:28:46","slug":"maquina-de-solda-eletrica-do-tipo-eletrodo-bx1-250a","status":"publish","type":"product","link":"https:\/\/www.profiautos.com.br\/novosite\/produto\/maquina-de-solda-eletrica-do-tipo-eletrodo-bx1-250a\/","title":{"rendered":"M\u00e1quina De Solda El\u00e9trica Do Tipo Eletrodo BX1-250A"},"content":{"rendered":"<div>Solda el\u00e9trica de 250 amperes.<\/div>\n<div><strong>Especifica\u00e7\u00f5es T\u00e9cnicas:<\/strong><\/div>\n<div>Tipo de Liga\u00e7\u00e3o:Monof\u00e1sica;<br \/>\nCorrente:80A-250A;<br \/>\nCiclo de trabalho: 10%;<br \/>\nEletrodo AWS 6013mm 2,0 &#8211; 4,0;<br \/>\nPot\u00eancia nominal: 8kva;<br \/>\nGrau de prote\u00e7\u00e3o:IP21S;<br \/>\nFaixa de corrente de entrada: 35-70 (110v) \/ 20-40 (220v);<br \/>\nFaixa de corrente de sa\u00edda: 55-250;<br \/>\nPossui sensor termal para desativar a m\u00e1quina em caso de sobrecarga;<br \/>\nPossui cooler para refrigera\u00e7\u00e3o;<br \/>\nPossui rodas que facilitam o transporte;<br \/>\nN\u00e3o solda alum\u00ednio;<br \/>\nPeso aproximado: 20kg.<\/div>\n<div><strong>Itens Inclusos:<\/strong><\/div>\n<div>1 solda el\u00e9trica com garra e porta-eletrodo;<br \/>\n1 m\u00e1scara de lente escura;<br \/>\n1 escova de a\u00e7o;<br \/>\n1 nota fiscal.<\/div>\n","protected":false},"excerpt":{"rendered":"<p>Solda el\u00e9trica de 250 amperes. Especifica\u00e7\u00f5es T\u00e9cnicas: Tipo de Liga\u00e7\u00e3o:Monof\u00e1sica; Corrente:80A-250A; Ciclo de trabalho: 10%; Eletrodo AWS 6013mm 2,0 &#8211; 4,0; Pot\u00eancia nominal: 8kva; Grau de prote\u00e7\u00e3o:IP21S; Faixa de corrente de entrada: 35-70 (110v) \/ 20-40 (220v); Faixa de corrente de sa\u00edda: 55-250; Possui sensor termal para desativar a m\u00e1quina em caso de sobrecarga; Possui [&hellip;]<\/p>\n","protected":false},"featured_media":2569,"template":"","meta":{"_exactmetrics_skip_tracking":false,"_exactmetrics_sitenote_active":false,"_exactmetrics_sitenote_note":"","_exactmetrics_sitenote_category":0},"product_cat":[63],"product_tag":[],"class_list":{"0":"post-2568","1":"product","2":"type-product","3":"status-publish","4":"has-post-thumbnail","6":"product_cat-solda","8":"first","9":"instock","10":"taxable","11":"shipping-taxable","12":"product-type-simple"},"_links":{"self":[{"href":"https:\/\/www.profiautos.com.br\/novosite\/wp-json\/wp\/v2\/product\/2568"}],"collection":[{"href":"https:\/\/www.profiautos.com.br\/novosite\/wp-json\/wp\/v2\/product"}],"about":[{"href":"https:\/\/www.profiautos.com.br\/novosite\/wp-json\/wp\/v2\/types\/product"}],"wp:featuredmedia":[{"embeddable":true,"href":"https:\/\/www.profiautos.com.br\/novosite\/wp-json\/wp\/v2\/media\/2569"}],"wp:attachment":[{"href":"https:\/\/www.profiautos.com.br\/novosite\/wp-json\/wp\/v2\/media?parent=2568"}],"wp:term":[{"taxonomy":"product_cat","embeddable":true,"href":"https:\/\/www.profiautos.com.br\/novosite\/wp-json\/wp\/v2\/product_cat?post=2568"},{"taxonomy":"product_tag","embeddable":true,"href":"https:\/\/www.profiautos.com.br\/novosite\/wp-json\/wp\/v2\/product_tag?post=2568"}],"curies":[{"name":"wp","href":"https:\/\/api.w.org\/{rel}","templated":true}]}}