{"id":2564,"date":"2019-03-09T09:52:23","date_gmt":"2019-03-09T12:52:23","guid":{"rendered":"http:\/\/www.profiautos.com.br\/novosite\/?post_type=product&#038;p=2564"},"modified":"2021-07-08T09:23:57","modified_gmt":"2021-07-08T12:23:57","slug":"arame-de-08-mm-1-kg-para-solda-mig-sem-gas-v8-brasil","status":"publish","type":"product","link":"https:\/\/www.profiautos.com.br\/novosite\/produto\/arame-de-08-mm-1-kg-para-solda-mig-sem-gas-v8-brasil\/","title":{"rendered":"ARAME DE 0,8 MM 1 KG PARA SOLDA MIG SEM G\u00c1S &#8211; V8 BRASIL"},"content":{"rendered":"<p>Arame para solda revestido.<br \/>\nSoldagem extremamente macia e produtiva.<br \/>\nUtilizado em conjunto com m\u00e1quina de soldas Mig sem g\u00e1s.<br \/>\nDi\u00e2metro do arame: 0,8 mm.<br \/>\nCarretel com 1 Kg.<\/p>\n<p>Marca: V8 Brasil<\/p>\n","protected":false},"excerpt":{"rendered":"<p>Arame para solda revestido. Soldagem extremamente macia e produtiva. Utilizado em conjunto com m\u00e1quina de soldas Mig sem g\u00e1s. Di\u00e2metro do arame: 0,8 mm. Carretel com 1 Kg. Marca: V8 Brasil<\/p>\n","protected":false},"featured_media":2565,"template":"","meta":{"_exactmetrics_skip_tracking":false,"_exactmetrics_sitenote_active":false,"_exactmetrics_sitenote_note":"","_exactmetrics_sitenote_category":0},"product_cat":[63],"product_tag":[],"class_list":{"0":"post-2564","1":"product","2":"type-product","3":"status-publish","4":"has-post-thumbnail","6":"product_cat-solda","8":"first","9":"instock","10":"taxable","11":"shipping-taxable","12":"product-type-simple"},"_links":{"self":[{"href":"https:\/\/www.profiautos.com.br\/novosite\/wp-json\/wp\/v2\/product\/2564"}],"collection":[{"href":"https:\/\/www.profiautos.com.br\/novosite\/wp-json\/wp\/v2\/product"}],"about":[{"href":"https:\/\/www.profiautos.com.br\/novosite\/wp-json\/wp\/v2\/types\/product"}],"wp:featuredmedia":[{"embeddable":true,"href":"https:\/\/www.profiautos.com.br\/novosite\/wp-json\/wp\/v2\/media\/2565"}],"wp:attachment":[{"href":"https:\/\/www.profiautos.com.br\/novosite\/wp-json\/wp\/v2\/media?parent=2564"}],"wp:term":[{"taxonomy":"product_cat","embeddable":true,"href":"https:\/\/www.profiautos.com.br\/novosite\/wp-json\/wp\/v2\/product_cat?post=2564"},{"taxonomy":"product_tag","embeddable":true,"href":"https:\/\/www.profiautos.com.br\/novosite\/wp-json\/wp\/v2\/product_tag?post=2564"}],"curies":[{"name":"wp","href":"https:\/\/api.w.org\/{rel}","templated":true}]}}