{"id":2562,"date":"2019-03-09T09:46:40","date_gmt":"2019-03-09T12:46:40","guid":{"rendered":"http:\/\/www.profiautos.com.br\/novosite\/?post_type=product&#038;p=2562"},"modified":"2021-07-08T09:24:04","modified_gmt":"2021-07-08T12:24:04","slug":"pulverizador-costal-manual-20-litros-noll","status":"publish","type":"product","link":"https:\/\/www.profiautos.com.br\/novosite\/produto\/pulverizador-costal-manual-20-litros-noll\/","title":{"rendered":"Pulverizador Costal Manual 20 Litros &#8211; Noll"},"content":{"rendered":"<p>Pulverizador manual<br \/>\nLeve, port\u00e1til e f\u00e1cil manuseio.<br \/>\nAlavanca, lan\u00e7a e bra\u00e7o fixado com grampos para f\u00e1cil transporte.<br \/>\nIdeal para pulverizar \u00e1gua, fertilizantes, herbicidas e pesticidas em jardins, resid\u00eancias, pr\u00e9dios e condom\u00ednio, empresas e planta\u00e7\u00f5es.<br \/>\nUsado tamb\u00e9m para pulverizar detergentes l\u00edquidos na limpeza de paredes e cal\u00e7adas proporcionando praticidade e menos tempo no trabalho.<\/p>\n<p>DADOS T\u00c9CNICOSMarca: NOLL<br \/>\nCapacidade: 20 litros.<\/p>\n","protected":false},"excerpt":{"rendered":"<p>Pulverizador manual Leve, port\u00e1til e f\u00e1cil manuseio. Alavanca, lan\u00e7a e bra\u00e7o fixado com grampos para f\u00e1cil transporte. Ideal para pulverizar \u00e1gua, fertilizantes, herbicidas e pesticidas em jardins, resid\u00eancias, pr\u00e9dios e condom\u00ednio, empresas e planta\u00e7\u00f5es. Usado tamb\u00e9m para pulverizar detergentes l\u00edquidos na limpeza de paredes e cal\u00e7adas proporcionando praticidade e menos tempo no trabalho. DADOS T\u00c9CNICOSMarca: [&hellip;]<\/p>\n","protected":false},"featured_media":2563,"template":"","meta":{"_exactmetrics_skip_tracking":false,"_exactmetrics_sitenote_active":false,"_exactmetrics_sitenote_note":"","_exactmetrics_sitenote_category":0},"product_cat":[61],"product_tag":[],"class_list":{"0":"post-2562","1":"product","2":"type-product","3":"status-publish","4":"has-post-thumbnail","6":"product_cat-variedade","8":"first","9":"instock","10":"taxable","11":"shipping-taxable","12":"product-type-simple"},"_links":{"self":[{"href":"https:\/\/www.profiautos.com.br\/novosite\/wp-json\/wp\/v2\/product\/2562"}],"collection":[{"href":"https:\/\/www.profiautos.com.br\/novosite\/wp-json\/wp\/v2\/product"}],"about":[{"href":"https:\/\/www.profiautos.com.br\/novosite\/wp-json\/wp\/v2\/types\/product"}],"wp:featuredmedia":[{"embeddable":true,"href":"https:\/\/www.profiautos.com.br\/novosite\/wp-json\/wp\/v2\/media\/2563"}],"wp:attachment":[{"href":"https:\/\/www.profiautos.com.br\/novosite\/wp-json\/wp\/v2\/media?parent=2562"}],"wp:term":[{"taxonomy":"product_cat","embeddable":true,"href":"https:\/\/www.profiautos.com.br\/novosite\/wp-json\/wp\/v2\/product_cat?post=2562"},{"taxonomy":"product_tag","embeddable":true,"href":"https:\/\/www.profiautos.com.br\/novosite\/wp-json\/wp\/v2\/product_tag?post=2562"}],"curies":[{"name":"wp","href":"https:\/\/api.w.org\/{rel}","templated":true}]}}