{"id":2558,"date":"2019-03-09T09:35:44","date_gmt":"2019-03-09T12:35:44","guid":{"rendered":"http:\/\/www.profiautos.com.br\/novosite\/?post_type=product&#038;p=2558"},"modified":"2021-07-08T09:25:09","modified_gmt":"2021-07-08T12:25:09","slug":"soldador-de-parachoque-parafix-v8-brasil-2","status":"publish","type":"product","link":"https:\/\/www.profiautos.com.br\/novosite\/produto\/soldador-de-parachoque-parafix-v8-brasil-2\/","title":{"rendered":"Soldador De Parachoque Parafix V8 Brasil"},"content":{"rendered":"<p>SOLDADOR DE PARACHOQUE \u2013 PARAFIX \u2013 V8 BRASIL<\/p>\n<p>INFORMA\u00c7\u00d5ES GERAIS<\/p>\n<p>Acompanha 100 grampos met\u00e1licos<br \/>\nGrampeia o para-choque com grampos de a\u00e7o<\/p>\n<p>Categorias Automotivos, Soldador de Para-Choque<br \/>\nDESCRI\u00c7\u00c3O DO PRODUTO<\/p>\n<p>VANTAGENS<\/p>\n<p>Equipamento port\u00e1til<br \/>\nBaixo custo<br \/>\nTempo de conclus\u00e3o do trabalho muito mais r\u00e1pido do que os m\u00e9todos convencionais<br \/>\nAPLICA\u00c7\u00d5ES<\/p>\n<p>Oficinas de funilaria<br \/>\nESPECIFICA\u00c7\u00d5ES T\u00c9CNICAS<\/p>\n<p>Pot\u00eancia \u2013 138W<br \/>\nTens\u00e3o \u2013 110V \/ 220V (Bivolt)<br \/>\nFrequ\u00eancia \u2013 60 Hz<br \/>\nCorrente \u2013 55 A<br \/>\nTens\u00e3o de sa\u00edda \u2013 2,5V<br \/>\nPeso: 6Kg<\/p>\n","protected":false},"excerpt":{"rendered":"<p>SOLDADOR DE PARACHOQUE \u2013 PARAFIX \u2013 V8 BRASIL INFORMA\u00c7\u00d5ES GERAIS Acompanha 100 grampos met\u00e1licos Grampeia o para-choque com grampos de a\u00e7o Categorias Automotivos, Soldador de Para-Choque DESCRI\u00c7\u00c3O DO PRODUTO VANTAGENS Equipamento port\u00e1til Baixo custo Tempo de conclus\u00e3o do trabalho muito mais r\u00e1pido do que os m\u00e9todos convencionais APLICA\u00c7\u00d5ES Oficinas de funilaria ESPECIFICA\u00c7\u00d5ES T\u00c9CNICAS Pot\u00eancia \u2013 [&hellip;]<\/p>\n","protected":false},"featured_media":2559,"template":"","meta":{"_exactmetrics_skip_tracking":false,"_exactmetrics_sitenote_active":false,"_exactmetrics_sitenote_note":"","_exactmetrics_sitenote_category":0},"product_cat":[63],"product_tag":[],"class_list":{"0":"post-2558","1":"product","2":"type-product","3":"status-publish","4":"has-post-thumbnail","6":"product_cat-solda","8":"first","9":"instock","10":"taxable","11":"shipping-taxable","12":"product-type-simple"},"_links":{"self":[{"href":"https:\/\/www.profiautos.com.br\/novosite\/wp-json\/wp\/v2\/product\/2558"}],"collection":[{"href":"https:\/\/www.profiautos.com.br\/novosite\/wp-json\/wp\/v2\/product"}],"about":[{"href":"https:\/\/www.profiautos.com.br\/novosite\/wp-json\/wp\/v2\/types\/product"}],"wp:featuredmedia":[{"embeddable":true,"href":"https:\/\/www.profiautos.com.br\/novosite\/wp-json\/wp\/v2\/media\/2559"}],"wp:attachment":[{"href":"https:\/\/www.profiautos.com.br\/novosite\/wp-json\/wp\/v2\/media?parent=2558"}],"wp:term":[{"taxonomy":"product_cat","embeddable":true,"href":"https:\/\/www.profiautos.com.br\/novosite\/wp-json\/wp\/v2\/product_cat?post=2558"},{"taxonomy":"product_tag","embeddable":true,"href":"https:\/\/www.profiautos.com.br\/novosite\/wp-json\/wp\/v2\/product_tag?post=2558"}],"curies":[{"name":"wp","href":"https:\/\/api.w.org\/{rel}","templated":true}]}}