{"id":2554,"date":"2019-03-09T09:28:37","date_gmt":"2019-03-09T12:28:37","guid":{"rendered":"http:\/\/www.profiautos.com.br\/novosite\/?post_type=product&#038;p=2554"},"modified":"2021-07-08T09:25:26","modified_gmt":"2021-07-08T12:25:26","slug":"inversora-solda-180-kab180-ie7180-bivolt-super-tork","status":"publish","type":"product","link":"https:\/\/www.profiautos.com.br\/novosite\/produto\/inversora-solda-180-kab180-ie7180-bivolt-super-tork\/","title":{"rendered":"Inversora solda 180 kab180 ie7180 bivolt &#8211; Super tork"},"content":{"rendered":"<h2 class=\"description__product-title\">Inversora solda 180 kab180 ie7180 bivolt &#8211; Super tork<\/h2>\n<p>HOT-START AUTOM\u00c1TICO (Facilidade de abertura de arco el\u00e9trico com v\u00e1rios tipos e di\u00e2metros de eletrodos). ARC-FORCE AUTOM\u00c1TICO (Controle de estabilidade de arco el\u00e9trico inteligente, mant\u00e9m o arco balanceado com corrente + tens\u00e3o). ANTI-STICKING MMA (N\u00e3o cola o eletrodo na pe\u00e7a de trabalho, dispositivo de aferi\u00e7\u00e3o r\u00e1pida e resposta imediata ao curto). Tecnologia IGBT, potente corrente de solda e baixo consumno de enrgia el\u00e9trica. Indicador de prote\u00e7\u00e3o t\u00e9rmica (Seguran\u00e7a e intelig\u00eancia). Display Digital (Visualiza\u00e7\u00e3o da corrente de solda e configura\u00e7\u00e3o precisa).<\/p>\n","protected":false},"excerpt":{"rendered":"<p>Inversora solda 180 kab180 ie7180 bivolt &#8211; Super tork HOT-START AUTOM\u00c1TICO (Facilidade de abertura de arco el\u00e9trico com v\u00e1rios tipos e di\u00e2metros de eletrodos). ARC-FORCE AUTOM\u00c1TICO (Controle de estabilidade de arco el\u00e9trico inteligente, mant\u00e9m o arco balanceado com corrente + tens\u00e3o). ANTI-STICKING MMA (N\u00e3o cola o eletrodo na pe\u00e7a de trabalho, dispositivo de aferi\u00e7\u00e3o r\u00e1pida [&hellip;]<\/p>\n","protected":false},"featured_media":2555,"template":"","meta":{"_exactmetrics_skip_tracking":false,"_exactmetrics_sitenote_active":false,"_exactmetrics_sitenote_note":"","_exactmetrics_sitenote_category":0},"product_cat":[63],"product_tag":[],"class_list":{"0":"post-2554","1":"product","2":"type-product","3":"status-publish","4":"has-post-thumbnail","6":"product_cat-solda","8":"first","9":"instock","10":"taxable","11":"shipping-taxable","12":"product-type-simple"},"_links":{"self":[{"href":"https:\/\/www.profiautos.com.br\/novosite\/wp-json\/wp\/v2\/product\/2554"}],"collection":[{"href":"https:\/\/www.profiautos.com.br\/novosite\/wp-json\/wp\/v2\/product"}],"about":[{"href":"https:\/\/www.profiautos.com.br\/novosite\/wp-json\/wp\/v2\/types\/product"}],"wp:featuredmedia":[{"embeddable":true,"href":"https:\/\/www.profiautos.com.br\/novosite\/wp-json\/wp\/v2\/media\/2555"}],"wp:attachment":[{"href":"https:\/\/www.profiautos.com.br\/novosite\/wp-json\/wp\/v2\/media?parent=2554"}],"wp:term":[{"taxonomy":"product_cat","embeddable":true,"href":"https:\/\/www.profiautos.com.br\/novosite\/wp-json\/wp\/v2\/product_cat?post=2554"},{"taxonomy":"product_tag","embeddable":true,"href":"https:\/\/www.profiautos.com.br\/novosite\/wp-json\/wp\/v2\/product_tag?post=2554"}],"curies":[{"name":"wp","href":"https:\/\/api.w.org\/{rel}","templated":true}]}}