{"id":2539,"date":"2019-03-09T08:48:00","date_gmt":"2019-03-09T11:48:00","guid":{"rendered":"http:\/\/www.profiautos.com.br\/novosite\/?post_type=product&#038;p=2539"},"modified":"2021-07-08T09:26:49","modified_gmt":"2021-07-08T12:26:49","slug":"extratora-fort-max-2","status":"publish","type":"product","link":"https:\/\/www.profiautos.com.br\/novosite\/produto\/extratora-fort-max-2\/","title":{"rendered":"Extratora Fort Max &#8211; 2"},"content":{"rendered":"<p>02 Motores (2&#215;1400 W)<br \/>\nTens\u00e3o 220V Monof\u00e1sico<br \/>\nReservat\u00f3rio de \u00c1gua Suja com 62 Lts<br \/>\nReservat\u00f3rio de \u00c1gua Limpa com 27 Lts<br \/>\nAcompanha: Mangueira de 2,5 mts e extrator pequeno para tecidos.<\/p>\n","protected":false},"excerpt":{"rendered":"<p>02 Motores (2&#215;1400 W) Tens\u00e3o 220V Monof\u00e1sico Reservat\u00f3rio de \u00c1gua Suja com 62 Lts Reservat\u00f3rio de \u00c1gua Limpa com 27 Lts Acompanha: Mangueira de 2,5 mts e extrator pequeno para tecidos.<\/p>\n","protected":false},"featured_media":2540,"template":"","meta":{"_exactmetrics_skip_tracking":false,"_exactmetrics_sitenote_active":false,"_exactmetrics_sitenote_note":"","_exactmetrics_sitenote_category":0},"product_cat":[61],"product_tag":[],"class_list":{"0":"post-2539","1":"product","2":"type-product","3":"status-publish","4":"has-post-thumbnail","6":"product_cat-variedade","8":"first","9":"instock","10":"taxable","11":"shipping-taxable","12":"product-type-simple"},"_links":{"self":[{"href":"https:\/\/www.profiautos.com.br\/novosite\/wp-json\/wp\/v2\/product\/2539"}],"collection":[{"href":"https:\/\/www.profiautos.com.br\/novosite\/wp-json\/wp\/v2\/product"}],"about":[{"href":"https:\/\/www.profiautos.com.br\/novosite\/wp-json\/wp\/v2\/types\/product"}],"wp:featuredmedia":[{"embeddable":true,"href":"https:\/\/www.profiautos.com.br\/novosite\/wp-json\/wp\/v2\/media\/2540"}],"wp:attachment":[{"href":"https:\/\/www.profiautos.com.br\/novosite\/wp-json\/wp\/v2\/media?parent=2539"}],"wp:term":[{"taxonomy":"product_cat","embeddable":true,"href":"https:\/\/www.profiautos.com.br\/novosite\/wp-json\/wp\/v2\/product_cat?post=2539"},{"taxonomy":"product_tag","embeddable":true,"href":"https:\/\/www.profiautos.com.br\/novosite\/wp-json\/wp\/v2\/product_tag?post=2539"}],"curies":[{"name":"wp","href":"https:\/\/api.w.org\/{rel}","templated":true}]}}