{"id":2512,"date":"2022-04-25T16:30:15","date_gmt":"2022-04-25T19:30:15","guid":{"rendered":"http:\/\/www.profiautos.com.br\/novosite\/?post_type=product&#038;p=2512"},"modified":"2023-11-07T13:49:15","modified_gmt":"2023-11-07T16:49:15","slug":"borracheiro-e-montador-de-rodas-de-carros-motos-e-bicicletas","status":"publish","type":"product","link":"https:\/\/www.profiautos.com.br\/novosite\/produto\/borracheiro-e-montador-de-rodas-de-carros-motos-e-bicicletas\/","title":{"rendered":"BORRACHEIRO E MONTADOR DE RODAS"},"content":{"rendered":"<p><strong>BORRACHEIRO E MONTADOR DE RODAS<\/strong><\/p>\n<p><strong>Objetivo:\u00a0<\/strong>Qualificar Profissionais para que possam atuar na manuten\u00e7\u00e3o de equipamentos, montagem e desmontagem de pneus e\u00a0alinhamento.<\/p>\n<p><strong>Conte\u00fado Program\u00e1tico <\/strong><\/p>\n<ul>\n<li>Trocas de Pneus;<\/li>\n<li>Calibra\u00e7\u00e3o;<\/li>\n<li>Remendo de C\u00e2mara;<\/li>\n<li>Remendo de Pneus;<\/li>\n<li>Vulcaniza\u00e7\u00e3o de Pneus;<\/li>\n<li>Desmontagem de rodas;<\/li>\n<li>Rodas Blindadas;<\/li>\n<li>Uso da Vulcanizadora;<\/li>\n<li>Remendo a Frio;<\/li>\n<li>Balanceamento.<\/li>\n<\/ul>\n<p><strong>Dura\u00e7\u00e3o:\u00a0<\/strong>1 semana (10 hrs);<\/p>\n<p><strong>Data:<\/strong>\u00a020\/11\/2023 (Previs\u00e3o);<\/p>\n<p><strong>Hor\u00e1rio das aulas:<\/strong>\u00a0Segunda-feira \u00e0 Quinta-feira (19:00 \u00e0s 21:30);<\/p>\n<p><strong>Incluso:<\/strong>\u00a0Material Did\u00e1tico e Certificado de Conclus\u00e3o;<\/p>\n<p><strong>Formas de Pagamento:<\/strong>\u00a0R$500,00 \u00e0 vista ou R$550,00 em at\u00e9 3x sem juros no Cart\u00e3o de Cr\u00e9dito.<\/p>\n","protected":false},"excerpt":{"rendered":"<p>BORRACHEIRO E MONTADOR DE RODAS Objetivo:\u00a0Qualificar Profissionais para que possam atuar na manuten\u00e7\u00e3o de equipamentos, montagem e desmontagem de pneus e\u00a0alinhamento. Conte\u00fado Program\u00e1tico Trocas de Pneus; Calibra\u00e7\u00e3o; Remendo de C\u00e2mara; Remendo de Pneus; Vulcaniza\u00e7\u00e3o de Pneus; Desmontagem de rodas; Rodas Blindadas; Uso da Vulcanizadora; Remendo a Frio; Balanceamento. Dura\u00e7\u00e3o:\u00a01 semana (10 hrs); Data:\u00a020\/11\/2023 (Previs\u00e3o); Hor\u00e1rio [&hellip;]<\/p>\n","protected":false},"featured_media":3447,"template":"","meta":{"_exactmetrics_skip_tracking":false,"_exactmetrics_sitenote_active":false,"_exactmetrics_sitenote_note":"","_exactmetrics_sitenote_category":0},"product_cat":[8,14],"product_tag":[],"class_list":{"0":"post-2512","1":"product","2":"type-product","3":"status-publish","4":"has-post-thumbnail","6":"product_cat-cursos-automotivos","7":"product_cat-cursos-com-matriculas-abertas","9":"first","10":"instock","11":"taxable","12":"shipping-taxable","13":"purchasable","14":"product-type-simple"},"_links":{"self":[{"href":"https:\/\/www.profiautos.com.br\/novosite\/wp-json\/wp\/v2\/product\/2512"}],"collection":[{"href":"https:\/\/www.profiautos.com.br\/novosite\/wp-json\/wp\/v2\/product"}],"about":[{"href":"https:\/\/www.profiautos.com.br\/novosite\/wp-json\/wp\/v2\/types\/product"}],"wp:featuredmedia":[{"embeddable":true,"href":"https:\/\/www.profiautos.com.br\/novosite\/wp-json\/wp\/v2\/media\/3447"}],"wp:attachment":[{"href":"https:\/\/www.profiautos.com.br\/novosite\/wp-json\/wp\/v2\/media?parent=2512"}],"wp:term":[{"taxonomy":"product_cat","embeddable":true,"href":"https:\/\/www.profiautos.com.br\/novosite\/wp-json\/wp\/v2\/product_cat?post=2512"},{"taxonomy":"product_tag","embeddable":true,"href":"https:\/\/www.profiautos.com.br\/novosite\/wp-json\/wp\/v2\/product_tag?post=2512"}],"curies":[{"name":"wp","href":"https:\/\/api.w.org\/{rel}","templated":true}]}}