{"id":2477,"date":"2022-04-04T15:00:36","date_gmt":"2022-04-04T18:00:36","guid":{"rendered":"http:\/\/www.profiautos.com.br\/novosite\/?post_type=product&#038;p=2477"},"modified":"2025-10-29T17:40:24","modified_gmt":"2025-10-29T20:40:24","slug":"panificacao","status":"publish","type":"product","link":"https:\/\/www.profiautos.com.br\/novosite\/produto\/panificacao\/","title":{"rendered":"CURSO DE PANIFICA\u00c7\u00c3O"},"content":{"rendered":"<p><strong>CURSO DE PANIFICA\u00c7\u00c3O<\/strong><\/p>\n<p><strong>Conte\u00fado Program\u00e1tico:<\/strong><\/p>\n<ul>\n<li>Boas pr\u00e1ticas;<\/li>\n<li>Ingredientes e formula\u00e7\u00e3o do p\u00e3o;<\/li>\n<li>P\u00e3o hamb\u00farguer,hot dog e focaccia;<\/li>\n<li>P\u00e3o de coco, p\u00e3o de leite, crostini;<\/li>\n<li>Donuts e sonhos;<\/li>\n<li>Panetone e chocotone trufado;<\/li>\n<li>Maria maluca e biscoitos amanteigados e sequilhos;<\/li>\n<li>Semifolhados croassint simples e recheados;<\/li>\n<li>P\u00e3o franc\u00eas e baguete;<\/li>\n<li>P\u00e3es integrais e com gr\u00e3os;<\/li>\n<li>P\u00e3o doces e tran\u00e7as;<\/li>\n<li>Semifolhados costela de ad\u00e3o, p\u00e3o de rolo e p\u00e3o treli\u00e7a.<\/li>\n<\/ul>\n<p><strong>Dura\u00e7\u00e3o:<\/strong> 4 dias (12 hrs\/a)<\/p>\n<p><strong>Hor\u00e1rio:<\/strong> Ter\u00e7a-feira \u00e1 Sexta-feira (14:00 \u00e0s 17:00);<\/p>\n<p><strong>Previs\u00e3o:<\/strong> 13\/01\/2026<\/p>\n<p><strong>Incluso:<\/strong> Material Did\u00e1tico e Certificado de Conclus\u00e3o;<\/p>\n<p><strong>Formas de Pagamento:<\/strong>\u00a0A vista ou em at\u00e9 3x sem juros no Cart\u00e3o de Cr\u00e9dito.<\/p>\n","protected":false},"excerpt":{"rendered":"<p>CURSO DE PANIFICA\u00c7\u00c3O Conte\u00fado Program\u00e1tico: Boas pr\u00e1ticas; Ingredientes e formula\u00e7\u00e3o do p\u00e3o; P\u00e3o hamb\u00farguer,hot dog e focaccia; P\u00e3o de coco, p\u00e3o de leite, crostini; Donuts e sonhos; Panetone e chocotone trufado; Maria maluca e biscoitos amanteigados e sequilhos; Semifolhados croassint simples e recheados; P\u00e3o franc\u00eas e baguete; P\u00e3es integrais e com gr\u00e3os; P\u00e3o doces e [&hellip;]<\/p>\n","protected":false},"featured_media":2249,"template":"","meta":{"_exactmetrics_skip_tracking":false,"_exactmetrics_sitenote_active":false,"_exactmetrics_sitenote_note":"","_exactmetrics_sitenote_category":0},"product_cat":[14,9],"product_tag":[],"class_list":{"0":"post-2477","1":"product","2":"type-product","3":"status-publish","4":"has-post-thumbnail","6":"product_cat-cursos-com-matriculas-abertas","7":"product_cat-cursos-de-gastronomia","9":"first","10":"instock","11":"taxable","12":"shipping-taxable","13":"purchasable","14":"product-type-simple"},"_links":{"self":[{"href":"https:\/\/www.profiautos.com.br\/novosite\/wp-json\/wp\/v2\/product\/2477"}],"collection":[{"href":"https:\/\/www.profiautos.com.br\/novosite\/wp-json\/wp\/v2\/product"}],"about":[{"href":"https:\/\/www.profiautos.com.br\/novosite\/wp-json\/wp\/v2\/types\/product"}],"wp:featuredmedia":[{"embeddable":true,"href":"https:\/\/www.profiautos.com.br\/novosite\/wp-json\/wp\/v2\/media\/2249"}],"wp:attachment":[{"href":"https:\/\/www.profiautos.com.br\/novosite\/wp-json\/wp\/v2\/media?parent=2477"}],"wp:term":[{"taxonomy":"product_cat","embeddable":true,"href":"https:\/\/www.profiautos.com.br\/novosite\/wp-json\/wp\/v2\/product_cat?post=2477"},{"taxonomy":"product_tag","embeddable":true,"href":"https:\/\/www.profiautos.com.br\/novosite\/wp-json\/wp\/v2\/product_tag?post=2477"}],"curies":[{"name":"wp","href":"https:\/\/api.w.org\/{rel}","templated":true}]}}