{"id":2461,"date":"2022-04-04T13:00:54","date_gmt":"2022-04-04T16:00:54","guid":{"rendered":"http:\/\/www.profiautos.com.br\/novosite\/?post_type=product&#038;p=2461"},"modified":"2024-02-21T15:29:47","modified_gmt":"2024-02-21T18:29:47","slug":"mecanica-de-manutencao-em-bicicletas","status":"publish","type":"product","link":"https:\/\/www.profiautos.com.br\/novosite\/produto\/mecanica-de-manutencao-em-bicicletas\/","title":{"rendered":"MEC\u00c2NICA DE MANUTEN\u00c7\u00c3O EM BICICLETAS 2 &#8211; INTERMEDI\u00c1RIO"},"content":{"rendered":"<p><strong>MEC\u00c2NICA DE MANUTEN\u00c7\u00c3O EM BICICLETAS 2 &#8211; INTERMEDI\u00c1RIO<\/strong><\/p>\n<p><strong>CONTE\u00daDO PROGRAM\u00c1TICO:<\/strong><\/p>\n<ul>\n<li>Desmontagem, inspe\u00e7\u00e3o e ajuste da roda dianteira e traseira;<\/li>\n<li>Limpeza de componentes;<\/li>\n<li>Apresenta\u00e7\u00e3o e utiliza\u00e7\u00e3o de ferramentas e equipamentos de precis\u00e3o;<\/li>\n<li>Conjunto de c\u00e2mbio, ajustes e reparos;<\/li>\n<li>Transmiss\u00e3o corrente;<\/li>\n<li>Sistemas de freios hidr\u00e1ulicos e mec\u00e2nicos;<\/li>\n<li>Manuten\u00e7\u00e3o e reparos pr\u00e1ticos de bike;<\/li>\n<li>Troca de pneus;<\/li>\n<li>Regulagem.<\/li>\n<\/ul>\n<p><strong>Dura\u00e7\u00e3o: <\/strong>2 semanas (20 hrs);<\/p>\n<p><strong>Per\u00edodo:<\/strong>\u00a0Forma\u00e7\u00e3o;<\/p>\n<p><strong>Hor\u00e1rio das aulas:<\/strong> Segunda-feira \u00e0 Quinta-feira (19:00 \u00e1s 21:30);<\/p>\n<p><strong>Incluso:<\/strong> Material Did\u00e1tico e Certificado de Participa\u00e7\u00e3o;<\/p>\n<p><strong>Forma de Pagamento:<\/strong>\u00a0A vista ou em at\u00e9 3x sem juros no Cart\u00e3o de Cr\u00e9dito.<\/p>\n","protected":false},"excerpt":{"rendered":"<p>MEC\u00c2NICA DE MANUTEN\u00c7\u00c3O EM BICICLETAS 2 &#8211; INTERMEDI\u00c1RIO CONTE\u00daDO PROGRAM\u00c1TICO: Desmontagem, inspe\u00e7\u00e3o e ajuste da roda dianteira e traseira; Limpeza de componentes; Apresenta\u00e7\u00e3o e utiliza\u00e7\u00e3o de ferramentas e equipamentos de precis\u00e3o; Conjunto de c\u00e2mbio, ajustes e reparos; Transmiss\u00e3o corrente; Sistemas de freios hidr\u00e1ulicos e mec\u00e2nicos; Manuten\u00e7\u00e3o e reparos pr\u00e1ticos de bike; Troca de pneus; Regulagem. [&hellip;]<\/p>\n","protected":false},"featured_media":3724,"template":"","meta":{"_exactmetrics_skip_tracking":false,"_exactmetrics_sitenote_active":false,"_exactmetrics_sitenote_note":"","_exactmetrics_sitenote_category":0},"product_cat":[14,10,43,64],"product_tag":[],"class_list":{"0":"post-2461","1":"product","2":"type-product","3":"status-publish","4":"has-post-thumbnail","6":"product_cat-cursos-com-matriculas-abertas","7":"product_cat-cursos-de-motocicletas","8":"product_cat-domestico","9":"product_cat-ferramentas-para-bicicletas","11":"first","12":"outofstock","13":"taxable","14":"shipping-taxable","15":"purchasable","16":"product-type-simple"},"_links":{"self":[{"href":"https:\/\/www.profiautos.com.br\/novosite\/wp-json\/wp\/v2\/product\/2461"}],"collection":[{"href":"https:\/\/www.profiautos.com.br\/novosite\/wp-json\/wp\/v2\/product"}],"about":[{"href":"https:\/\/www.profiautos.com.br\/novosite\/wp-json\/wp\/v2\/types\/product"}],"wp:featuredmedia":[{"embeddable":true,"href":"https:\/\/www.profiautos.com.br\/novosite\/wp-json\/wp\/v2\/media\/3724"}],"wp:attachment":[{"href":"https:\/\/www.profiautos.com.br\/novosite\/wp-json\/wp\/v2\/media?parent=2461"}],"wp:term":[{"taxonomy":"product_cat","embeddable":true,"href":"https:\/\/www.profiautos.com.br\/novosite\/wp-json\/wp\/v2\/product_cat?post=2461"},{"taxonomy":"product_tag","embeddable":true,"href":"https:\/\/www.profiautos.com.br\/novosite\/wp-json\/wp\/v2\/product_tag?post=2461"}],"curies":[{"name":"wp","href":"https:\/\/api.w.org\/{rel}","templated":true}]}}