{"id":2394,"date":"2018-10-26T12:45:34","date_gmt":"2018-10-26T15:45:34","guid":{"rendered":"http:\/\/www.profiautos.com.br\/novosite\/?post_type=product&#038;p=2394"},"modified":"2021-07-08T09:35:16","modified_gmt":"2021-07-08T12:35:16","slug":"chave-extrator-cassete-k7-super-b-tb1445-com-braco-pino-bike","status":"publish","type":"product","link":"https:\/\/www.profiautos.com.br\/novosite\/produto\/chave-extrator-cassete-k7-super-b-tb1445-com-braco-pino-bike\/","title":{"rendered":"Chave Extratora De Pedivela Super B Tb-6485"},"content":{"rendered":"<p>&#8211; Marca: Super B<\/p>\n<p>&#8211; Modelo: TB-6485<\/p>\n<p>&#8211; Linha Classic<\/p>\n<p>&#8211; Chave extratora de pedivelas Standart e Shimano Octalink<\/p>\n<p>&#8211; Bra\u00e7o emborrachado para uma melhor pegada<\/p>\n<p>&#8211; Excelente alavanca para uma perfeita manuten\u00e7\u00e3o atenuando o esfor\u00e7o<\/p>\n<p>&#8211; Confeccionado em a\u00e7o de alta qualidade para longevidade da<br \/>\nferramenta<\/p>\n","protected":false},"excerpt":{"rendered":"<p>&#8211; Marca: Super B &#8211; Modelo: TB-6485 &#8211; Linha Classic &#8211; Chave extratora de pedivelas Standart e Shimano Octalink &#8211; Bra\u00e7o emborrachado para uma melhor pegada &#8211; Excelente alavanca para uma perfeita manuten\u00e7\u00e3o atenuando o esfor\u00e7o &#8211; Confeccionado em a\u00e7o de alta qualidade para longevidade da ferramenta<\/p>\n","protected":false},"featured_media":2399,"template":"","meta":{"_exactmetrics_skip_tracking":false,"_exactmetrics_sitenote_active":false,"_exactmetrics_sitenote_note":"","_exactmetrics_sitenote_category":0},"product_cat":[64],"product_tag":[],"class_list":{"0":"post-2394","1":"product","2":"type-product","3":"status-publish","4":"has-post-thumbnail","6":"product_cat-ferramentas-para-bicicletas","8":"first","9":"instock","10":"taxable","11":"shipping-taxable","12":"product-type-simple"},"_links":{"self":[{"href":"https:\/\/www.profiautos.com.br\/novosite\/wp-json\/wp\/v2\/product\/2394"}],"collection":[{"href":"https:\/\/www.profiautos.com.br\/novosite\/wp-json\/wp\/v2\/product"}],"about":[{"href":"https:\/\/www.profiautos.com.br\/novosite\/wp-json\/wp\/v2\/types\/product"}],"wp:featuredmedia":[{"embeddable":true,"href":"https:\/\/www.profiautos.com.br\/novosite\/wp-json\/wp\/v2\/media\/2399"}],"wp:attachment":[{"href":"https:\/\/www.profiautos.com.br\/novosite\/wp-json\/wp\/v2\/media?parent=2394"}],"wp:term":[{"taxonomy":"product_cat","embeddable":true,"href":"https:\/\/www.profiautos.com.br\/novosite\/wp-json\/wp\/v2\/product_cat?post=2394"},{"taxonomy":"product_tag","embeddable":true,"href":"https:\/\/www.profiautos.com.br\/novosite\/wp-json\/wp\/v2\/product_tag?post=2394"}],"curies":[{"name":"wp","href":"https:\/\/api.w.org\/{rel}","templated":true}]}}