{"id":2390,"date":"2018-10-26T10:22:33","date_gmt":"2018-10-26T13:22:33","guid":{"rendered":"http:\/\/www.profiautos.com.br\/novosite\/?post_type=product&#038;p=2390"},"modified":"2021-07-08T09:36:26","modified_gmt":"2021-07-08T12:36:26","slug":"chave-de-cone-super-b-tb-8648-13mm","status":"publish","type":"product","link":"https:\/\/www.profiautos.com.br\/novosite\/produto\/chave-de-cone-super-b-tb-8648-13mm\/","title":{"rendered":"Chave Extratora Mov Central Selado Super B Tb-1455"},"content":{"rendered":"<p>&#8211; Marca: Super B<br \/>\n&#8211; Modelo: TB-1455<br \/>\n&#8211; Linha Classic<br \/>\n&#8211; Excelente empunhadura<br \/>\n&#8211; Cabo emborrachado<br \/>\n&#8211; A\u00e7o de alta qualidade para uma perfeita mec\u00e2nica<br \/>\n&#8211; Indicado para instala\u00e7\u00e3o de movimentos central selado octalink, pontaquadrada (Shimano ou ISIS) para sistemas com 20 dentes.<br \/>\n&#8211; GTIN\/EAN.: 4712765144177<\/p>\n","protected":false},"excerpt":{"rendered":"<p>&#8211; Marca: Super B &#8211; Modelo: TB-1455 &#8211; Linha Classic &#8211; Excelente empunhadura &#8211; Cabo emborrachado &#8211; A\u00e7o de alta qualidade para uma perfeita mec\u00e2nica &#8211; Indicado para instala\u00e7\u00e3o de movimentos central selado octalink, pontaquadrada (Shimano ou ISIS) para sistemas com 20 dentes. &#8211; GTIN\/EAN.: 4712765144177<\/p>\n","protected":false},"featured_media":2392,"template":"","meta":{"_exactmetrics_skip_tracking":false,"_exactmetrics_sitenote_active":false,"_exactmetrics_sitenote_note":"","_exactmetrics_sitenote_category":0},"product_cat":[64],"product_tag":[],"class_list":{"0":"post-2390","1":"product","2":"type-product","3":"status-publish","4":"has-post-thumbnail","6":"product_cat-ferramentas-para-bicicletas","8":"first","9":"instock","10":"taxable","11":"shipping-taxable","12":"product-type-simple"},"_links":{"self":[{"href":"https:\/\/www.profiautos.com.br\/novosite\/wp-json\/wp\/v2\/product\/2390"}],"collection":[{"href":"https:\/\/www.profiautos.com.br\/novosite\/wp-json\/wp\/v2\/product"}],"about":[{"href":"https:\/\/www.profiautos.com.br\/novosite\/wp-json\/wp\/v2\/types\/product"}],"wp:featuredmedia":[{"embeddable":true,"href":"https:\/\/www.profiautos.com.br\/novosite\/wp-json\/wp\/v2\/media\/2392"}],"wp:attachment":[{"href":"https:\/\/www.profiautos.com.br\/novosite\/wp-json\/wp\/v2\/media?parent=2390"}],"wp:term":[{"taxonomy":"product_cat","embeddable":true,"href":"https:\/\/www.profiautos.com.br\/novosite\/wp-json\/wp\/v2\/product_cat?post=2390"},{"taxonomy":"product_tag","embeddable":true,"href":"https:\/\/www.profiautos.com.br\/novosite\/wp-json\/wp\/v2\/product_tag?post=2390"}],"curies":[{"name":"wp","href":"https:\/\/api.w.org\/{rel}","templated":true}]}}