{"id":2339,"date":"2018-09-28T15:49:34","date_gmt":"2018-09-28T18:49:34","guid":{"rendered":"http:\/\/www.profiautos.com.br\/novosite\/?post_type=product&#038;p=2339"},"modified":"2021-07-08T09:37:52","modified_gmt":"2021-07-08T12:37:52","slug":"v-eco-lavagem-a-seco","status":"publish","type":"product","link":"https:\/\/www.profiautos.com.br\/novosite\/produto\/v-eco-lavagem-a-seco\/","title":{"rendered":"V-ECO LAVAGEM A SECO"},"content":{"rendered":"<ul>\n<li>V-ECO &#8211; LAVAGEM A SECO* MARCA : VONIXX* ESPECIFICA\u00c7\u00c3O T\u00c9CNICA :<\/li>\n<\/ul>\n<p>&#8211; LIMPA SEM ATRITO<br \/>\n-ECOLOGICAMENTE CORRETO<br \/>\n&#8211; CONTEM CERA DE CARNA\u00daBA<\/p>\n","protected":false},"excerpt":{"rendered":"<p>V-ECO &#8211; LAVAGEM A SECO* MARCA : VONIXX* ESPECIFICA\u00c7\u00c3O T\u00c9CNICA : &#8211; LIMPA SEM ATRITO -ECOLOGICAMENTE CORRETO &#8211; CONTEM CERA DE CARNA\u00daBA<\/p>\n","protected":false},"featured_media":2342,"template":"","meta":{"_exactmetrics_skip_tracking":false,"_exactmetrics_sitenote_active":false,"_exactmetrics_sitenote_note":"","_exactmetrics_sitenote_category":0},"product_cat":[62],"product_tag":[],"class_list":{"0":"post-2339","1":"product","2":"type-product","3":"status-publish","4":"has-post-thumbnail","6":"product_cat-produtos-vonix","8":"first","9":"instock","10":"taxable","11":"shipping-taxable","12":"product-type-simple"},"_links":{"self":[{"href":"https:\/\/www.profiautos.com.br\/novosite\/wp-json\/wp\/v2\/product\/2339"}],"collection":[{"href":"https:\/\/www.profiautos.com.br\/novosite\/wp-json\/wp\/v2\/product"}],"about":[{"href":"https:\/\/www.profiautos.com.br\/novosite\/wp-json\/wp\/v2\/types\/product"}],"wp:featuredmedia":[{"embeddable":true,"href":"https:\/\/www.profiautos.com.br\/novosite\/wp-json\/wp\/v2\/media\/2342"}],"wp:attachment":[{"href":"https:\/\/www.profiautos.com.br\/novosite\/wp-json\/wp\/v2\/media?parent=2339"}],"wp:term":[{"taxonomy":"product_cat","embeddable":true,"href":"https:\/\/www.profiautos.com.br\/novosite\/wp-json\/wp\/v2\/product_cat?post=2339"},{"taxonomy":"product_tag","embeddable":true,"href":"https:\/\/www.profiautos.com.br\/novosite\/wp-json\/wp\/v2\/product_tag?post=2339"}],"curies":[{"name":"wp","href":"https:\/\/api.w.org\/{rel}","templated":true}]}}