{"id":2336,"date":"2018-09-28T13:18:59","date_gmt":"2018-09-28T16:18:59","guid":{"rendered":"http:\/\/www.profiautos.com.br\/novosite\/?post_type=product&#038;p=2336"},"modified":"2021-07-08T09:38:04","modified_gmt":"2021-07-08T12:38:04","slug":"v-floc-vonixx","status":"publish","type":"product","link":"https:\/\/www.profiautos.com.br\/novosite\/produto\/v-floc-vonixx\/","title":{"rendered":"V-FLOC &#8211; VONIXX"},"content":{"rendered":"<ul>\n<li>V- FLOC : VONIXXMARCA : VONIXX*ESPECIFICA\u00c7\u00c3O T\u00c9CNICA :\n<p>&#8211; ALTO GRAU DE LUBRIFICA\u00c7\u00c3O\u00a0 ;<br \/>\n-PRODUTO NEUTRO ( PH 7 ) ;<br \/>\n-LIMPA E CONDICIONA\u00a0 .<\/li>\n<\/ul>\n","protected":false},"excerpt":{"rendered":"<p>V- FLOC : VONIXXMARCA : VONIXX*ESPECIFICA\u00c7\u00c3O T\u00c9CNICA : &#8211; ALTO GRAU DE LUBRIFICA\u00c7\u00c3O\u00a0 ; -PRODUTO NEUTRO ( PH 7 ) ; -LIMPA E CONDICIONA\u00a0 .<\/p>\n","protected":false},"featured_media":2338,"template":"","meta":{"_exactmetrics_skip_tracking":false,"_exactmetrics_sitenote_active":false,"_exactmetrics_sitenote_note":"","_exactmetrics_sitenote_category":0},"product_cat":[62],"product_tag":[],"class_list":{"0":"post-2336","1":"product","2":"type-product","3":"status-publish","4":"has-post-thumbnail","6":"product_cat-produtos-vonix","8":"first","9":"instock","10":"taxable","11":"shipping-taxable","12":"product-type-simple"},"_links":{"self":[{"href":"https:\/\/www.profiautos.com.br\/novosite\/wp-json\/wp\/v2\/product\/2336"}],"collection":[{"href":"https:\/\/www.profiautos.com.br\/novosite\/wp-json\/wp\/v2\/product"}],"about":[{"href":"https:\/\/www.profiautos.com.br\/novosite\/wp-json\/wp\/v2\/types\/product"}],"wp:featuredmedia":[{"embeddable":true,"href":"https:\/\/www.profiautos.com.br\/novosite\/wp-json\/wp\/v2\/media\/2338"}],"wp:attachment":[{"href":"https:\/\/www.profiautos.com.br\/novosite\/wp-json\/wp\/v2\/media?parent=2336"}],"wp:term":[{"taxonomy":"product_cat","embeddable":true,"href":"https:\/\/www.profiautos.com.br\/novosite\/wp-json\/wp\/v2\/product_cat?post=2336"},{"taxonomy":"product_tag","embeddable":true,"href":"https:\/\/www.profiautos.com.br\/novosite\/wp-json\/wp\/v2\/product_tag?post=2336"}],"curies":[{"name":"wp","href":"https:\/\/api.w.org\/{rel}","templated":true}]}}