{"id":2332,"date":"2018-09-28T12:24:02","date_gmt":"2018-09-28T15:24:02","guid":{"rendered":"http:\/\/www.profiautos.com.br\/novosite\/?post_type=product&#038;p=2332"},"modified":"2021-07-08T09:38:18","modified_gmt":"2021-07-08T12:38:18","slug":"sintra-limpeza-interna","status":"publish","type":"product","link":"https:\/\/www.profiautos.com.br\/novosite\/produto\/sintra-limpeza-interna\/","title":{"rendered":"SINTRA &#8211; LIMPEZA INTERNA"},"content":{"rendered":"<ul>\n<li>SINTRA &#8211; VONIXXMARCA : VONIXX\n<p>ESPECIFICA\u00c7\u00c3O TECNICA :<\/p>\n<p>-ECOLOGICAMENTE CORRETO E IDEAL PARA EXTRATORA E TORNADORA DE ULTRA CONCENTRA\u00c7\u00c3O\u00a0 .<\/li>\n<\/ul>\n","protected":false},"excerpt":{"rendered":"<p>SINTRA &#8211; VONIXXMARCA : VONIXX ESPECIFICA\u00c7\u00c3O TECNICA : -ECOLOGICAMENTE CORRETO E IDEAL PARA EXTRATORA E TORNADORA DE ULTRA CONCENTRA\u00c7\u00c3O\u00a0 .<\/p>\n","protected":false},"featured_media":2333,"template":"","meta":{"_exactmetrics_skip_tracking":false,"_exactmetrics_sitenote_active":false,"_exactmetrics_sitenote_note":"","_exactmetrics_sitenote_category":0},"product_cat":[62],"product_tag":[],"class_list":{"0":"post-2332","1":"product","2":"type-product","3":"status-publish","4":"has-post-thumbnail","6":"product_cat-produtos-vonix","8":"first","9":"instock","10":"taxable","11":"shipping-taxable","12":"product-type-simple"},"_links":{"self":[{"href":"https:\/\/www.profiautos.com.br\/novosite\/wp-json\/wp\/v2\/product\/2332"}],"collection":[{"href":"https:\/\/www.profiautos.com.br\/novosite\/wp-json\/wp\/v2\/product"}],"about":[{"href":"https:\/\/www.profiautos.com.br\/novosite\/wp-json\/wp\/v2\/types\/product"}],"wp:featuredmedia":[{"embeddable":true,"href":"https:\/\/www.profiautos.com.br\/novosite\/wp-json\/wp\/v2\/media\/2333"}],"wp:attachment":[{"href":"https:\/\/www.profiautos.com.br\/novosite\/wp-json\/wp\/v2\/media?parent=2332"}],"wp:term":[{"taxonomy":"product_cat","embeddable":true,"href":"https:\/\/www.profiautos.com.br\/novosite\/wp-json\/wp\/v2\/product_cat?post=2332"},{"taxonomy":"product_tag","embeddable":true,"href":"https:\/\/www.profiautos.com.br\/novosite\/wp-json\/wp\/v2\/product_tag?post=2332"}],"curies":[{"name":"wp","href":"https:\/\/api.w.org\/{rel}","templated":true}]}}