{"id":2330,"date":"2018-09-28T12:19:34","date_gmt":"2018-09-28T15:19:34","guid":{"rendered":"http:\/\/www.profiautos.com.br\/novosite\/?post_type=product&#038;p=2330"},"modified":"2021-07-08T09:38:30","modified_gmt":"2021-07-08T12:38:30","slug":"restaurax-vonixx","status":"publish","type":"product","link":"https:\/\/www.profiautos.com.br\/novosite\/produto\/restaurax-vonixx\/","title":{"rendered":"RESTAURAX &#8211; VONIXX"},"content":{"rendered":"<ul>\n<li>RESTAURAX &#8211; RESTAURADOR DE PLASTICO* MARCA : VONIXX\n<p>&#8211; ESPECIFICA\u00c7\u00c3O T\u00c9CNICA :<\/p>\n<p>&#8211; RENOVA E D\u00c1 BRILHO ;<br \/>\n-PROTEGE CONTRA A\u00c7\u00c3O DO TEMPO ;<br \/>\n-CONT\u00c9M POL\u00cdMEROS DE ULTIMA GERA\u00c7\u00c3O .<\/li>\n<\/ul>\n","protected":false},"excerpt":{"rendered":"<p>RESTAURAX &#8211; RESTAURADOR DE PLASTICO* MARCA : VONIXX &#8211; ESPECIFICA\u00c7\u00c3O T\u00c9CNICA : &#8211; RENOVA E D\u00c1 BRILHO ; -PROTEGE CONTRA A\u00c7\u00c3O DO TEMPO ; -CONT\u00c9M POL\u00cdMEROS DE ULTIMA GERA\u00c7\u00c3O .<\/p>\n","protected":false},"featured_media":2331,"template":"","meta":{"_exactmetrics_skip_tracking":false,"_exactmetrics_sitenote_active":false,"_exactmetrics_sitenote_note":"","_exactmetrics_sitenote_category":0},"product_cat":[62],"product_tag":[],"class_list":{"0":"post-2330","1":"product","2":"type-product","3":"status-publish","4":"has-post-thumbnail","6":"product_cat-produtos-vonix","8":"first","9":"instock","10":"taxable","11":"shipping-taxable","12":"product-type-simple"},"_links":{"self":[{"href":"https:\/\/www.profiautos.com.br\/novosite\/wp-json\/wp\/v2\/product\/2330"}],"collection":[{"href":"https:\/\/www.profiautos.com.br\/novosite\/wp-json\/wp\/v2\/product"}],"about":[{"href":"https:\/\/www.profiautos.com.br\/novosite\/wp-json\/wp\/v2\/types\/product"}],"wp:featuredmedia":[{"embeddable":true,"href":"https:\/\/www.profiautos.com.br\/novosite\/wp-json\/wp\/v2\/media\/2331"}],"wp:attachment":[{"href":"https:\/\/www.profiautos.com.br\/novosite\/wp-json\/wp\/v2\/media?parent=2330"}],"wp:term":[{"taxonomy":"product_cat","embeddable":true,"href":"https:\/\/www.profiautos.com.br\/novosite\/wp-json\/wp\/v2\/product_cat?post=2330"},{"taxonomy":"product_tag","embeddable":true,"href":"https:\/\/www.profiautos.com.br\/novosite\/wp-json\/wp\/v2\/product_tag?post=2330"}],"curies":[{"name":"wp","href":"https:\/\/api.w.org\/{rel}","templated":true}]}}