{"id":2328,"date":"2018-09-28T12:02:44","date_gmt":"2018-09-28T15:02:44","guid":{"rendered":"http:\/\/www.profiautos.com.br\/novosite\/?post_type=product&#038;p=2328"},"modified":"2021-07-08T09:38:58","modified_gmt":"2021-07-08T12:38:58","slug":"v80-vonixx","status":"publish","type":"product","link":"https:\/\/www.profiautos.com.br\/novosite\/produto\/v80-vonixx\/","title":{"rendered":"V80 &#8211; VONIXX"},"content":{"rendered":"<p>V80 &#8211; SELANTE SINT\u00c9TICO<\/p>\n<p>MARCA : VONIXX<\/p>\n<p>* ESPECIFICA\u00c7\u00c3O T\u00c9CNICA :<\/p>\n<p>&#8211; F\u00c1CIL APLICA\u00c7\u00c3O E REMO\u00c7\u00c3O;<br \/>\n-ALTA PROTE\u00c7\u00c3O CONTRA RAIOS UV;<br \/>\n-TECNOLOGIA DE POL\u00cdMEROS HIDROF\u00d3BICOS .<\/p>\n","protected":false},"excerpt":{"rendered":"<p>V80 &#8211; SELANTE SINT\u00c9TICO MARCA : VONIXX * ESPECIFICA\u00c7\u00c3O T\u00c9CNICA : &#8211; F\u00c1CIL APLICA\u00c7\u00c3O E REMO\u00c7\u00c3O; -ALTA PROTE\u00c7\u00c3O CONTRA RAIOS UV; -TECNOLOGIA DE POL\u00cdMEROS HIDROF\u00d3BICOS .<\/p>\n","protected":false},"featured_media":2329,"template":"","meta":{"_exactmetrics_skip_tracking":false,"_exactmetrics_sitenote_active":false,"_exactmetrics_sitenote_note":"","_exactmetrics_sitenote_category":0},"product_cat":[62],"product_tag":[],"class_list":{"0":"post-2328","1":"product","2":"type-product","3":"status-publish","4":"has-post-thumbnail","6":"product_cat-produtos-vonix","8":"first","9":"instock","10":"taxable","11":"shipping-taxable","12":"product-type-simple"},"_links":{"self":[{"href":"https:\/\/www.profiautos.com.br\/novosite\/wp-json\/wp\/v2\/product\/2328"}],"collection":[{"href":"https:\/\/www.profiautos.com.br\/novosite\/wp-json\/wp\/v2\/product"}],"about":[{"href":"https:\/\/www.profiautos.com.br\/novosite\/wp-json\/wp\/v2\/types\/product"}],"wp:featuredmedia":[{"embeddable":true,"href":"https:\/\/www.profiautos.com.br\/novosite\/wp-json\/wp\/v2\/media\/2329"}],"wp:attachment":[{"href":"https:\/\/www.profiautos.com.br\/novosite\/wp-json\/wp\/v2\/media?parent=2328"}],"wp:term":[{"taxonomy":"product_cat","embeddable":true,"href":"https:\/\/www.profiautos.com.br\/novosite\/wp-json\/wp\/v2\/product_cat?post=2328"},{"taxonomy":"product_tag","embeddable":true,"href":"https:\/\/www.profiautos.com.br\/novosite\/wp-json\/wp\/v2\/product_tag?post=2328"}],"curies":[{"name":"wp","href":"https:\/\/api.w.org\/{rel}","templated":true}]}}