{"id":2326,"date":"2018-09-28T11:51:29","date_gmt":"2018-09-28T14:51:29","guid":{"rendered":"http:\/\/www.profiautos.com.br\/novosite\/?post_type=product&#038;p=2326"},"modified":"2021-07-08T09:39:27","modified_gmt":"2021-07-08T12:39:27","slug":"v40-vonixx","status":"publish","type":"product","link":"https:\/\/www.profiautos.com.br\/novosite\/produto\/v40-vonixx\/","title":{"rendered":"V40 &#8211; VONIXX"},"content":{"rendered":"<p>v40\u00a0 &#8211;\u00a0 liquido polidor<\/p>\n<p>&#8211; marca : vonixx<\/p>\n<p>* especifica\u00e7\u00e3o t\u00e9cnica :<br \/>\n-cont\u00e9m cera de carna\u00faba ;<br \/>\n-polidor de alta performance ;<br \/>\n&#8211; corte , refino , lustro e prote\u00e7\u00e3o .<\/p>\n","protected":false},"excerpt":{"rendered":"<p>v40\u00a0 &#8211;\u00a0 liquido polidor &#8211; marca : vonixx * especifica\u00e7\u00e3o t\u00e9cnica : -cont\u00e9m cera de carna\u00faba ; -polidor de alta performance ; &#8211; corte , refino , lustro e prote\u00e7\u00e3o .<\/p>\n","protected":false},"featured_media":2327,"template":"","meta":{"_exactmetrics_skip_tracking":false,"_exactmetrics_sitenote_active":false,"_exactmetrics_sitenote_note":"","_exactmetrics_sitenote_category":0},"product_cat":[62],"product_tag":[],"class_list":{"0":"post-2326","1":"product","2":"type-product","3":"status-publish","4":"has-post-thumbnail","6":"product_cat-produtos-vonix","8":"first","9":"instock","10":"taxable","11":"shipping-taxable","12":"product-type-simple"},"_links":{"self":[{"href":"https:\/\/www.profiautos.com.br\/novosite\/wp-json\/wp\/v2\/product\/2326"}],"collection":[{"href":"https:\/\/www.profiautos.com.br\/novosite\/wp-json\/wp\/v2\/product"}],"about":[{"href":"https:\/\/www.profiautos.com.br\/novosite\/wp-json\/wp\/v2\/types\/product"}],"wp:featuredmedia":[{"embeddable":true,"href":"https:\/\/www.profiautos.com.br\/novosite\/wp-json\/wp\/v2\/media\/2327"}],"wp:attachment":[{"href":"https:\/\/www.profiautos.com.br\/novosite\/wp-json\/wp\/v2\/media?parent=2326"}],"wp:term":[{"taxonomy":"product_cat","embeddable":true,"href":"https:\/\/www.profiautos.com.br\/novosite\/wp-json\/wp\/v2\/product_cat?post=2326"},{"taxonomy":"product_tag","embeddable":true,"href":"https:\/\/www.profiautos.com.br\/novosite\/wp-json\/wp\/v2\/product_tag?post=2326"}],"curies":[{"name":"wp","href":"https:\/\/api.w.org\/{rel}","templated":true}]}}