{"id":2322,"date":"2018-09-28T11:37:46","date_gmt":"2018-09-28T14:37:46","guid":{"rendered":"http:\/\/www.profiautos.com.br\/novosite\/?post_type=product&#038;p=2322"},"modified":"2021-07-08T09:39:59","modified_gmt":"2021-07-08T12:39:59","slug":"limpador-multiacao","status":"publish","type":"product","link":"https:\/\/www.profiautos.com.br\/novosite\/produto\/limpador-multiacao\/","title":{"rendered":"LIMPADOR MULTIA\u00c7\u00c3O"},"content":{"rendered":"<p>* LIMPADOR MULTIA\u00c7\u00c3O :<\/p>\n<p>MARCA : VONIXX<\/p>\n<p>&#8211; ESPECIFICA\u00c7\u00c3O T\u00c9CNICA :<\/p>\n<p>&#8211; REMOVE SUJEIRAS MAIS DIF\u00cdCEIS ;<br \/>\n&#8211; PH balanceado ;<br \/>\n-ecologicamente correto .<\/p>\n","protected":false},"excerpt":{"rendered":"<p>* LIMPADOR MULTIA\u00c7\u00c3O : MARCA : VONIXX &#8211; ESPECIFICA\u00c7\u00c3O T\u00c9CNICA : &#8211; REMOVE SUJEIRAS MAIS DIF\u00cdCEIS ; &#8211; PH balanceado ; -ecologicamente correto .<\/p>\n","protected":false},"featured_media":2323,"template":"","meta":{"_exactmetrics_skip_tracking":false,"_exactmetrics_sitenote_active":false,"_exactmetrics_sitenote_note":"","_exactmetrics_sitenote_category":0},"product_cat":[62],"product_tag":[],"class_list":{"0":"post-2322","1":"product","2":"type-product","3":"status-publish","4":"has-post-thumbnail","6":"product_cat-produtos-vonix","8":"first","9":"instock","10":"taxable","11":"shipping-taxable","12":"product-type-simple"},"_links":{"self":[{"href":"https:\/\/www.profiautos.com.br\/novosite\/wp-json\/wp\/v2\/product\/2322"}],"collection":[{"href":"https:\/\/www.profiautos.com.br\/novosite\/wp-json\/wp\/v2\/product"}],"about":[{"href":"https:\/\/www.profiautos.com.br\/novosite\/wp-json\/wp\/v2\/types\/product"}],"wp:featuredmedia":[{"embeddable":true,"href":"https:\/\/www.profiautos.com.br\/novosite\/wp-json\/wp\/v2\/media\/2323"}],"wp:attachment":[{"href":"https:\/\/www.profiautos.com.br\/novosite\/wp-json\/wp\/v2\/media?parent=2322"}],"wp:term":[{"taxonomy":"product_cat","embeddable":true,"href":"https:\/\/www.profiautos.com.br\/novosite\/wp-json\/wp\/v2\/product_cat?post=2322"},{"taxonomy":"product_tag","embeddable":true,"href":"https:\/\/www.profiautos.com.br\/novosite\/wp-json\/wp\/v2\/product_tag?post=2322"}],"curies":[{"name":"wp","href":"https:\/\/api.w.org\/{rel}","templated":true}]}}