{"id":2320,"date":"2018-09-28T11:32:40","date_gmt":"2018-09-28T14:32:40","guid":{"rendered":"http:\/\/www.profiautos.com.br\/novosite\/?post_type=product&#038;p=2320"},"modified":"2021-07-08T09:39:54","modified_gmt":"2021-07-08T12:39:54","slug":"revitalizador-de-pneus","status":"publish","type":"product","link":"https:\/\/www.profiautos.com.br\/novosite\/produto\/revitalizador-de-pneus\/","title":{"rendered":"REVITALIZADOR DE PNEUS"},"content":{"rendered":"<p>REVITALIZADOR DE PNEUS<\/p>\n<p>&#8211; MARCA : VINI XX<\/p>\n<p>* ESPECIFICA\u00c7\u00c3O T\u00c9CNICA :<\/p>\n<p>-BRILHO INTENSO E DURADOURO ;<br \/>\n&#8211; N\u00c3O SAI NA CHUVA ;<br \/>\n-TOTAL PROTE\u00c7\u00c3O .<\/p>\n<p>&nbsp;<\/p>\n","protected":false},"excerpt":{"rendered":"<p>REVITALIZADOR DE PNEUS &#8211; MARCA : VINI XX * ESPECIFICA\u00c7\u00c3O T\u00c9CNICA : -BRILHO INTENSO E DURADOURO ; &#8211; N\u00c3O SAI NA CHUVA ; -TOTAL PROTE\u00c7\u00c3O . &nbsp;<\/p>\n","protected":false},"featured_media":2321,"template":"","meta":{"_exactmetrics_skip_tracking":false,"_exactmetrics_sitenote_active":false,"_exactmetrics_sitenote_note":"","_exactmetrics_sitenote_category":0},"product_cat":[62],"product_tag":[],"class_list":{"0":"post-2320","1":"product","2":"type-product","3":"status-publish","4":"has-post-thumbnail","6":"product_cat-produtos-vonix","8":"first","9":"instock","10":"taxable","11":"shipping-taxable","12":"product-type-simple"},"_links":{"self":[{"href":"https:\/\/www.profiautos.com.br\/novosite\/wp-json\/wp\/v2\/product\/2320"}],"collection":[{"href":"https:\/\/www.profiautos.com.br\/novosite\/wp-json\/wp\/v2\/product"}],"about":[{"href":"https:\/\/www.profiautos.com.br\/novosite\/wp-json\/wp\/v2\/types\/product"}],"wp:featuredmedia":[{"embeddable":true,"href":"https:\/\/www.profiautos.com.br\/novosite\/wp-json\/wp\/v2\/media\/2321"}],"wp:attachment":[{"href":"https:\/\/www.profiautos.com.br\/novosite\/wp-json\/wp\/v2\/media?parent=2320"}],"wp:term":[{"taxonomy":"product_cat","embeddable":true,"href":"https:\/\/www.profiautos.com.br\/novosite\/wp-json\/wp\/v2\/product_cat?post=2320"},{"taxonomy":"product_tag","embeddable":true,"href":"https:\/\/www.profiautos.com.br\/novosite\/wp-json\/wp\/v2\/product_tag?post=2320"}],"curies":[{"name":"wp","href":"https:\/\/api.w.org\/{rel}","templated":true}]}}