{"id":2318,"date":"2018-09-28T11:27:55","date_gmt":"2018-09-28T14:27:55","guid":{"rendered":"http:\/\/www.profiautos.com.br\/novosite\/?post_type=product&#038;p=2318"},"modified":"2021-07-08T09:40:05","modified_gmt":"2021-07-08T12:40:05","slug":"higicouro","status":"publish","type":"product","link":"https:\/\/www.profiautos.com.br\/novosite\/produto\/higicouro\/","title":{"rendered":"HIGICOURO"},"content":{"rendered":"<ul>\n<li>\u00a0 HIGICOURO<br \/>\n&#8211; MARCA : VONIXX* ESPECIFICA\u00c7\u00c3O T\u00c9CNICA :<\/p>\n<p>-LIMPA SEM AGREDIR<br \/>\n-ELIMINA \u00c1CAROS E MOFO<br \/>\n-PROTEGE E RENOVA<\/li>\n<\/ul>\n","protected":false},"excerpt":{"rendered":"<p>\u00a0 HIGICOURO &#8211; MARCA : VONIXX* ESPECIFICA\u00c7\u00c3O T\u00c9CNICA : -LIMPA SEM AGREDIR -ELIMINA \u00c1CAROS E MOFO -PROTEGE E RENOVA<\/p>\n","protected":false},"featured_media":2319,"template":"","meta":{"_exactmetrics_skip_tracking":false,"_exactmetrics_sitenote_active":false,"_exactmetrics_sitenote_note":"","_exactmetrics_sitenote_category":0},"product_cat":[62],"product_tag":[],"class_list":{"0":"post-2318","1":"product","2":"type-product","3":"status-publish","4":"has-post-thumbnail","6":"product_cat-produtos-vonix","8":"first","9":"instock","10":"taxable","11":"shipping-taxable","12":"product-type-simple"},"_links":{"self":[{"href":"https:\/\/www.profiautos.com.br\/novosite\/wp-json\/wp\/v2\/product\/2318"}],"collection":[{"href":"https:\/\/www.profiautos.com.br\/novosite\/wp-json\/wp\/v2\/product"}],"about":[{"href":"https:\/\/www.profiautos.com.br\/novosite\/wp-json\/wp\/v2\/types\/product"}],"wp:featuredmedia":[{"embeddable":true,"href":"https:\/\/www.profiautos.com.br\/novosite\/wp-json\/wp\/v2\/media\/2319"}],"wp:attachment":[{"href":"https:\/\/www.profiautos.com.br\/novosite\/wp-json\/wp\/v2\/media?parent=2318"}],"wp:term":[{"taxonomy":"product_cat","embeddable":true,"href":"https:\/\/www.profiautos.com.br\/novosite\/wp-json\/wp\/v2\/product_cat?post=2318"},{"taxonomy":"product_tag","embeddable":true,"href":"https:\/\/www.profiautos.com.br\/novosite\/wp-json\/wp\/v2\/product_tag?post=2318"}],"curies":[{"name":"wp","href":"https:\/\/api.w.org\/{rel}","templated":true}]}}