{"id":2299,"date":"2018-09-27T14:11:12","date_gmt":"2018-09-27T17:11:12","guid":{"rendered":"http:\/\/www.profiautos.com.br\/novosite\/?post_type=product&#038;p=2299"},"modified":"2021-07-08T09:42:25","modified_gmt":"2021-07-08T12:42:25","slug":"cera-carnauba-3-litros","status":"publish","type":"product","link":"https:\/\/www.profiautos.com.br\/novosite\/produto\/cera-carnauba-3-litros\/","title":{"rendered":"CERA CARNA\u00daBA &#8211;  3 LITROS"},"content":{"rendered":"<ul>\n<li>Vonixx Carna\u00faba Plus 3 LITROS.<\/li>\n<\/ul>\n<p>A Cera Limpadora e Protetora CARNA\u00daBA PLUS VONIXX \u00e9 uma exclusividade da VONIXX que foi especialmente desenvolvida com a mais pura cera de carna\u00faba cearense para os apaixonados por carros e profissionais da est\u00e9tica automotiva dos mais exigentes. Sua exclusiva f\u00f3rmula limpa e d\u00e1 excelente prote\u00e7\u00e3o, deixando um brilho de alta profundidade e um impec\u00e1vel acabamento.<\/p>\n<p><strong>MODO DE USAR<\/strong>:<br \/>\n1- Agite bem o produto antes de usar.<br \/>\n2- Aplicar uma pequena quantidade do produto usando o APLICADOR DE ESPUMA VONIXX na superf\u00edcie limpa e seca fazendo movimentos uniformes e circulares.<br \/>\n3- Aguardar secar alguns minutos e remover a cera usando a TOALHA DE MICROFIBRA VONIXX limpo e seco at\u00e9 obter um brilho impec\u00e1vel.<\/p>\n","protected":false},"excerpt":{"rendered":"<p>Vonixx Carna\u00faba Plus 3 LITROS. A Cera Limpadora e Protetora CARNA\u00daBA PLUS VONIXX \u00e9 uma exclusividade da VONIXX que foi especialmente desenvolvida com a mais pura cera de carna\u00faba cearense para os apaixonados por carros e profissionais da est\u00e9tica automotiva dos mais exigentes. Sua exclusiva f\u00f3rmula limpa e d\u00e1 excelente prote\u00e7\u00e3o, deixando um brilho de [&hellip;]<\/p>\n","protected":false},"featured_media":2300,"template":"","meta":{"_exactmetrics_skip_tracking":false,"_exactmetrics_sitenote_active":false,"_exactmetrics_sitenote_note":"","_exactmetrics_sitenote_category":0},"product_cat":[62],"product_tag":[],"class_list":{"0":"post-2299","1":"product","2":"type-product","3":"status-publish","4":"has-post-thumbnail","6":"product_cat-produtos-vonix","8":"first","9":"instock","10":"taxable","11":"shipping-taxable","12":"product-type-simple"},"_links":{"self":[{"href":"https:\/\/www.profiautos.com.br\/novosite\/wp-json\/wp\/v2\/product\/2299"}],"collection":[{"href":"https:\/\/www.profiautos.com.br\/novosite\/wp-json\/wp\/v2\/product"}],"about":[{"href":"https:\/\/www.profiautos.com.br\/novosite\/wp-json\/wp\/v2\/types\/product"}],"wp:featuredmedia":[{"embeddable":true,"href":"https:\/\/www.profiautos.com.br\/novosite\/wp-json\/wp\/v2\/media\/2300"}],"wp:attachment":[{"href":"https:\/\/www.profiautos.com.br\/novosite\/wp-json\/wp\/v2\/media?parent=2299"}],"wp:term":[{"taxonomy":"product_cat","embeddable":true,"href":"https:\/\/www.profiautos.com.br\/novosite\/wp-json\/wp\/v2\/product_cat?post=2299"},{"taxonomy":"product_tag","embeddable":true,"href":"https:\/\/www.profiautos.com.br\/novosite\/wp-json\/wp\/v2\/product_tag?post=2299"}],"curies":[{"name":"wp","href":"https:\/\/api.w.org\/{rel}","templated":true}]}}