{"id":2296,"date":"2018-09-27T13:40:37","date_gmt":"2018-09-27T16:40:37","guid":{"rendered":"http:\/\/www.profiautos.com.br\/novosite\/?post_type=product&#038;p=2296"},"modified":"2021-07-08T09:19:14","modified_gmt":"2021-07-08T12:19:14","slug":"jogo-de-soquete-estriado-1-2","status":"publish","type":"product","link":"https:\/\/www.profiautos.com.br\/novosite\/produto\/jogo-de-soquete-estriado-1-2\/","title":{"rendered":"JOGO DE SOQUETE ESTRIADO 1\/2."},"content":{"rendered":"<ul>\n<li style=\"font-weight: 400;\"><b><span style=\"font-style: inherit;\"><strong style=\"font-style: inherit;\">Jogo de Soquetes \u00bd Pol com 23 Pe\u00e7as *Mayle<\/strong><\/span><\/b><\/li>\n<\/ul>\n<p style=\"font-weight: 400;\"><b><strong style=\"font-style: inherit;\">&#8211; VANTAGENS<\/strong><\/b>:<\/p>\n<ul style=\"font-weight: 400;\">\n<li style=\"font-style: inherit; font-weight: inherit;\">\u00danico que possui ber\u00e7o com 2 nichos para acomodar parafusos e pe\u00e7as pequena;<\/li>\n<li style=\"font-style: inherit; font-weight: inherit;\">Furo na al\u00e7a, ideal para fechar a embalagem com cadeado, evitando o extravio ou perda das pe\u00e7as;<\/li>\n<li style=\"font-style: inherit; font-weight: inherit;\">Estojo organizador termopl\u00e1stico: ber\u00e7os com identifica\u00e7\u00e3o de medidas, de f\u00e1cil visualiza\u00e7\u00e3o. Acomoda as pe\u00e7as de forma que catraca, cabo T e extens\u00e3o n\u00e3o ficam soltas na caixa, garantindo maior conserva\u00e7\u00e3o;<\/li>\n<li style=\"font-style: inherit; font-weight: inherit;\">Medidas mais utilizadas no mercado.<\/li>\n<\/ul>\n<p style=\"font-weight: 400;\"><b><strong style=\"font-style: inherit;\">COMPOSI\u00c7\u00c3O DO JOGO:<\/strong><\/b><\/p>\n<ul style=\"font-weight: 400;\">\n<li style=\"font-style: inherit; font-weight: inherit;\">1 Extens\u00e3o 5\u201d<\/li>\n<li style=\"font-style: inherit; font-weight: inherit;\">1 extens\u00e3o 10\u201d<\/li>\n<li style=\"font-style: inherit; font-weight: inherit;\">1 Catraca revers\u00edvel \u00bd\u201d<\/li>\n<li style=\"font-style: inherit; font-weight: inherit;\">1 Cabo T 10\u201d<\/li>\n<li style=\"font-style: inherit; font-weight: inherit;\">18 soquetes estriados (8, 9, 10, 11, 12, 13, 14, 15, 16, 17, 18, 19, 21, 22, 24, 27, 30 e 32 mm)<\/li>\n<\/ul>\n","protected":false},"excerpt":{"rendered":"<p>Jogo de Soquetes \u00bd Pol com 23 Pe\u00e7as *Mayle &#8211; VANTAGENS: \u00danico que possui ber\u00e7o com 2 nichos para acomodar parafusos e pe\u00e7as pequena; Furo na al\u00e7a, ideal para fechar a embalagem com cadeado, evitando o extravio ou perda das pe\u00e7as; Estojo organizador termopl\u00e1stico: ber\u00e7os com identifica\u00e7\u00e3o de medidas, de f\u00e1cil visualiza\u00e7\u00e3o. Acomoda as pe\u00e7as [&hellip;]<\/p>\n","protected":false},"featured_media":2297,"template":"","meta":{"_exactmetrics_skip_tracking":false,"_exactmetrics_sitenote_active":false,"_exactmetrics_sitenote_note":"","_exactmetrics_sitenote_category":0},"product_cat":[61],"product_tag":[],"class_list":{"0":"post-2296","1":"product","2":"type-product","3":"status-publish","4":"has-post-thumbnail","6":"product_cat-variedade","8":"first","9":"instock","10":"taxable","11":"shipping-taxable","12":"product-type-simple"},"_links":{"self":[{"href":"https:\/\/www.profiautos.com.br\/novosite\/wp-json\/wp\/v2\/product\/2296"}],"collection":[{"href":"https:\/\/www.profiautos.com.br\/novosite\/wp-json\/wp\/v2\/product"}],"about":[{"href":"https:\/\/www.profiautos.com.br\/novosite\/wp-json\/wp\/v2\/types\/product"}],"wp:featuredmedia":[{"embeddable":true,"href":"https:\/\/www.profiautos.com.br\/novosite\/wp-json\/wp\/v2\/media\/2297"}],"wp:attachment":[{"href":"https:\/\/www.profiautos.com.br\/novosite\/wp-json\/wp\/v2\/media?parent=2296"}],"wp:term":[{"taxonomy":"product_cat","embeddable":true,"href":"https:\/\/www.profiautos.com.br\/novosite\/wp-json\/wp\/v2\/product_cat?post=2296"},{"taxonomy":"product_tag","embeddable":true,"href":"https:\/\/www.profiautos.com.br\/novosite\/wp-json\/wp\/v2\/product_tag?post=2296"}],"curies":[{"name":"wp","href":"https:\/\/api.w.org\/{rel}","templated":true}]}}