{"id":2294,"date":"2018-09-27T13:34:09","date_gmt":"2018-09-27T16:34:09","guid":{"rendered":"http:\/\/www.profiautos.com.br\/novosite\/?post_type=product&#038;p=2294"},"modified":"2021-07-08T09:42:32","modified_gmt":"2021-07-08T12:42:32","slug":"politriz-skill","status":"publish","type":"product","link":"https:\/\/www.profiautos.com.br\/novosite\/produto\/politriz-skill\/","title":{"rendered":"POLITRIZ &#8211; SKILL"},"content":{"rendered":"<ul>\n<li>Amplo gatilho, interruptor desenvolvido para melhor ergonomia<\/li>\n<li>Soft start, sistema de in\u00edcio suave<\/li>\n<li>6 n\u00edveis de velocidade vari\u00e1vel, maior controle nas aplica\u00e7\u00f5es .<\/li>\n<\/ul>\n<table id=\"DataTables_Table_0\" class=\"dataTable no-footer dtr-inline\" style=\"height: 242px;\" role=\"grid\" width=\"326\">\n<tbody>\n<tr class=\"odd\" role=\"row\">\n<td>Disco<\/td>\n<td>7&#8243; \/ 180 mm<\/td>\n<\/tr>\n<tr class=\"even\" role=\"row\">\n<td>Pot\u00eancia<\/td>\n<td>1300 W<\/td>\n<\/tr>\n<tr class=\"odd\" role=\"row\">\n<td>Eixo<\/td>\n<td>M 14<\/td>\n<\/tr>\n<tr class=\"even\" role=\"row\">\n<td>Rota\u00e7\u00e3o<\/td>\n<td>600 min-1 \u2013 3,000 min-1<\/td>\n<\/tr>\n<tr class=\"odd\" role=\"row\">\n<td>Peso<\/td>\n<td>3.5 kg<\/td>\n<\/tr>\n<\/tbody>\n<\/table>\n<p>&nbsp;<\/p>\n","protected":false},"excerpt":{"rendered":"<p>Amplo gatilho, interruptor desenvolvido para melhor ergonomia Soft start, sistema de in\u00edcio suave 6 n\u00edveis de velocidade vari\u00e1vel, maior controle nas aplica\u00e7\u00f5es . Disco 7&#8243; \/ 180 mm Pot\u00eancia 1300 W Eixo M 14 Rota\u00e7\u00e3o 600 min-1 \u2013 3,000 min-1 Peso 3.5 kg &nbsp;<\/p>\n","protected":false},"featured_media":2295,"template":"","meta":{"_exactmetrics_skip_tracking":false,"_exactmetrics_sitenote_active":false,"_exactmetrics_sitenote_note":"","_exactmetrics_sitenote_category":0},"product_cat":[61],"product_tag":[],"class_list":{"0":"post-2294","1":"product","2":"type-product","3":"status-publish","4":"has-post-thumbnail","6":"product_cat-variedade","8":"first","9":"instock","10":"taxable","11":"shipping-taxable","12":"product-type-simple"},"_links":{"self":[{"href":"https:\/\/www.profiautos.com.br\/novosite\/wp-json\/wp\/v2\/product\/2294"}],"collection":[{"href":"https:\/\/www.profiautos.com.br\/novosite\/wp-json\/wp\/v2\/product"}],"about":[{"href":"https:\/\/www.profiautos.com.br\/novosite\/wp-json\/wp\/v2\/types\/product"}],"wp:featuredmedia":[{"embeddable":true,"href":"https:\/\/www.profiautos.com.br\/novosite\/wp-json\/wp\/v2\/media\/2295"}],"wp:attachment":[{"href":"https:\/\/www.profiautos.com.br\/novosite\/wp-json\/wp\/v2\/media?parent=2294"}],"wp:term":[{"taxonomy":"product_cat","embeddable":true,"href":"https:\/\/www.profiautos.com.br\/novosite\/wp-json\/wp\/v2\/product_cat?post=2294"},{"taxonomy":"product_tag","embeddable":true,"href":"https:\/\/www.profiautos.com.br\/novosite\/wp-json\/wp\/v2\/product_tag?post=2294"}],"curies":[{"name":"wp","href":"https:\/\/api.w.org\/{rel}","templated":true}]}}