{"id":2291,"date":"2018-09-27T13:24:57","date_gmt":"2018-09-27T16:24:57","guid":{"rendered":"http:\/\/www.profiautos.com.br\/novosite\/?post_type=product&#038;p=2291"},"modified":"2021-07-08T09:42:39","modified_gmt":"2021-07-08T12:42:39","slug":"serra-circular-skill","status":"publish","type":"product","link":"https:\/\/www.profiautos.com.br\/novosite\/produto\/serra-circular-skill\/","title":{"rendered":"SERRA CIRCULAR &#8211; SKILL"},"content":{"rendered":"<h2 class=\"description__product-title\">Politriz Angular 7 Pol 1.400W 1389 GPO 14 CE 220V BOSCH Politriz angular GPO 14 CE Bosch<\/h2>\n<p>Motor potente de 1.400 W com arranque suave para um processamento sem esfor\u00e7o de grandes superf\u00edcies<br \/>\n6 velocidades de rota\u00e7\u00e3o pr\u00e9-selecion\u00e1veis para processar os mais diversos materiais<br \/>\nA carca\u00e7a da engrenagem coberta com pl\u00e1stico com mais isolamento permite uma posi\u00e7\u00e3o de agarre adicional na carca\u00e7a da engrenagem<br \/>\nEntradas de ar especialmente desenvolvidas para um arrefecimento perfeito do motor e uma maior durabilidade<br \/>\nPunho em D para uma f\u00e1cil adapta\u00e7\u00e3o de agarre em diversas posi\u00e7\u00f5es de trabalho<br \/>\nInterruptor de seguran\u00e7a Tri-Control para uma liga\u00e7\u00e3o controlada da m\u00e1quina<br \/>\nEscovas de carv\u00e3o auto-stop para uma maior prote\u00e7\u00e3o do motor<\/p>\n<p>Dados T\u00e9cnicos: GPO 14 CE Professional<\/p>\n<p>Pot\u00eancia absorvida: 1.400 W<br \/>\nN. de rota\u00e7\u00f5es em vazio: 750 3.000 r.p.m.<br \/>\nPot\u00eancia \u00fatil: 800 W<br \/>\nRosca do veio do disco abrasivo: M 14<br \/>\nPrato de lixar em borracha, 180 mm<br \/>\nCatrabucha tipo tacho, 100 mm<br \/>\nM\u00f3 cer\u00e2mica, 180 mm<br \/>\nEsponja de polir, 160 mm<br \/>\nEscova para superf\u00edcies, 175 mm<br \/>\nPeso: 2,5 kg<\/p>\n<p>Fun\u00e7\u00f5es<\/p>\n<p>Sistema de eletr\u00f4nica<br \/>\nEletr\u00f4nica constante<br \/>\nArrefecimento direto<br \/>\nArranque suave<br \/>\nBloqueio do interruptor<br \/>\nProte\u00e7\u00e3o contra sobrecargas<br \/>\nInforma\u00e7\u00f5es relativas ao ru\u00eddo e \u00e0s vibra\u00e7\u00f5es \/ Valores de medi\u00e7\u00e3o determinados de acordo com a norma EN 60745 \/ Valores totais de vibra\u00e7\u00e3o (soma dos vetores das tr\u00eas dire\u00e7\u00f5es)<br \/>\nValor de emiss\u00e3o de vibra\u00e7\u00f5es ah: 6.0 m\/s<br \/>\nIncerteza K: 1.5 m\/s<br \/>\nO n\u00edvel sonoro da ferramenta el\u00e9ctrica classificado com A \u00e9 normalmente: n\u00edvel de press\u00e3o sonora 91 dB(A); n\u00edvel de pot\u00eancia sonora 102 dB (A). Incerteza K= 3 dB.<\/p>\n<p>Os dados mais importantes<\/p>\n<p>Pot\u00eancia absorvida 1.400 W<br \/>\nN. de rota\u00e7\u00f5es em vazio 750 3.000 r.p.m.<br \/>\nM\u00f3 cer\u00e2mica, 180 mm .<\/p>\n","protected":false},"excerpt":{"rendered":"<p>Politriz Angular 7 Pol 1.400W 1389 GPO 14 CE 220V BOSCH Politriz angular GPO 14 CE Bosch Motor potente de 1.400 W com arranque suave para um processamento sem esfor\u00e7o de grandes superf\u00edcies 6 velocidades de rota\u00e7\u00e3o pr\u00e9-selecion\u00e1veis para processar os mais diversos materiais A carca\u00e7a da engrenagem coberta com pl\u00e1stico com mais isolamento permite [&hellip;]<\/p>\n","protected":false},"featured_media":2293,"template":"","meta":{"_exactmetrics_skip_tracking":false,"_exactmetrics_sitenote_active":false,"_exactmetrics_sitenote_note":"","_exactmetrics_sitenote_category":0},"product_cat":[61],"product_tag":[],"class_list":{"0":"post-2291","1":"product","2":"type-product","3":"status-publish","4":"has-post-thumbnail","6":"product_cat-variedade","8":"first","9":"instock","10":"taxable","11":"shipping-taxable","12":"product-type-simple"},"_links":{"self":[{"href":"https:\/\/www.profiautos.com.br\/novosite\/wp-json\/wp\/v2\/product\/2291"}],"collection":[{"href":"https:\/\/www.profiautos.com.br\/novosite\/wp-json\/wp\/v2\/product"}],"about":[{"href":"https:\/\/www.profiautos.com.br\/novosite\/wp-json\/wp\/v2\/types\/product"}],"wp:featuredmedia":[{"embeddable":true,"href":"https:\/\/www.profiautos.com.br\/novosite\/wp-json\/wp\/v2\/media\/2293"}],"wp:attachment":[{"href":"https:\/\/www.profiautos.com.br\/novosite\/wp-json\/wp\/v2\/media?parent=2291"}],"wp:term":[{"taxonomy":"product_cat","embeddable":true,"href":"https:\/\/www.profiautos.com.br\/novosite\/wp-json\/wp\/v2\/product_cat?post=2291"},{"taxonomy":"product_tag","embeddable":true,"href":"https:\/\/www.profiautos.com.br\/novosite\/wp-json\/wp\/v2\/product_tag?post=2291"}],"curies":[{"name":"wp","href":"https:\/\/api.w.org\/{rel}","templated":true}]}}