{"id":2289,"date":"2018-09-27T13:12:51","date_gmt":"2018-09-27T16:12:51","guid":{"rendered":"http:\/\/www.profiautos.com.br\/novosite\/?post_type=product&#038;p=2289"},"modified":"2021-07-08T09:42:50","modified_gmt":"2021-07-08T12:42:50","slug":"gravador-eletrico-dremel","status":"publish","type":"product","link":"https:\/\/www.profiautos.com.br\/novosite\/produto\/gravador-eletrico-dremel\/","title":{"rendered":"GRAVADOR EL\u00c9TRICO &#8211; DREMEL"},"content":{"rendered":"<p>Com o novo gravador Dremel , voc\u00ea pode gravar e decorar uma infinidade de materiais, incluindo: metais, pl\u00e1stico, vidro, cer\u00e2mica, madeira e couro.<br \/>\nEntre os atributos da m\u00e1quina: o controle de grava\u00e7\u00e3o vari\u00e1vel e o corpo leve e emborrachado garantem conforto e controle durante o trabalho.<br \/>\nPersonalize seus objetos de valor.<br \/>\nDecore metal, vidro e pedra com um toque pessoal.<\/p>\n","protected":false},"excerpt":{"rendered":"<p>Com o novo gravador Dremel , voc\u00ea pode gravar e decorar uma infinidade de materiais, incluindo: metais, pl\u00e1stico, vidro, cer\u00e2mica, madeira e couro. Entre os atributos da m\u00e1quina: o controle de grava\u00e7\u00e3o vari\u00e1vel e o corpo leve e emborrachado garantem conforto e controle durante o trabalho. Personalize seus objetos de valor. Decore metal, vidro e [&hellip;]<\/p>\n","protected":false},"featured_media":2290,"template":"","meta":{"_exactmetrics_skip_tracking":false,"_exactmetrics_sitenote_active":false,"_exactmetrics_sitenote_note":"","_exactmetrics_sitenote_category":0},"product_cat":[61],"product_tag":[],"class_list":{"0":"post-2289","1":"product","2":"type-product","3":"status-publish","4":"has-post-thumbnail","6":"product_cat-variedade","8":"first","9":"instock","10":"taxable","11":"shipping-taxable","12":"product-type-simple"},"_links":{"self":[{"href":"https:\/\/www.profiautos.com.br\/novosite\/wp-json\/wp\/v2\/product\/2289"}],"collection":[{"href":"https:\/\/www.profiautos.com.br\/novosite\/wp-json\/wp\/v2\/product"}],"about":[{"href":"https:\/\/www.profiautos.com.br\/novosite\/wp-json\/wp\/v2\/types\/product"}],"wp:featuredmedia":[{"embeddable":true,"href":"https:\/\/www.profiautos.com.br\/novosite\/wp-json\/wp\/v2\/media\/2290"}],"wp:attachment":[{"href":"https:\/\/www.profiautos.com.br\/novosite\/wp-json\/wp\/v2\/media?parent=2289"}],"wp:term":[{"taxonomy":"product_cat","embeddable":true,"href":"https:\/\/www.profiautos.com.br\/novosite\/wp-json\/wp\/v2\/product_cat?post=2289"},{"taxonomy":"product_tag","embeddable":true,"href":"https:\/\/www.profiautos.com.br\/novosite\/wp-json\/wp\/v2\/product_tag?post=2289"}],"curies":[{"name":"wp","href":"https:\/\/api.w.org\/{rel}","templated":true}]}}