{"id":2267,"date":"2022-04-04T13:00:17","date_gmt":"2022-04-04T16:00:17","guid":{"rendered":"http:\/\/www.profiautos.com.br\/novosite\/?post_type=product&#038;p=2267"},"modified":"2025-07-31T10:34:24","modified_gmt":"2025-07-31T13:34:24","slug":"pintura-automotva-fast-rapida-sabados","status":"publish","type":"product","link":"https:\/\/www.profiautos.com.br\/novosite\/produto\/pintura-automotva-fast-rapida-sabados\/","title":{"rendered":"PINTURA AUTOMOTIVA FAST (R\u00c1PIDA) &#8211; S\u00c1BADOS"},"content":{"rendered":"<p><strong>PINTURA AUTOMOTIVA FAST (R\u00c1PIDA) &#8211; S\u00c1BADOS<\/strong><\/p>\n<p><strong>CONTE\u00daDO PROGRAM\u00c1TICO:<\/strong><\/p>\n<ul>\n<li>Prepara\u00e7\u00e3o de pintura;<\/li>\n<li>Aplica\u00e7\u00e3o de massa;<\/li>\n<li>Conceitos de cat\u00e1lise;<\/li>\n<li>Tipos de aplica\u00e7\u00e3o;<\/li>\n<li>Aplica\u00e7\u00e3o de Primer;<\/li>\n<li>Cat\u00e1lise e dilui\u00e7\u00e3o;<\/li>\n<li>Conceitos de lixamento;<\/li>\n<li>Aplica\u00e7\u00e3o de tinta base poli\u00e9ster;<\/li>\n<li>Tipos de aplica\u00e7\u00e3o;<\/li>\n<li>T\u00e9cnicas de aplica\u00e7\u00e3o de verniz;<\/li>\n<li>Polimento.<\/li>\n<\/ul>\n<p><strong>OBS:<\/strong> Pintura Fast \u00e9 um conceito revista revolucion\u00e1rio que ensina a desenvolver uma pintura e entregar polido 1 a 2 pe\u00e7as em no m\u00e1ximo 4 horas!<\/p>\n<p><strong>Dura\u00e7\u00e3o:<\/strong> 2 S\u00e1bados (20 horas);<\/p>\n<p><strong>Per\u00edodo: Forma\u00e7\u00e3o<\/strong><\/p>\n<p><strong>Hor\u00e1rio das aulas:<\/strong>\u00a0S\u00e1bados (08:00 \u00e0s 13:00);<\/p>\n<p><strong>Incluso:<\/strong> Material Did\u00e1tico e Certificado de Participa\u00e7\u00e3o;<\/p>\n<p><strong>Formas de Pagamento:<\/strong> A vista ou at\u00e9 3x sem juros no Cart\u00e3o de Cr\u00e9dito.<\/p>\n","protected":false},"excerpt":{"rendered":"<p>PINTURA AUTOMOTIVA FAST (R\u00c1PIDA) &#8211; S\u00c1BADOS CONTE\u00daDO PROGRAM\u00c1TICO: Prepara\u00e7\u00e3o de pintura; Aplica\u00e7\u00e3o de massa; Conceitos de cat\u00e1lise; Tipos de aplica\u00e7\u00e3o; Aplica\u00e7\u00e3o de Primer; Cat\u00e1lise e dilui\u00e7\u00e3o; Conceitos de lixamento; Aplica\u00e7\u00e3o de tinta base poli\u00e9ster; Tipos de aplica\u00e7\u00e3o; T\u00e9cnicas de aplica\u00e7\u00e3o de verniz; Polimento. OBS: Pintura Fast \u00e9 um conceito revista revolucion\u00e1rio que ensina a desenvolver [&hellip;]<\/p>\n","protected":false},"featured_media":3442,"template":"","meta":{"_exactmetrics_skip_tracking":false,"_exactmetrics_sitenote_active":false,"_exactmetrics_sitenote_note":"","_exactmetrics_sitenote_category":0},"product_cat":[8,14],"product_tag":[],"class_list":{"0":"post-2267","1":"product","2":"type-product","3":"status-publish","4":"has-post-thumbnail","6":"product_cat-cursos-automotivos","7":"product_cat-cursos-com-matriculas-abertas","9":"first","10":"instock","11":"taxable","12":"shipping-taxable","13":"purchasable","14":"product-type-simple"},"_links":{"self":[{"href":"https:\/\/www.profiautos.com.br\/novosite\/wp-json\/wp\/v2\/product\/2267"}],"collection":[{"href":"https:\/\/www.profiautos.com.br\/novosite\/wp-json\/wp\/v2\/product"}],"about":[{"href":"https:\/\/www.profiautos.com.br\/novosite\/wp-json\/wp\/v2\/types\/product"}],"wp:featuredmedia":[{"embeddable":true,"href":"https:\/\/www.profiautos.com.br\/novosite\/wp-json\/wp\/v2\/media\/3442"}],"wp:attachment":[{"href":"https:\/\/www.profiautos.com.br\/novosite\/wp-json\/wp\/v2\/media?parent=2267"}],"wp:term":[{"taxonomy":"product_cat","embeddable":true,"href":"https:\/\/www.profiautos.com.br\/novosite\/wp-json\/wp\/v2\/product_cat?post=2267"},{"taxonomy":"product_tag","embeddable":true,"href":"https:\/\/www.profiautos.com.br\/novosite\/wp-json\/wp\/v2\/product_tag?post=2267"}],"curies":[{"name":"wp","href":"https:\/\/api.w.org\/{rel}","templated":true}]}}