{"id":2239,"date":"2018-08-14T17:08:02","date_gmt":"2018-08-14T20:08:02","guid":{"rendered":"http:\/\/www.profiautos.com.br\/novosite\/?post_type=product&#038;p=2239"},"modified":"2021-07-08T09:19:59","modified_gmt":"2021-07-08T12:19:59","slug":"jogo-de-macho-e-vira-macho-eda","status":"publish","type":"product","link":"https:\/\/www.profiautos.com.br\/novosite\/produto\/jogo-de-macho-e-vira-macho-eda\/","title":{"rendered":"JOGO DE MACHO E VIRA MACHO &#8211; EDA"},"content":{"rendered":"<p><strong>Jogo de Macho Manual com Vira Macho 8 Pe\u00e7as 9VD EDA<\/strong><\/p>\n<p>Jogo de Macho Manual com 1 vira macho e 7 machos nas medidas: Medidas dos machos: M3 x 0.5, M4 x 0.7, M5 x 0.8, M6 x 1.0, M8 x 1.25, M10 x 1.5, M12 x 1.75.<\/p>\n<p>&#8211; Marca: EDA<br \/>\n&#8211; Refer\u00eancia: 9VD<br \/>\n&#8211; Capacidade do vira macho: M3 &#8211; M12 (1\/16 &#8211; 1\/2&#8243;)<br \/>\n&#8211; Medidas dos machos: M3 x 0.5, M4 x 0.7, M5 x 0.8, M6 x 1.0, M8 x 1.25, M10 x 1.5, M12 x 1.75. &#8211; Jogo de Vira macho e desandador<br \/>\n&#8211; Composi\u00e7\u00e3o: A\u00e7o GCR15<br \/>\n&#8211; Alto brilho com detalhes em fosco<br \/>\n&#8211; Peso: 250 gramas .<\/p>\n","protected":false},"excerpt":{"rendered":"<p>Jogo de Macho Manual com Vira Macho 8 Pe\u00e7as 9VD EDA Jogo de Macho Manual com 1 vira macho e 7 machos nas medidas: Medidas dos machos: M3 x 0.5, M4 x 0.7, M5 x 0.8, M6 x 1.0, M8 x 1.25, M10 x 1.5, M12 x 1.75. &#8211; Marca: EDA &#8211; Refer\u00eancia: 9VD &#8211; [&hellip;]<\/p>\n","protected":false},"featured_media":2240,"template":"","meta":{"_exactmetrics_skip_tracking":false,"_exactmetrics_sitenote_active":false,"_exactmetrics_sitenote_note":"","_exactmetrics_sitenote_category":0},"product_cat":[25,30],"product_tag":[],"class_list":{"0":"post-2239","1":"product","2":"type-product","3":"status-publish","4":"has-post-thumbnail","6":"product_cat-especiais","7":"product_cat-ferramentas","9":"first","10":"instock","11":"taxable","12":"shipping-taxable","13":"product-type-simple"},"_links":{"self":[{"href":"https:\/\/www.profiautos.com.br\/novosite\/wp-json\/wp\/v2\/product\/2239"}],"collection":[{"href":"https:\/\/www.profiautos.com.br\/novosite\/wp-json\/wp\/v2\/product"}],"about":[{"href":"https:\/\/www.profiautos.com.br\/novosite\/wp-json\/wp\/v2\/types\/product"}],"wp:featuredmedia":[{"embeddable":true,"href":"https:\/\/www.profiautos.com.br\/novosite\/wp-json\/wp\/v2\/media\/2240"}],"wp:attachment":[{"href":"https:\/\/www.profiautos.com.br\/novosite\/wp-json\/wp\/v2\/media?parent=2239"}],"wp:term":[{"taxonomy":"product_cat","embeddable":true,"href":"https:\/\/www.profiautos.com.br\/novosite\/wp-json\/wp\/v2\/product_cat?post=2239"},{"taxonomy":"product_tag","embeddable":true,"href":"https:\/\/www.profiautos.com.br\/novosite\/wp-json\/wp\/v2\/product_tag?post=2239"}],"curies":[{"name":"wp","href":"https:\/\/api.w.org\/{rel}","templated":true}]}}